{"id":120,"date":"2022-03-10T00:16:57","date_gmt":"2022-03-09T23:16:57","guid":{"rendered":"https:\/\/szigbad.hu.webhost.v-comp.ch\/?page_id=120"},"modified":"2022-03-10T00:55:49","modified_gmt":"2022-03-09T23:55:49","slug":"ars-poetica-2","status":"publish","type":"page","link":"https:\/\/szigbad.hu.webhost.v-comp.ch\/?page_id=120&lang=sk","title":{"rendered":"Ars poetica"},"content":{"rendered":"\n<p>Ku kvalitnej pr\u00edprave strechy alebo izol\u00e1cie s\u00fa potrebn\u00e9 zos\u00faladenia viacero vec\u00ed.<\/p>\n\n\n\n<ul class=\"wp-block-list\"><li>relevantn\u00e9 teoretick\u00e9 vedomosti a n\u00e1uka o materi\u00e1loch<\/li><li>skupina v\u00fdborne pripraven\u00fdch odborn\u00edkov.<br>\u2013 kvalitn\u00e9 materi\u00e1ly<\/li><\/ul>\n\n\n\n<p>Na\u0161a spolo\u010dnos\u0165 sp\u013a\u0148a tieto krit\u00e9ri\u00e1:<\/p>\n\n\n\n<p>Teoretick\u00e9 vedomosti a n\u00e1uku o materi\u00e1loch zabezpe\u010duje n\u00e1\u0161 stavebn\u00fd in\u017einier a odborn\u00fd pracovn\u00edk na izol\u00e1ciu.<\/p>\n\n\n\n<p>Na\u0161i odborn\u00edci maj\u00fa rozsiahle sk\u00fasenosti a neust\u00e1le roz\u0161iruj\u00fa svoje vedomosti na odborn\u00fdch tr\u00e9ningoch a \u0161koleniach .<\/p>\n\n\n\n<p>Bit\u00famenov\u00fa izol\u00e1ciu pripravujeme iba modifikovan\u00fdm bit\u00famenov\u00fdm plechom, a m\u00e1me ve\u013ek\u00e9 sk\u00fasenosti s izol\u00e1ciou PVC plechami.<\/p>\n","protected":false},"excerpt":{"rendered":"<p>Ku kvalitnej pr\u00edprave strechy alebo izol\u00e1cie s\u00fa potrebn\u00e9 zos\u00faladenia viacero vec\u00ed. relevantn\u00e9 teoretick\u00e9 vedomosti a n\u00e1uka o materi\u00e1loch skupina v\u00fdborne pripraven\u00fdch odborn\u00edkov.\u2013 kvalitn\u00e9 materi\u00e1ly Na\u0161a spolo\u010dnos\u0165 sp\u013a\u0148a tieto krit\u00e9ri\u00e1: Teoretick\u00e9 vedomosti a n\u00e1uku o materi\u00e1loch zabezpe\u010duje n\u00e1\u0161 stavebn\u00fd in\u017einier a odborn\u00fd pracovn\u00edk na izol\u00e1ciu. Na\u0161i odborn\u00edci maj\u00fa rozsiahle sk\u00fasenosti a neust\u00e1le roz\u0161iruj\u00fa svoje vedomosti na &hellip; <a href=\"https:\/\/szigbad.hu.webhost.v-comp.ch\/?page_id=120&#038;lang=sk\" class=\"more-link\">Continue reading<span class=\"screen-reader-text\"> &#8220;Ars poetica&#8221;<\/span><\/a><\/p>\n","protected":false},"author":1,"featured_media":0,"parent":0,"menu_order":0,"comment_status":"closed","ping_status":"closed","template":"","meta":{"footnotes":""},"class_list":["post-120","page","type-page","status-publish","hentry"],"_links":{"self":[{"href":"https:\/\/szigbad.hu.webhost.v-comp.ch\/index.php?rest_route=\/wp\/v2\/pages\/120","targetHints":{"allow":["GET"]}}],"collection":[{"href":"https:\/\/szigbad.hu.webhost.v-comp.ch\/index.php?rest_route=\/wp\/v2\/pages"}],"about":[{"href":"https:\/\/szigbad.hu.webhost.v-comp.ch\/index.php?rest_route=\/wp\/v2\/types\/page"}],"author":[{"embeddable":true,"href":"https:\/\/szigbad.hu.webhost.v-comp.ch\/index.php?rest_route=\/wp\/v2\/users\/1"}],"replies":[{"embeddable":true,"href":"https:\/\/szigbad.hu.webhost.v-comp.ch\/index.php?rest_route=%2Fwp%2Fv2%2Fcomments&post=120"}],"version-history":[{"count":2,"href":"https:\/\/szigbad.hu.webhost.v-comp.ch\/index.php?rest_route=\/wp\/v2\/pages\/120\/revisions"}],"predecessor-version":[{"id":179,"href":"https:\/\/szigbad.hu.webhost.v-comp.ch\/index.php?rest_route=\/wp\/v2\/pages\/120\/revisions\/179"}],"wp:attachment":[{"href":"https:\/\/szigbad.hu.webhost.v-comp.ch\/index.php?rest_route=%2Fwp%2Fv2%2Fmedia&parent=120"}],"curies":[{"name":"wp","href":"https:\/\/api.w.org\/{rel}","templated":true}]}}