{"id":123,"date":"2022-03-10T00:18:20","date_gmt":"2022-03-09T23:18:20","guid":{"rendered":"https:\/\/szigbad.hu.webhost.v-comp.ch\/?page_id=123"},"modified":"2022-03-10T01:04:32","modified_gmt":"2022-03-10T00:04:32","slug":"politika-kvality","status":"publish","type":"page","link":"https:\/\/szigbad.hu.webhost.v-comp.ch\/?page_id=123&lang=sk","title":{"rendered":"Politika kvality"},"content":{"rendered":"\n<h2 class=\"wp-block-heading\">Vyhl\u00e1senie o politike kvality<\/h2>\n\n\n\n<p>V\u0161eobecn\u00fdm cie\u013eom na\u0161ej firmy je zabezpe\u010di\u0165 dlhodob\u00fd \u00faspech na\u0161ej \u010dinnosti, a garantova\u0165 pre na\u0161ich z\u00e1kazn\u00edkov, akcion\u00e1rov spokojnos\u0165 , aby sme sp\u013a\u0148ali po\u017eiadavky na\u0161ej spolo\u010dnosti.<\/p>\n\n\n\n<p>Na\u0161im cie\u013eom je,<\/p>\n\n\n\n<ul class=\"wp-block-list\"><li>Zabezpe\u010di\u0165 spokojnos\u0165 na\u0161ich z\u00e1kazn\u00edkov, a na z\u00e1klade zml\u00fav spravi\u0165 presn\u00e9 a \u00fapln\u00e9 realiz\u00e1cie.<\/li><li>Prevencia s\u0165a\u017enost\u00ed<\/li><li>Neust\u00e1le zvy\u0161ovanie \u00farovne na\u0161ej \u010dinnosti, s vyu\u017eit\u00edm v\u00fdsledkov inov\u00e1cie v odbore.<\/li><li>Na\u0161u aktivitu vykon\u00e1vame s vysoko kvalifikovan\u00fdmi odborn\u00edkmi, ktor\u00ed pracuj\u00fa na z\u00e1klade mor\u00e1lnych a profesion\u00e1lnych hodn\u00f4t.<\/li><li>Neust\u00e1le zlep\u0161ovanie n\u00e1\u0161ho syst\u00e9mu mana\u017e\u00e9rskej kvality.<\/li><li>Ro\u010dn\u00e9 n\u00e1klady na zlep\u0161enie kvality zvy\u0161ujeme ro\u010dne s 5 percentami.<\/li><\/ul>\n\n\n\n<p>Majitelia Balogh Szig-B\u00e1d s.r.o. vyhlasuj\u00fa:<\/p>\n\n\n\n<ul class=\"wp-block-list\"><li>Zavia\u017ee sa k vyhl\u00e1seniu o politike kvality.<\/li><li>Na\u0161e vedenie v ka\u017edom roku minim\u00e1lne raz kontroluje syst\u00e9m mana\u017e\u00e9rstva kvality<\/li><li>Poskytuje materi\u00e1lne zdroje:<br>&#8211; na dosiahnutie kvalitn\u00fdch cie\u013eov a pl\u00e1nov kvality<br>&#8211; k zachovaniu kvality a rozvoja \u010dinnosti<br>&#8211; pre kvalitu a v\u00fdvoj syst\u00e9mu riadenia<br>&#8211; pre odborn\u00e9 tr\u00e9ningy<\/li><li>Dodr\u017eiavanie pravidiel Pr\u00edru\u010dky kvality je povinn\u00e9 pre v\u0161etk\u00fdch na\u0161ich zamestnancov<\/li><li>Vymenovanie ved\u00faceho, ktor\u00fd sleduje dodr\u017eiavanie a zlep\u0161ovanie kvality<\/li><\/ul>\n\n\n\n<p><\/p>\n","protected":false},"excerpt":{"rendered":"<p>Vyhl\u00e1senie o politike kvality V\u0161eobecn\u00fdm cie\u013eom na\u0161ej firmy je zabezpe\u010di\u0165 dlhodob\u00fd \u00faspech na\u0161ej \u010dinnosti, a garantova\u0165 pre na\u0161ich z\u00e1kazn\u00edkov, akcion\u00e1rov spokojnos\u0165 , aby sme sp\u013a\u0148ali po\u017eiadavky na\u0161ej spolo\u010dnosti. Na\u0161im cie\u013eom je, Zabezpe\u010di\u0165 spokojnos\u0165 na\u0161ich z\u00e1kazn\u00edkov, a na z\u00e1klade zml\u00fav spravi\u0165 presn\u00e9 a \u00fapln\u00e9 realiz\u00e1cie. Prevencia s\u0165a\u017enost\u00ed Neust\u00e1le zvy\u0161ovanie \u00farovne na\u0161ej \u010dinnosti, s vyu\u017eit\u00edm v\u00fdsledkov inov\u00e1cie &hellip; <a href=\"https:\/\/szigbad.hu.webhost.v-comp.ch\/?page_id=123&#038;lang=sk\" class=\"more-link\">Continue reading<span class=\"screen-reader-text\"> &#8220;Politika kvality&#8221;<\/span><\/a><\/p>\n","protected":false},"author":1,"featured_media":0,"parent":0,"menu_order":0,"comment_status":"closed","ping_status":"closed","template":"","meta":{"footnotes":""},"class_list":["post-123","page","type-page","status-publish","hentry"],"_links":{"self":[{"href":"https:\/\/szigbad.hu.webhost.v-comp.ch\/index.php?rest_route=\/wp\/v2\/pages\/123","targetHints":{"allow":["GET"]}}],"collection":[{"href":"https:\/\/szigbad.hu.webhost.v-comp.ch\/index.php?rest_route=\/wp\/v2\/pages"}],"about":[{"href":"https:\/\/szigbad.hu.webhost.v-comp.ch\/index.php?rest_route=\/wp\/v2\/types\/page"}],"author":[{"embeddable":true,"href":"https:\/\/szigbad.hu.webhost.v-comp.ch\/index.php?rest_route=\/wp\/v2\/users\/1"}],"replies":[{"embeddable":true,"href":"https:\/\/szigbad.hu.webhost.v-comp.ch\/index.php?rest_route=%2Fwp%2Fv2%2Fcomments&post=123"}],"version-history":[{"count":2,"href":"https:\/\/szigbad.hu.webhost.v-comp.ch\/index.php?rest_route=\/wp\/v2\/pages\/123\/revisions"}],"predecessor-version":[{"id":183,"href":"https:\/\/szigbad.hu.webhost.v-comp.ch\/index.php?rest_route=\/wp\/v2\/pages\/123\/revisions\/183"}],"wp:attachment":[{"href":"https:\/\/szigbad.hu.webhost.v-comp.ch\/index.php?rest_route=%2Fwp%2Fv2%2Fmedia&parent=123"}],"curies":[{"name":"wp","href":"https:\/\/api.w.org\/{rel}","templated":true}]}}