{"id":131,"date":"2022-03-10T00:19:46","date_gmt":"2022-03-09T23:19:46","guid":{"rendered":"https:\/\/szigbad.hu.webhost.v-comp.ch\/?page_id=131"},"modified":"2022-03-10T01:06:00","modified_gmt":"2022-03-10T00:06:00","slug":"kontakty","status":"publish","type":"page","link":"https:\/\/szigbad.hu.webhost.v-comp.ch\/?page_id=131&lang=sk","title":{"rendered":"Kontakty"},"content":{"rendered":"\n<figure class=\"wp-block-table\"><table><tbody><tr><td><em><strong>\u00dadaje o spolo\u010dnosti:<\/strong><\/em>&nbsp;<\/td><\/tr><tr><td>Meno spolo\u010dnosti:<\/td><td>Balogh Szig-B\u00e1d Kft.<\/td><\/tr><tr><td>Tel.\/Fax:<\/td><td>00-36-33-523-185<\/td><\/tr><tr><td>S\u00eddlo:<\/td><td>2500 Esztergom, M\u00e1ty\u00e1s kir\u00e1ly \u00fat 50.<\/td><\/tr><tr><td>Postov\u00e1 adresa:<\/td><td>Balogh Szig-B\u00e1d Kft.<br>2500 Esztergom Pf:11<\/td><\/tr><tr><td>da\u0148ov\u00e9 identifika\u010dn\u00e9 \u010d\u00edslo:<\/td><td>12687376-2-11<\/td><\/tr><tr><td>\u010d\u00edslo bankov\u00e9ho \u00fa\u010dtu:<\/td><td>CIB:10700361-25478903-51100005<\/td><\/tr><tr><td>&nbsp;<\/td><td>K&amp;H:10403648-36452532-0000000<\/td><\/tr><tr><td>&nbsp;<\/td><td>&nbsp;<\/td><\/tr><tr><td><em><strong>Kontakt:<\/strong><\/em>&nbsp;<\/td><\/tr><tr><td>Balogh Lajos:<\/td><td>06-30\/9973-071<\/td><\/tr><tr><td>Balogh P\u00e9ter:<\/td><td>06-30\/9281-140<\/td><\/tr><tr><td>e-mail:<\/td><td><a href=\"mailto:peter@baloghszigbad.hu?subject=WEB%20kapcsolat\">peter@baloghszigbad.hu<\/a><\/td><\/tr><\/tbody><\/table><\/figure>\n","protected":false},"excerpt":{"rendered":"<p>\u00dadaje o spolo\u010dnosti:&nbsp; Meno spolo\u010dnosti: Balogh Szig-B\u00e1d Kft. Tel.\/Fax: 00-36-33-523-185 S\u00eddlo: 2500 Esztergom, M\u00e1ty\u00e1s kir\u00e1ly \u00fat 50. Postov\u00e1 adresa: Balogh Szig-B\u00e1d Kft.2500 Esztergom Pf:11 da\u0148ov\u00e9 identifika\u010dn\u00e9 \u010d\u00edslo: 12687376-2-11 \u010d\u00edslo bankov\u00e9ho \u00fa\u010dtu: CIB:10700361-25478903-51100005 &nbsp; K&amp;H:10403648-36452532-0000000 &nbsp; &nbsp; Kontakt:&nbsp; Balogh Lajos: 06-30\/9973-071 Balogh P\u00e9ter: 06-30\/9281-140 e-mail: peter@baloghszigbad.hu<\/p>\n","protected":false},"author":1,"featured_media":0,"parent":0,"menu_order":0,"comment_status":"closed","ping_status":"closed","template":"","meta":{"footnotes":""},"class_list":["post-131","page","type-page","status-publish","hentry"],"_links":{"self":[{"href":"https:\/\/szigbad.hu.webhost.v-comp.ch\/index.php?rest_route=\/wp\/v2\/pages\/131","targetHints":{"allow":["GET"]}}],"collection":[{"href":"https:\/\/szigbad.hu.webhost.v-comp.ch\/index.php?rest_route=\/wp\/v2\/pages"}],"about":[{"href":"https:\/\/szigbad.hu.webhost.v-comp.ch\/index.php?rest_route=\/wp\/v2\/types\/page"}],"author":[{"embeddable":true,"href":"https:\/\/szigbad.hu.webhost.v-comp.ch\/index.php?rest_route=\/wp\/v2\/users\/1"}],"replies":[{"embeddable":true,"href":"https:\/\/szigbad.hu.webhost.v-comp.ch\/index.php?rest_route=%2Fwp%2Fv2%2Fcomments&post=131"}],"version-history":[{"count":2,"href":"https:\/\/szigbad.hu.webhost.v-comp.ch\/index.php?rest_route=\/wp\/v2\/pages\/131\/revisions"}],"predecessor-version":[{"id":184,"href":"https:\/\/szigbad.hu.webhost.v-comp.ch\/index.php?rest_route=\/wp\/v2\/pages\/131\/revisions\/184"}],"wp:attachment":[{"href":"https:\/\/szigbad.hu.webhost.v-comp.ch\/index.php?rest_route=%2Fwp%2Fv2%2Fmedia&parent=131"}],"curies":[{"name":"wp","href":"https:\/\/api.w.org\/{rel}","templated":true}]}}