{"id":244,"date":"2023-03-30T22:08:01","date_gmt":"2023-03-30T20:08:01","guid":{"rendered":"https:\/\/szigbad.hu.webhost.v-comp.ch\/?page_id=244"},"modified":"2023-03-30T22:37:00","modified_gmt":"2023-03-30T20:37:00","slug":"1997-evi-referencialista","status":"publish","type":"page","link":"https:\/\/szigbad.hu.webhost.v-comp.ch\/?page_id=244","title":{"rendered":"1997. \u00e9vi referencialista"},"content":{"rendered":"\n<figure class=\"wp-block-table\"><table><tbody><tr><td>1.<\/td><td>Richter Gedeon Vegy\u00e9szeti Gy\u00e1r RT.<\/td><td class=\"has-text-align-right\" data-align=\"right\">2.300 m<sup>2<\/sup><\/td><\/tr><tr><td>2.<\/td><td>Lak\u00e1sfenntar\u00f3 Sz\u00f6vetkezet Esztergom<\/td><td class=\"has-text-align-right\" data-align=\"right\">800 m<sup>2<\/sup><\/td><\/tr><tr><td>3.<\/td><td>Sz\u0151nyi K\u00f6z\u00e9pfok\u00fa Koll\u00e9gium<\/td><td class=\"has-text-align-right\" data-align=\"right\">1.100 m<sup>2<\/sup><\/td><\/tr><tr><td>4.<\/td><td>Piszkei Pap\u00edr Rt. L\u00e1batlan<\/td><td class=\"has-text-align-right\" data-align=\"right\">700 m<sup>2<\/sup><\/td><\/tr><tr><td>5.<\/td><td>PFLEIDERER L\u00e1batlani Vasbetonipari RT.<\/td><td class=\"has-text-align-right\" data-align=\"right\">650 m<sup>2<\/sup><\/td><\/tr><tr><td>6.<\/td><td>Vaszary Kolos K\u00f3rh\u00e1z Esztergom<\/td><td class=\"has-text-align-right\" data-align=\"right\">480 m<sup>2<\/sup><\/td><\/tr><tr><td>7.<\/td><td>Polg\u00e1rmesteri Hivatal Dorog<\/td><td class=\"has-text-align-right\" data-align=\"right\">2.900 m<sup>2<\/sup><\/td><\/tr><tr><td>8.<\/td><td>Papp Andr\u00e1s Mogyor\u00f3sb\u00e1nya<\/td><td class=\"has-text-align-right\" data-align=\"right\">150 m<sup>2<\/sup><\/td><\/tr><tr><td>9.<\/td><td>\u00daj Strigon Kft. Esztergom<\/td><td class=\"has-text-align-right\" data-align=\"right\">400 m<sup>2<\/sup><\/td><\/tr><tr><td>10.<\/td><td>Polg\u00e1rmesteri Hivatal Esztergom<\/td><td class=\"has-text-align-right\" data-align=\"right\">2.400 m<sup>2<\/sup><\/td><\/tr><tr><td>11.<\/td><td>BVOP Esztergom<\/td><td class=\"has-text-align-right\" data-align=\"right\">840 m<sup>2<\/sup><\/td><\/tr><tr><td>12.<\/td><td>Irinyi J\u00e1nos Gimn\u00e1zium Esztergom<\/td><td class=\"has-text-align-right\" data-align=\"right\">310 m<sup>2<\/sup><\/td><\/tr><tr><td>13.<\/td><td>Berzeviczy G. K\u00f6zgazdas\u00e1gi Szakk\u00f6z\u00e9p Iskola<\/td><td class=\"has-text-align-right\" data-align=\"right\">90 m<sup>2<\/sup><\/td><\/tr><tr><td>14.<\/td><td>Dorog Borb\u00e1la ltp. 26 lak\u00f3h\u00e1z<\/td><td class=\"has-text-align-right\" data-align=\"right\">110 m<sup>2<\/sup><\/td><\/tr><tr><td>15.<\/td><td>OKT\u00c1V RT. Esztergom-kertv\u00e1ros<\/td><td class=\"has-text-align-right\" data-align=\"right\">230 m<sup>2<\/sup><\/td><\/tr><tr><td>16.<\/td><td>Unifer Kereskedelmi Kft. L\u00e1batlan<\/td><td class=\"has-text-align-right\" data-align=\"right\">1.700 m<sup>2<\/sup><\/td><\/tr><tr><td>17.<\/td><td>Zoltek RT. Nyerges\u00fajfalu<\/td><td class=\"has-text-align-right\" data-align=\"right\">1.150 m<sup>2<\/sup><\/td><\/tr><tr><td>18.<\/td><td>Esztergom Magyari L. \u00fat 5.<\/td><td class=\"has-text-align-right\" data-align=\"right\">330 m<sup>2<\/sup><\/td><\/tr><tr><td>19.<\/td><td>Technowald Kft. Esztergom-kertv\u00e1ros<\/td><td class=\"has-text-align-right\" data-align=\"right\">780 m<sup>2<\/sup><\/td><\/tr><tr><td>20.<\/td><td>M\u00e1t\u00e9 Kft. Esztergom<\/td><td class=\"has-text-align-right\" data-align=\"right\">690 m<sup>2<\/sup><\/td><\/tr><tr><td>21.<\/td><td>22-es Pannon\u00e9p Alm\u00e1sf\u00fczit\u0151<\/td><td class=\"has-text-align-right\" data-align=\"right\">190 m<sup>2<\/sup><\/td><\/tr><\/tbody><\/table><\/figure>\n","protected":false},"excerpt":{"rendered":"<p>1. Richter Gedeon Vegy\u00e9szeti Gy\u00e1r RT. 2.300 m2 2. Lak\u00e1sfenntar\u00f3 Sz\u00f6vetkezet Esztergom 800 m2 3. Sz\u0151nyi K\u00f6z\u00e9pfok\u00fa Koll\u00e9gium 1.100 m2 4. Piszkei Pap\u00edr Rt. L\u00e1batlan 700 m2 5. PFLEIDERER L\u00e1batlani Vasbetonipari RT. 650 m2 6. Vaszary Kolos K\u00f3rh\u00e1z Esztergom 480 m2 7. Polg\u00e1rmesteri Hivatal Dorog 2.900 m2 8. Papp Andr\u00e1s Mogyor\u00f3sb\u00e1nya 150 m2 9. \u00daj &hellip; <a href=\"https:\/\/szigbad.hu.webhost.v-comp.ch\/?page_id=244\" class=\"more-link\">Continue reading<span class=\"screen-reader-text\"> &#8220;1997. \u00e9vi referencialista&#8221;<\/span><\/a><\/p>\n","protected":false},"author":1,"featured_media":0,"parent":0,"menu_order":0,"comment_status":"closed","ping_status":"closed","template":"","meta":{"footnotes":""},"class_list":["post-244","page","type-page","status-publish","hentry"],"_links":{"self":[{"href":"https:\/\/szigbad.hu.webhost.v-comp.ch\/index.php?rest_route=\/wp\/v2\/pages\/244","targetHints":{"allow":["GET"]}}],"collection":[{"href":"https:\/\/szigbad.hu.webhost.v-comp.ch\/index.php?rest_route=\/wp\/v2\/pages"}],"about":[{"href":"https:\/\/szigbad.hu.webhost.v-comp.ch\/index.php?rest_route=\/wp\/v2\/types\/page"}],"author":[{"embeddable":true,"href":"https:\/\/szigbad.hu.webhost.v-comp.ch\/index.php?rest_route=\/wp\/v2\/users\/1"}],"replies":[{"embeddable":true,"href":"https:\/\/szigbad.hu.webhost.v-comp.ch\/index.php?rest_route=%2Fwp%2Fv2%2Fcomments&post=244"}],"version-history":[{"count":2,"href":"https:\/\/szigbad.hu.webhost.v-comp.ch\/index.php?rest_route=\/wp\/v2\/pages\/244\/revisions"}],"predecessor-version":[{"id":246,"href":"https:\/\/szigbad.hu.webhost.v-comp.ch\/index.php?rest_route=\/wp\/v2\/pages\/244\/revisions\/246"}],"wp:attachment":[{"href":"https:\/\/szigbad.hu.webhost.v-comp.ch\/index.php?rest_route=%2Fwp%2Fv2%2Fmedia&parent=244"}],"curies":[{"name":"wp","href":"https:\/\/api.w.org\/{rel}","templated":true}]}}