{"id":247,"date":"2023-03-30T22:09:23","date_gmt":"2023-03-30T20:09:23","guid":{"rendered":"https:\/\/szigbad.hu.webhost.v-comp.ch\/?page_id=247"},"modified":"2023-03-30T22:37:06","modified_gmt":"2023-03-30T20:37:06","slug":"1998-evi-referencialista","status":"publish","type":"page","link":"https:\/\/szigbad.hu.webhost.v-comp.ch\/?page_id=247","title":{"rendered":"1998. \u00e9vi referencialista"},"content":{"rendered":"\n<figure class=\"wp-block-table\"><table><tbody><tr><td>1.<\/td><td>Szentendrei Pap\u00edr Rt.<\/td><td class=\"has-text-align-right\" data-align=\"right\">&nbsp;300 m<sup>2<\/sup><\/td><\/tr><tr><td>2.<\/td><td>Zoltek Rt. Nyerges\u00fajfalu<\/td><td class=\"has-text-align-right\" data-align=\"right\">&nbsp;1.940 m<sup>2<\/sup><\/td><\/tr><tr><td>3.<\/td><td>Lak\u00e1sfenntart\u00f3 Sz\u00f6vetkezet Esztergom<\/td><td class=\"has-text-align-right\" data-align=\"right\">&nbsp;600 m<sup>2<\/sup><\/td><\/tr><tr><td>4.<\/td><td>\u00daj Strigon Kft. Esztergom<\/td><td class=\"has-text-align-right\" data-align=\"right\">&nbsp;300 m<sup>2<\/sup><\/td><\/tr><tr><td>5.<\/td><td>Richter Gedeon Vegy\u00e9szeti Gy\u00e1r Rt. Dorog<\/td><td class=\"has-text-align-right\" data-align=\"right\">&nbsp;2.500 m<sup>2<\/sup><\/td><\/tr><tr><td>6.<\/td><td>Nauzer Ker\u00e9kp\u00e1r Kft. Csepel<\/td><td class=\"has-text-align-right\" data-align=\"right\">&nbsp;300 m<sup>2<\/sup><\/td><\/tr><tr><td>7.<\/td><td>Cs\u00f6viszsz Kft. Esztergom-Kv lak\u00f3park 61-es \u00e9p\u00fclet<\/td><td class=\"has-text-align-right\" data-align=\"right\">&nbsp;850 m<sup>2<\/sup><\/td><\/tr><tr><td>8.<\/td><td>Pfleiderer Vasbetonipari Rt. L\u00e1batlan<\/td><td class=\"has-text-align-right\" data-align=\"right\">&nbsp;2.700 m<sup>2<\/sup><\/td><\/tr><tr><td>9.<\/td><td>B\u00e1nomi ltp. 30-31 lak\u00f3h\u00e1zak Esztergom<\/td><td class=\"has-text-align-right\" data-align=\"right\">&nbsp;370 m<sup>2<\/sup><\/td><\/tr><tr><td>10.<\/td><td>Ficher-bau Kft, Nyerges\u00fajfalu PVC szigetel\u00e9s<\/td><td class=\"has-text-align-right\" data-align=\"right\">&nbsp;380 m<sup>2<\/sup><\/td><\/tr><tr><td>11.<\/td><td>Balassa m\u00fazeum Esztergom<\/td><td class=\"has-text-align-right\" data-align=\"right\">&nbsp;290 m<sup>2<\/sup><\/td><\/tr><tr><td>12.<\/td><td>Aranyhegyi u. 16 lak\u00f3h\u00e1z Esztergom<\/td><td class=\"has-text-align-right\" data-align=\"right\">&nbsp;300 m<sup>2<\/sup><\/td><\/tr><tr><td>13.<\/td><td>L\u00e1batlani Polg\u00e1rmesteri Hivatal, K\u00f6nyvt\u00e1r<\/td><td class=\"has-text-align-right\" data-align=\"right\">&nbsp;350 m<sup>2<\/sup><\/td><\/tr><tr><td>14.<\/td><td>Zoltek Rt. Nyerges\u00fajfalu PVC szigetel\u00e9s<\/td><td class=\"has-text-align-right\" data-align=\"right\">&nbsp;300 m<sup>2<\/sup><\/td><\/tr><tr><td>15.<\/td><td>Okt\u00e1v Ipari Tov\u00e1bbk\u00e9pz\u0151 Rt. Esztergom-Kv<\/td><td class=\"has-text-align-right\" data-align=\"right\">&nbsp;280 m<sup>2<\/sup><\/td><\/tr><tr><td>16.<\/td><td>Suzuki Rt. Esztergom<\/td><td class=\"has-text-align-right\" data-align=\"right\">&nbsp;140 m<sup>2<\/sup><\/td><\/tr><tr><td>17.<\/td><td>V\u00e9rtes Vol\u00e1n Rt. dorogi m\u0171helycsarnok<\/td><td class=\"has-text-align-right\" data-align=\"right\">&nbsp;900 m<sup>2<\/sup><\/td><\/tr><tr><td>18.<\/td><td>Aranyhegyi u. 10 lak\u00f3h\u00e1z Esztergom<\/td><td class=\"has-text-align-right\" data-align=\"right\">&nbsp;160 m<sup>2<\/sup><\/td><\/tr><tr><td>19.<\/td><td>Polg\u00e1rmesteri Hivatal Esztergom<\/td><td class=\"has-text-align-right\" data-align=\"right\">&nbsp;100 m<sup>2<\/sup><\/td><\/tr><tr><td>20.<\/td><td>Ebsz\u0151nyb\u00e1nya XII-es akna<\/td><td class=\"has-text-align-right\" data-align=\"right\">&nbsp;180 m<sup>2<\/sup><\/td><\/tr><tr><td>21.<\/td><td>Vegy\u00e9pszer Rt. Vaszary Kolos K\u00f3rh\u00e1z Rekonstrukci\u00f3<\/td><td class=\"has-text-align-right\" data-align=\"right\">&nbsp;1.500 m<sup>2<\/sup><\/td><\/tr><tr><td>22.<\/td><td>Dorogi Polg\u00e1rmesteri Hivatal E\u00f6tv\u00f6s \u00c1ltal\u00e1nos Iskola<\/td><td class=\"has-text-align-right\" data-align=\"right\">&nbsp;200 m<sup>2<\/sup><\/td><\/tr><tr><td>23.<\/td><td>Polg\u00e1rmesteri Hivatal Nyerges\u00fajfalu M\u0171vel\u0151d\u00e9si H\u00e1z<\/td><td class=\"has-text-align-right\" data-align=\"right\">&nbsp;450 m<sup>2<\/sup><\/td><\/tr><tr><td>24.<\/td><td>Charm Elegant Rt. Budapest<\/td><td class=\"has-text-align-right\" data-align=\"right\">&nbsp;800 m<sup>2<\/sup><\/td><\/tr><tr><td>25.<\/td><td>Horv\u00e1th Agro Kft. Esztergom-Kv<\/td><td class=\"has-text-align-right\" data-align=\"right\">&nbsp;900 m<sup>2<\/sup><\/td><\/tr><tr><td>26.<\/td><td>Esztergomi Rend\u0151rkapit\u00e1nys\u00e1g<\/td><td class=\"has-text-align-right\" data-align=\"right\">&nbsp;400 m<sup>2<\/sup><\/td><\/tr><tr><td>27.<\/td><td>Ebsz\u0151nyb\u00e1myai Lak\u00f3k\u00f6z\u00f6ss\u00e9g<\/td><td class=\"has-text-align-right\" data-align=\"right\">&nbsp;200 m<sup>2<\/sup><\/td><\/tr><tr><td>28.<\/td><td>Szaforg CNc Kft. Esztergom<\/td><td class=\"has-text-align-right\" data-align=\"right\">&nbsp;1.400 m<sup>2<\/sup><\/td><\/tr><tr><td>29.<\/td><td>K-Zs Modell Bt. Esztergom<\/td><td class=\"has-text-align-right\" data-align=\"right\">&nbsp;150 m<sup>2<\/sup><\/td><\/tr><tr><td>30.<\/td><td>Vaszary Kolos K\u00f3rh\u00e1z Esztergom<\/td><td class=\"has-text-align-right\" data-align=\"right\">&nbsp;250 m<sup>2<\/sup><\/td><\/tr><tr><td>31.<\/td><td>Schweidel 2\/A lak\u00f3h\u00e1z Esztergom<\/td><td class=\"has-text-align-right\" data-align=\"right\">&nbsp;250 m<sup>2<\/sup><\/td><\/tr><\/tbody><\/table><\/figure>\n\n\n\n<p><strong>Talajnedvess\u00e9g elleni szigetel\u00e9sek<\/strong><\/p>\n\n\n\n<figure class=\"wp-block-table\"><table><tbody><tr><td>1.<\/td><td>Agimpex Kft. L\u00e1batlan gazdagr\u00e9ti t\u00e1rsash\u00e1z<\/td><td class=\"has-text-align-right\" data-align=\"right\">500 m<sup>2<\/sup><\/td><\/tr><tr><td>2.<\/td><td>Vegy\u00e9pszer Rt. Vaszary Kolos K\u00f3rh\u00e1z Rekonstrukci\u00f3<\/td><td class=\"has-text-align-right\" data-align=\"right\">780 m<sup>2<\/sup><\/td><\/tr><tr><td>3.<\/td><td>Richter Gedeon Vegy\u00e9szeti Gy\u00e1r Rt. Dorogi fi\u00f3ktelep<\/td><td class=\"has-text-align-right\" data-align=\"right\">360 m<sup>2<\/sup><\/td><\/tr><tr><td>4.<\/td><td>Aknabau Kft Dorog<\/td><td class=\"has-text-align-right\" data-align=\"right\">70 m<sup>2<\/sup><\/td><\/tr><tr><td>5.<\/td><td>Pfleiderer Vasbetonipari Rt. L\u00e1batlan<\/td><td class=\"has-text-align-right\" data-align=\"right\">240 m<sup>2<\/sup><\/td><\/tr><tr><td>6.<\/td><td>Lak\u00f3h\u00e1z Mogyor\u00f3sb\u00e1nya<\/td><td class=\"has-text-align-right\" data-align=\"right\">180 m<sup>2<\/sup><\/td><\/tr><\/tbody><\/table><\/figure>\n","protected":false},"excerpt":{"rendered":"<p>1. Szentendrei Pap\u00edr Rt. &nbsp;300 m2 2. Zoltek Rt. Nyerges\u00fajfalu &nbsp;1.940 m2 3. Lak\u00e1sfenntart\u00f3 Sz\u00f6vetkezet Esztergom &nbsp;600 m2 4. \u00daj Strigon Kft. Esztergom &nbsp;300 m2 5. Richter Gedeon Vegy\u00e9szeti Gy\u00e1r Rt. Dorog &nbsp;2.500 m2 6. Nauzer Ker\u00e9kp\u00e1r Kft. Csepel &nbsp;300 m2 7. Cs\u00f6viszsz Kft. Esztergom-Kv lak\u00f3park 61-es \u00e9p\u00fclet &nbsp;850 m2 8. Pfleiderer Vasbetonipari Rt. L\u00e1batlan &hellip; <a href=\"https:\/\/szigbad.hu.webhost.v-comp.ch\/?page_id=247\" class=\"more-link\">Continue reading<span class=\"screen-reader-text\"> &#8220;1998. \u00e9vi referencialista&#8221;<\/span><\/a><\/p>\n","protected":false},"author":1,"featured_media":0,"parent":0,"menu_order":0,"comment_status":"closed","ping_status":"closed","template":"","meta":{"footnotes":""},"class_list":["post-247","page","type-page","status-publish","hentry"],"_links":{"self":[{"href":"https:\/\/szigbad.hu.webhost.v-comp.ch\/index.php?rest_route=\/wp\/v2\/pages\/247","targetHints":{"allow":["GET"]}}],"collection":[{"href":"https:\/\/szigbad.hu.webhost.v-comp.ch\/index.php?rest_route=\/wp\/v2\/pages"}],"about":[{"href":"https:\/\/szigbad.hu.webhost.v-comp.ch\/index.php?rest_route=\/wp\/v2\/types\/page"}],"author":[{"embeddable":true,"href":"https:\/\/szigbad.hu.webhost.v-comp.ch\/index.php?rest_route=\/wp\/v2\/users\/1"}],"replies":[{"embeddable":true,"href":"https:\/\/szigbad.hu.webhost.v-comp.ch\/index.php?rest_route=%2Fwp%2Fv2%2Fcomments&post=247"}],"version-history":[{"count":2,"href":"https:\/\/szigbad.hu.webhost.v-comp.ch\/index.php?rest_route=\/wp\/v2\/pages\/247\/revisions"}],"predecessor-version":[{"id":249,"href":"https:\/\/szigbad.hu.webhost.v-comp.ch\/index.php?rest_route=\/wp\/v2\/pages\/247\/revisions\/249"}],"wp:attachment":[{"href":"https:\/\/szigbad.hu.webhost.v-comp.ch\/index.php?rest_route=%2Fwp%2Fv2%2Fmedia&parent=247"}],"curies":[{"name":"wp","href":"https:\/\/api.w.org\/{rel}","templated":true}]}}