{"id":250,"date":"2023-03-30T22:10:32","date_gmt":"2023-03-30T20:10:32","guid":{"rendered":"https:\/\/szigbad.hu.webhost.v-comp.ch\/?page_id=250"},"modified":"2023-03-30T22:37:15","modified_gmt":"2023-03-30T20:37:15","slug":"1999-evi-referencialista","status":"publish","type":"page","link":"https:\/\/szigbad.hu.webhost.v-comp.ch\/?page_id=250","title":{"rendered":"1999. \u00e9vi referencialista"},"content":{"rendered":"\n<figure class=\"wp-block-table\"><table><tbody><tr><td>1.<\/td><td>&nbsp;Lak\u00e1sfenntart\u00f3 Sz\u00f6vetkezet, Esztergom<\/td><td class=\"has-text-align-right\" data-align=\"right\">&nbsp;1.400 m<sup>2<\/sup><\/td><\/tr><tr><td>&nbsp;2.<\/td><td>&nbsp;Richter Gedeon Vegy\u00e9szeti Gy\u00e1r Rt. Dorog<\/td><td class=\"has-text-align-right\" data-align=\"right\">&nbsp;2.200 m<sup>2<\/sup><\/td><\/tr><tr><td>&nbsp;3.<\/td><td>&nbsp;Magyar Suzuki Rt., Esztergom (PVC szigetel\u00e9s)<\/td><td class=\"has-text-align-right\" data-align=\"right\">&nbsp;200 m<sup>2<\/sup><\/td><\/tr><tr><td>&nbsp;4.<\/td><td>&nbsp;Zoltek Rt., Nyerges\u00fajfalu<\/td><td class=\"has-text-align-right\" data-align=\"right\">&nbsp;3.100 m<sup>2<\/sup><\/td><\/tr><tr><td>&nbsp;5.<\/td><td>&nbsp;Esztergom, B\u00e1nomi ltp. 4. Lak\u00f3h\u00e1z<\/td><td class=\"has-text-align-right\" data-align=\"right\">&nbsp;30 m<sup>2<\/sup><\/td><\/tr><tr><td>&nbsp;6.<\/td><td>&nbsp;Polg\u00e1rmesteri Hivatal, Esztergom<\/td><td class=\"has-text-align-right\" data-align=\"right\">&nbsp;180 m<sup>2<\/sup><\/td><\/tr><tr><td>&nbsp;7.<\/td><td>&nbsp;TVK Tisza\u00fajv\u00e1ros (PVC szigetel\u00e9s)<\/td><td class=\"has-text-align-right\" data-align=\"right\">&nbsp;50 m<sup>2<\/sup><\/td><\/tr><tr><td>&nbsp;8.<\/td><td>&nbsp;Nauzer Ker\u00e9kp\u00e1r keresked\u00e9s, Csepel<\/td><td class=\"has-text-align-right\" data-align=\"right\">&nbsp;190 m<sup>2<\/sup><\/td><\/tr><tr><td>&nbsp;9.<\/td><td>&nbsp;Polg\u00e1rmesteri Hivatal, T\u00e1t<\/td><td class=\"has-text-align-right\" data-align=\"right\">&nbsp;120 m<sup>2<\/sup><\/td><\/tr><tr><td>&nbsp;10.<\/td><td>&nbsp;Esztergom-kertv\u00e1ros lak\u00f3park 79-es \u00e9p\u00fclet+gar\u00e1zsok<\/td><td class=\"has-text-align-right\" data-align=\"right\">&nbsp;1.150 m<sup>2<\/sup><\/td><\/tr><tr><td>&nbsp;11.<\/td><td>&nbsp;Esztergom Irinyi \u00fat 22. Lak\u00f3h\u00e1z<\/td><td class=\"has-text-align-right\" data-align=\"right\">&nbsp;250 m<sup>2<\/sup><\/td><\/tr><tr><td>&nbsp;12.<\/td><td>&nbsp;Magyar Suzuki Rt., Esztergom<\/td><td class=\"has-text-align-right\" data-align=\"right\">&nbsp;110 m<sup>2<\/sup><\/td><\/tr><tr><td>&nbsp;13.<\/td><td>&nbsp;Bosch Gmbh., Hatvan<\/td><td class=\"has-text-align-right\" data-align=\"right\">&nbsp;300 m<sup>2<\/sup><\/td><\/tr><tr><td>&nbsp;14.<\/td><td>&nbsp;Zoltek Rt., Nyerges\u00fajfalu (PVC szigetel\u00e9s)<\/td><td class=\"has-text-align-right\" data-align=\"right\">&nbsp;50 m<sup>2<\/sup><\/td><\/tr><tr><td>&nbsp;15.<\/td><td>&nbsp;V\u00e9rtes Vol\u00e1n Rt., Dorog<\/td><td class=\"has-text-align-right\" data-align=\"right\">&nbsp;2.000 m<sup>2<\/sup><\/td><\/tr><tr><td>&nbsp;16.<\/td><td>&nbsp;Esztergom, Monteverdi \u00fat 4. Lak\u00f3h\u00e1z<\/td><td class=\"has-text-align-right\" data-align=\"right\">&nbsp;250 m<sup>2<\/sup><\/td><\/tr><tr><td>&nbsp;17.<\/td><td>&nbsp;\u00c9DV Rt., Esztergom<\/td><td class=\"has-text-align-right\" data-align=\"right\">&nbsp;100 m<sup>2<\/sup><\/td><\/tr><tr><td>&nbsp;18.<\/td><td>&nbsp;Polg\u00e1rmesteri Hivatal, Baj\u00f3t<\/td><td class=\"has-text-align-right\" data-align=\"right\">&nbsp;150 m<sup>2<\/sup><\/td><\/tr><tr><td>&nbsp;19.<\/td><td>&nbsp;M0 Aut\u00f3centrum, Hal\u00e1sztelek<\/td><td class=\"has-text-align-right\" data-align=\"right\">&nbsp;100 m<sup>2<\/sup><\/td><\/tr><tr><td>&nbsp;20.<\/td><td>&nbsp;OKT\u00c1V Rt., Esztergom-kertv\u00e1ros<\/td><td class=\"has-text-align-right\" data-align=\"right\">&nbsp;250 m<sup>2<\/sup><\/td><\/tr><tr><td>&nbsp;21.<\/td><td>&nbsp;Polg\u00e1rmesteri Hivatal, Dorog<\/td><td class=\"has-text-align-right\" data-align=\"right\">&nbsp;3.500 m<sup>2<\/sup><\/td><\/tr><tr><td>&nbsp;22.<\/td><td>&nbsp;Esztergom-Dorog Er\u0151m\u0171 Kft., Dorog<\/td><td class=\"has-text-align-right\" data-align=\"right\">&nbsp;250 m<sup>2<\/sup><\/td><\/tr><tr><td>&nbsp;23.<\/td><td>&nbsp;Esztergom Martsa u. 9. Lak\u00f3h\u00e1z<\/td><td class=\"has-text-align-right\" data-align=\"right\">&nbsp;400m<sup>2<\/sup><\/td><\/tr><tr><td>&nbsp;24.<\/td><td>&nbsp;Pfleiderer Vasbetonipari Rt., L\u00e1batlan<\/td><td class=\"has-text-align-right\" data-align=\"right\">&nbsp;1.700 m<sup>2<\/sup><\/td><\/tr><tr><td>&nbsp;25.<\/td><td>&nbsp;Nokia Telefongy\u00e1r, Kom\u00e1rom<\/td><td class=\"has-text-align-right\" data-align=\"right\">&nbsp;400 m<sup>2<\/sup><\/td><\/tr><tr><td>&nbsp;26.<\/td><td>&nbsp;Polg\u00e1rmesteri Hivatal, Nyerges\u00fajfalu<\/td><td class=\"has-text-align-right\" data-align=\"right\">&nbsp;150 m<sup>2<\/sup><\/td><\/tr><tr><td>&nbsp;27.<\/td><td>&nbsp;Architekton Rt. Visegr\u00e1di v\u00e1r<\/td><td class=\"has-text-align-right\" data-align=\"right\">&nbsp;600 m<sup>2<\/sup><\/td><\/tr><tr><td>&nbsp;28.<\/td><td>&nbsp;Elm\u00fc Rt., Budapest<\/td><td class=\"has-text-align-right\" data-align=\"right\">&nbsp;150 m<sup>2<\/sup><\/td><\/tr><tr><td>&nbsp;29.<\/td><td>&nbsp;Grabetta-Keszta Tap\u00e9tagy\u00e1r Kft., Keszt\u00f6lc<\/td><td class=\"has-text-align-right\" data-align=\"right\">&nbsp;300 m<sup>2<\/sup><\/td><\/tr><tr><td>&nbsp;30.<\/td><td>&nbsp;Relabor Kft., Esztergom<\/td><td class=\"has-text-align-right\" data-align=\"right\">&nbsp;200 m<sup>2<\/sup><\/td><\/tr><tr><td>&nbsp;31.<\/td><td>&nbsp;Evelyn B\u00fator Kft., Esztergom<\/td><td class=\"has-text-align-right\" data-align=\"right\">&nbsp;150 m<sup>2<\/sup><\/td><\/tr><tr><td>&nbsp;32.<\/td><td>&nbsp;Architekton Rt. Esztergomi v\u00e1r<\/td><td class=\"has-text-align-right\" data-align=\"right\">&nbsp;450 m<sup>2<\/sup><\/td><\/tr><tr><td>&nbsp;33.<\/td><td>&nbsp;Dorog Zalka ltp. 29-31. Lak\u00f3h\u00e1z<\/td><td class=\"has-text-align-right\" data-align=\"right\">&nbsp;700 m<sup>2<\/sup><\/td><\/tr><tr><td>&nbsp;34.<\/td><td>&nbsp;H\u00f6pe Kft., Esztergom<\/td><td class=\"has-text-align-right\" data-align=\"right\">&nbsp;2.000 m<sup>2<\/sup><\/td><\/tr><tr><td>&nbsp;35.<\/td><td>&nbsp;Esztergom, Rozetti u, 10. Lak\u00f3h\u00e1z<\/td><td class=\"has-text-align-right\" data-align=\"right\">&nbsp;250 m<sup>2<\/sup><\/td><\/tr><tr><td>&nbsp;36.<\/td><td>&nbsp;Esztergom, T\u00f6lt\u00e9s u. 1-3. Lak\u00f3h\u00e1z<\/td><td class=\"has-text-align-right\" data-align=\"right\">&nbsp;1.200 m<sup>2<\/sup><\/td><\/tr><tr><td>&nbsp;37.<\/td><td>&nbsp;Kom\u00e1rom-Esztergom Megyi \u00d6nkorm\u00e1nyzati Hivatal, Tatab\u00e1nya<\/td><td class=\"has-text-align-right\" data-align=\"right\">&nbsp;1.300 m<sup>2<\/sup><\/td><\/tr><\/tbody><\/table><\/figure>\n","protected":false},"excerpt":{"rendered":"<p>1. &nbsp;Lak\u00e1sfenntart\u00f3 Sz\u00f6vetkezet, Esztergom &nbsp;1.400 m2 &nbsp;2. &nbsp;Richter Gedeon Vegy\u00e9szeti Gy\u00e1r Rt. Dorog &nbsp;2.200 m2 &nbsp;3. &nbsp;Magyar Suzuki Rt., Esztergom (PVC szigetel\u00e9s) &nbsp;200 m2 &nbsp;4. &nbsp;Zoltek Rt., Nyerges\u00fajfalu &nbsp;3.100 m2 &nbsp;5. &nbsp;Esztergom, B\u00e1nomi ltp. 4. Lak\u00f3h\u00e1z &nbsp;30 m2 &nbsp;6. &nbsp;Polg\u00e1rmesteri Hivatal, Esztergom &nbsp;180 m2 &nbsp;7. &nbsp;TVK Tisza\u00fajv\u00e1ros (PVC szigetel\u00e9s) &nbsp;50 m2 &nbsp;8. &nbsp;Nauzer Ker\u00e9kp\u00e1r keresked\u00e9s, &hellip; <a href=\"https:\/\/szigbad.hu.webhost.v-comp.ch\/?page_id=250\" class=\"more-link\">Continue reading<span class=\"screen-reader-text\"> &#8220;1999. \u00e9vi referencialista&#8221;<\/span><\/a><\/p>\n","protected":false},"author":1,"featured_media":0,"parent":0,"menu_order":0,"comment_status":"closed","ping_status":"closed","template":"","meta":{"footnotes":""},"class_list":["post-250","page","type-page","status-publish","hentry"],"_links":{"self":[{"href":"https:\/\/szigbad.hu.webhost.v-comp.ch\/index.php?rest_route=\/wp\/v2\/pages\/250","targetHints":{"allow":["GET"]}}],"collection":[{"href":"https:\/\/szigbad.hu.webhost.v-comp.ch\/index.php?rest_route=\/wp\/v2\/pages"}],"about":[{"href":"https:\/\/szigbad.hu.webhost.v-comp.ch\/index.php?rest_route=\/wp\/v2\/types\/page"}],"author":[{"embeddable":true,"href":"https:\/\/szigbad.hu.webhost.v-comp.ch\/index.php?rest_route=\/wp\/v2\/users\/1"}],"replies":[{"embeddable":true,"href":"https:\/\/szigbad.hu.webhost.v-comp.ch\/index.php?rest_route=%2Fwp%2Fv2%2Fcomments&post=250"}],"version-history":[{"count":2,"href":"https:\/\/szigbad.hu.webhost.v-comp.ch\/index.php?rest_route=\/wp\/v2\/pages\/250\/revisions"}],"predecessor-version":[{"id":252,"href":"https:\/\/szigbad.hu.webhost.v-comp.ch\/index.php?rest_route=\/wp\/v2\/pages\/250\/revisions\/252"}],"wp:attachment":[{"href":"https:\/\/szigbad.hu.webhost.v-comp.ch\/index.php?rest_route=%2Fwp%2Fv2%2Fmedia&parent=250"}],"curies":[{"name":"wp","href":"https:\/\/api.w.org\/{rel}","templated":true}]}}