{"id":253,"date":"2023-03-30T22:11:23","date_gmt":"2023-03-30T20:11:23","guid":{"rendered":"https:\/\/szigbad.hu.webhost.v-comp.ch\/?page_id=253"},"modified":"2023-03-30T22:38:58","modified_gmt":"2023-03-30T20:38:58","slug":"2014-evi-referencialista","status":"publish","type":"page","link":"https:\/\/szigbad.hu.webhost.v-comp.ch\/?page_id=253","title":{"rendered":"2014. \u00e9vi referencialista"},"content":{"rendered":"\n<figure class=\"wp-block-table\"><table><tbody><tr><td>1.<\/td><td>Budapest R\u00f3bert K. krt 96-98<\/td><td class=\"has-text-align-right\" data-align=\"right\">500 m<sup>2<\/sup><\/td><\/tr><tr><td>2.<\/td><td>Budapest Istenhegyi G\u00e9ndiagnosztikai K\u00f6zpont<\/td><td class=\"has-text-align-right\" data-align=\"right\">200 m<sup>2<\/sup><\/td><\/tr><tr><td>3.<\/td><td>Esztergom Springfix Kft<\/td><td class=\"has-text-align-right\" data-align=\"right\">2.000 m<sup>2<\/sup><\/td><\/tr><tr><td>4.<\/td><td>Gy\u0151r Leinningen \u00fat csal\u00e1di h\u00e1z<\/td><td class=\"has-text-align-right\" data-align=\"right\">80 m<sup>2<\/sup><\/td><\/tr><tr><td>5.<\/td><td>Richter Gedeon Vegy\u00e9szeti Gy\u00e1r Dorog<\/td><td class=\"has-text-align-right\" data-align=\"right\">2.200 m<sup>2<\/sup><\/td><\/tr><tr><td>6.<\/td><td>Dunabogd\u00e1ny CBA \u00e1ruh\u00e1z<\/td><td class=\"has-text-align-right\" data-align=\"right\">200 m<sup>2<\/sup><\/td><\/tr><tr><td>7.<\/td><td>Esztergom Medhotel<\/td><td class=\"has-text-align-right\" data-align=\"right\">600 m<sup>2<\/sup><\/td><\/tr><tr><td>8.<\/td><td>Ryowa Hung\u00e1ria Kft<\/td><td class=\"has-text-align-right\" data-align=\"right\">2.000 m<sup>2<\/sup><\/td><\/tr><tr><td>9.<\/td><td>Pilisszentiv\u00e1n csal\u00e1di h\u00e1z<\/td><td class=\"has-text-align-right\" data-align=\"right\">200 m<sup>2<\/sup><\/td><\/tr><tr><td>10.<\/td><td>Tokod-\u00fcveggy\u00e1r Ady E. 5. t\u00e1rsash\u00e1z<\/td><td class=\"has-text-align-right\" data-align=\"right\">250 m<sup>2<\/sup><\/td><\/tr><tr><td>11.<\/td><td>Esztergom Diamond Electic<\/td><td class=\"has-text-align-right\" data-align=\"right\">200 m<sup>2<\/sup><\/td><\/tr><tr><td>12.<\/td><td>Dorog K\u00f6nyvt\u00e1r<\/td><td class=\"has-text-align-right\" data-align=\"right\">180 m<sup>2<\/sup><\/td><\/tr><tr><td>13.<\/td><td>L\u00e1batlan Vasbetongy\u00e1r<\/td><td class=\"has-text-align-right\" data-align=\"right\">400 m<sup>2<\/sup><\/td><\/tr><tr><td>14.<\/td><td>Budapest N\u00e1dorliget u. t\u00e1rsash\u00e1z<\/td><td class=\"has-text-align-right\" data-align=\"right\">2.000 m<sup>2<\/sup><\/td><\/tr><tr><td>15.<\/td><td>Nyerges\u00fajalu Ady Endre M\u0171vel\u0151d\u00e9si h\u00e1z<\/td><td class=\"has-text-align-right\" data-align=\"right\">800 m<sup>2<\/sup><\/td><\/tr><tr><td>16.<\/td><td>Budapest Dreher S\u0151rgy\u00e1r<\/td><td class=\"has-text-align-right\" data-align=\"right\">300 m<sup>2<\/sup><\/td><\/tr><tr><td>17.<\/td><td>Balatonkenese \u00fcd\u00fcl\u0151<\/td><td class=\"has-text-align-right\" data-align=\"right\">300 m<sup>2<\/sup><\/td><\/tr><tr><td>18.<\/td><td>Nyerges\u00fajfalu Idom u. 8.<\/td><td class=\"has-text-align-right\" data-align=\"right\">400 m<sup>2<\/sup><\/td><\/tr><tr><td>19.<\/td><td>Buda\u0151rs Csicserg\u0151 \u00f3voda<\/td><td class=\"has-text-align-right\" data-align=\"right\">450 m<sup>2<\/sup><\/td><\/tr><tr><td>20.<\/td><td>Budapest Richter Gedeon Gy\u00f3gyszer Gy\u00e1r<\/td><td class=\"has-text-align-right\" data-align=\"right\">600 m<sup>2<\/sup><\/td><\/tr><tr><td>21.<\/td><td>Zoltek Zrt Nyerges\u00fajfalu<\/td><td class=\"has-text-align-right\" data-align=\"right\">400 m<sup>2<\/sup><\/td><\/tr><tr><td>22.<\/td><td>Tatab\u00e1nya \u00d3v\u00e1roLajta duzzaszt\u00f3si B\u00f6lcs\u00f6de<\/td><td class=\"has-text-align-right\" data-align=\"right\">900 m<sup>2<\/sup><\/td><\/tr><tr><td>23.<\/td><td>Magyar Suzuki Zrt<\/td><td class=\"has-text-align-right\" data-align=\"right\">14.000 m<sup>2<\/sup><\/td><\/tr><tr><td>24.<\/td><td>Budapest Bazsar\u00f3zsa u. csal\u00e1di h\u00e1z<\/td><td class=\"has-text-align-right\" data-align=\"right\">200 m<sup>2<\/sup><\/td><\/tr><tr><td>25.<\/td><td>Budapest Turista u. 2.<\/td><td class=\"has-text-align-right\" data-align=\"right\">200 m<sup>2<\/sup><\/td><\/tr><tr><td>26.<\/td><td>L\u00e1batlan Polg\u00e1rmesteri Hivatal<\/td><td class=\"has-text-align-right\" data-align=\"right\">350 m<sup>2<\/sup><\/td><\/tr><tr><td>27.<\/td><td>Nagykov\u00e1csi Pitypang \u00fat csal\u00e1di h\u00e1z<\/td><td class=\"has-text-align-right\" data-align=\"right\">250 m<sup>2<\/sup><\/td><\/tr><tr><td>28.<\/td><td>\u00c9DV Zrt<\/td><td class=\"has-text-align-right\" data-align=\"right\">200 m<sup>2<\/sup><\/td><\/tr><tr><td>29.<\/td><td>Esztergom Eurasia Logistics<\/td><td class=\"has-text-align-right\" data-align=\"right\">130 m<sup>2<\/sup><\/td><\/tr><tr><td>30.<\/td><td>Esztergom Sug\u00e1r \u00fat 5 t\u00e1rsash\u00e1z<\/td><td class=\"has-text-align-right\" data-align=\"right\">350 m<sup>2<\/sup><\/td><\/tr><tr><td>31.<\/td><td>Pilisi Parkerd\u0151 kil\u00e1t\u00f3<\/td><td class=\"has-text-align-right\" data-align=\"right\">150 m<sup>2<\/sup><\/td><\/tr><tr><td>32.<\/td><td>Fels\u0151szemer\u00e9d (Szlov\u00e1kia) csal\u00e1di h\u00e1z<\/td><td class=\"has-text-align-right\" data-align=\"right\">250 m<sup>2<\/sup><\/td><\/tr><tr><td>33.<\/td><td>Esztergom Monteverdi \u00fat 6.<\/td><td class=\"has-text-align-right\" data-align=\"right\">190 m<sup>2<\/sup><\/td><\/tr><tr><td>34.<\/td><td>Budapest Andrassy \u00fat 96.<\/td><td class=\"has-text-align-right\" data-align=\"right\">450 m<sup>2<\/sup><\/td><\/tr><tr><td>35.<\/td><td>T\u00f6r\u00f6kb\u00e1lint Mosolyvil\u00e1g b\u00f6lcs\u00f6de<\/td><td class=\"has-text-align-right\" data-align=\"right\">500 m<sup>2<\/sup><\/td><\/tr><tr><td>36.<\/td><td>Dorog Schmidt ltp 27.<\/td><td class=\"has-text-align-right\" data-align=\"right\">300 m<sup>2<\/sup><\/td><\/tr><tr><td>37.<\/td><td>Esztergom G\u00e9pgy\u00e1r fej\u00e9p\u00fclet<\/td><td class=\"has-text-align-right\" data-align=\"right\">300 m<sup>2<\/sup><\/td><\/tr><tr><td colspan=\"3\">&nbsp;<strong>Talajnedvess\u00e9g \u00e9s v\u00edznyom\u00e1s elleni szigetel\u00e9sek<\/strong><\/td><\/tr><tr><td>38.<\/td><td>Budapest Turista u. 2.<\/td><td class=\"has-text-align-right\" data-align=\"right\">500 m<sup>2<\/sup><\/td><\/tr><tr><td>39.<\/td><td>Pilisszentiv\u00e1n csal\u00e1di h\u00e1z<\/td><td class=\"has-text-align-right\" data-align=\"right\">400 m<sup>2<\/sup><\/td><\/tr><tr><td>40.<\/td><td>Tata Sport u. 1. csal\u00e1di h\u00e1z<\/td><td class=\"has-text-align-right\" data-align=\"right\">110 m<sup>2<\/sup><\/td><\/tr><tr><td>41.<\/td><td>Buda\u0151rs Csicserg\u0151 \u00f3voda<\/td><td class=\"has-text-align-right\" data-align=\"right\">900 m<sup>2<\/sup><\/td><\/tr><tr><td>42.<\/td><td>Budapest Richter Gedeon Gy\u00f3gyszer Gy\u00e1r<\/td><td class=\"has-text-align-right\" data-align=\"right\">600 m<sup>2<\/sup><\/td><\/tr><tr><td>43.<\/td><td>Esztergom Miksz\u00e1th u. csal\u00e1di h\u00e1z<\/td><td class=\"has-text-align-right\" data-align=\"right\">300 m<sup>2<\/sup><\/td><\/tr><tr><td>44.<\/td><td>Nagykov\u00e1csi Pitypang \u00fat csal\u00e1di h\u00e1z<\/td><td class=\"has-text-align-right\" data-align=\"right\">370 m<sup>2<\/sup><\/td><\/tr><tr><td>45.<\/td><td>V\u00e9rtessoml\u00f3 csal\u00e1di h\u00e1z<\/td><td class=\"has-text-align-right\" data-align=\"right\">400 m<sup>2<\/sup><\/td><\/tr><tr><td>46.<\/td><td>Lajta duzzaszt\u00f3<\/td><td class=\"has-text-align-right\" data-align=\"right\">500 m<sup>2<\/sup><\/td><\/tr><\/tbody><\/table><\/figure>\n","protected":false},"excerpt":{"rendered":"<p>1. Budapest R\u00f3bert K. krt 96-98 500 m2 2. Budapest Istenhegyi G\u00e9ndiagnosztikai K\u00f6zpont 200 m2 3. Esztergom Springfix Kft 2.000 m2 4. Gy\u0151r Leinningen \u00fat csal\u00e1di h\u00e1z 80 m2 5. Richter Gedeon Vegy\u00e9szeti Gy\u00e1r Dorog 2.200 m2 6. Dunabogd\u00e1ny CBA \u00e1ruh\u00e1z 200 m2 7. Esztergom Medhotel 600 m2 8. Ryowa Hung\u00e1ria Kft 2.000 m2 9. &hellip; <a href=\"https:\/\/szigbad.hu.webhost.v-comp.ch\/?page_id=253\" class=\"more-link\">Continue reading<span class=\"screen-reader-text\"> &#8220;2014. \u00e9vi referencialista&#8221;<\/span><\/a><\/p>\n","protected":false},"author":1,"featured_media":0,"parent":0,"menu_order":0,"comment_status":"closed","ping_status":"closed","template":"","meta":{"footnotes":""},"class_list":["post-253","page","type-page","status-publish","hentry"],"_links":{"self":[{"href":"https:\/\/szigbad.hu.webhost.v-comp.ch\/index.php?rest_route=\/wp\/v2\/pages\/253","targetHints":{"allow":["GET"]}}],"collection":[{"href":"https:\/\/szigbad.hu.webhost.v-comp.ch\/index.php?rest_route=\/wp\/v2\/pages"}],"about":[{"href":"https:\/\/szigbad.hu.webhost.v-comp.ch\/index.php?rest_route=\/wp\/v2\/types\/page"}],"author":[{"embeddable":true,"href":"https:\/\/szigbad.hu.webhost.v-comp.ch\/index.php?rest_route=\/wp\/v2\/users\/1"}],"replies":[{"embeddable":true,"href":"https:\/\/szigbad.hu.webhost.v-comp.ch\/index.php?rest_route=%2Fwp%2Fv2%2Fcomments&post=253"}],"version-history":[{"count":12,"href":"https:\/\/szigbad.hu.webhost.v-comp.ch\/index.php?rest_route=\/wp\/v2\/pages\/253\/revisions"}],"predecessor-version":[{"id":297,"href":"https:\/\/szigbad.hu.webhost.v-comp.ch\/index.php?rest_route=\/wp\/v2\/pages\/253\/revisions\/297"}],"wp:attachment":[{"href":"https:\/\/szigbad.hu.webhost.v-comp.ch\/index.php?rest_route=%2Fwp%2Fv2%2Fmedia&parent=253"}],"curies":[{"name":"wp","href":"https:\/\/api.w.org\/{rel}","templated":true}]}}