{"id":256,"date":"2023-03-30T22:12:45","date_gmt":"2023-03-30T20:12:45","guid":{"rendered":"https:\/\/szigbad.hu.webhost.v-comp.ch\/?page_id=256"},"modified":"2023-03-30T22:37:41","modified_gmt":"2023-03-30T20:37:41","slug":"2000-evi-referencialista","status":"publish","type":"page","link":"https:\/\/szigbad.hu.webhost.v-comp.ch\/?page_id=256","title":{"rendered":"2000. \u00e9vi referencialista"},"content":{"rendered":"\n<figure class=\"wp-block-table\"><table><tbody><tr><td>1.<\/td><td>Szentendrei Pap\u00edrgy\u00e1r Rt.<\/td><td class=\"has-text-align-right\" data-align=\"right\">&nbsp;300 m<sup>2<\/sup><\/td><\/tr><tr><td>2.<\/td><td>Lak\u00e1sfenntart\u00f3 Sz\u00f6vetkezet Esztergom<\/td><td class=\"has-text-align-right\" data-align=\"right\">&nbsp;2.800 m<sup>2<\/sup><\/td><\/tr><tr><td>3.<\/td><td>Promt\u00e1vh\u0151 Kft<\/td><td class=\"has-text-align-right\" data-align=\"right\">&nbsp;150 m<sup>2<\/sup><\/td><\/tr><tr><td>4.<\/td><td>Richter Gedeon Vegy\u00e9szeti Gy\u00e1r Rt., Dorogi Fi\u00f3ktelep<\/td><td class=\"has-text-align-right\" data-align=\"right\">&nbsp;2.150 m<sup>2<\/sup><\/td><\/tr><tr><td>5.<\/td><td>Esztergom V\u00e1rosi Sportcsarnok<\/td><td class=\"has-text-align-right\" data-align=\"right\">&nbsp;1.400 m<sup>2<\/sup><\/td><\/tr><tr><td>6.<\/td><td>Nauzer Ker\u00e9kp\u00e1rkeresked\u00e9s Csepel<\/td><td class=\"has-text-align-right\" data-align=\"right\">&nbsp;200 m<sup>2<\/sup><\/td><\/tr><tr><td>7.<\/td><td>Polg\u00e1rmesteri Hivatal Esztergom, Szakmunk\u00e1sk\u00e9pz\u0151 Int\u00e9zet<\/td><td class=\"has-text-align-right\" data-align=\"right\">&nbsp;200 m<sup>2<\/sup><\/td><\/tr><tr><td>8.<\/td><td>Zoltek Rt. Nyerges\u00fajfalu<\/td><td class=\"has-text-align-right\" data-align=\"right\">&nbsp;1.980 m<sup>2<\/sup><\/td><\/tr><tr><td>9.<\/td><td>Pfleiderer Vasbetonipari Rt. L\u00e1batlan<\/td><td class=\"has-text-align-right\" data-align=\"right\">&nbsp;2.250 m<sup>2<\/sup><\/td><\/tr><tr><td>10.<\/td><td>Magyar Suzuki Rt. PVC szigetel\u00e9s<\/td><td class=\"has-text-align-right\" data-align=\"right\">&nbsp;150 m<sup>2<\/sup><\/td><\/tr><tr><td>11.<\/td><td>RIA Panzi\u00f3 Esztergom<\/td><td class=\"has-text-align-right\" data-align=\"right\">&nbsp;200 m<sup>2<\/sup><\/td><\/tr><tr><td>12.<\/td><td>Cs\u0151viszsz Rt. Esztergom-kertv\u00e1ros lak\u00f3park<\/td><td class=\"has-text-align-right\" data-align=\"right\">&nbsp;1.800 m<sup>2<\/sup><\/td><\/tr><tr><td>13.<\/td><td>Csemege Julius Meinl Rt.<\/td><td class=\"has-text-align-right\" data-align=\"right\">&nbsp;340 m<sup>2<\/sup><\/td><\/tr><tr><td>14.<\/td><td>Architekton Rt. Visegr\u00e1di V\u00e1r<\/td><td class=\"has-text-align-right\" data-align=\"right\">&nbsp;500 m<sup>2<\/sup><\/td><\/tr><tr><td>15.<\/td><td>Neptun Club Hotel Kft. Si\u00f3foki sz\u00e1lloda<\/td><td class=\"has-text-align-right\" data-align=\"right\">&nbsp;560 m<sup>2<\/sup><\/td><\/tr><tr><td>16.<\/td><td>Relabor Kft. Esztergom<\/td><td class=\"has-text-align-right\" data-align=\"right\">&nbsp;160 m<sup>2<\/sup><\/td><\/tr><tr><td>17.<\/td><td>Okt\u00e1v Ipari Tov\u00e1bbk\u00e9pz\u0151 Rt. Esztergom-kertv\u00e1ros<\/td><td class=\"has-text-align-right\" data-align=\"right\">&nbsp;360 m<sup>2<\/sup><\/td><\/tr><tr><td>18.<\/td><td>Opel Aut\u00f3trend Kft.<\/td><td class=\"has-text-align-right\" data-align=\"right\">&nbsp;100 m<sup>2<\/sup><\/td><\/tr><tr><td>19.<\/td><td>Hatsek Lajos Eternit M\u0171vek<\/td><td class=\"has-text-align-right\" data-align=\"right\">&nbsp;1.150 m<sup>2<\/sup><\/td><\/tr><tr><td>20.<\/td><td>Esztergomi B\u00fcntet\u00e9s V\u00e9grehajt\u00e1si Int\u00e9zet<\/td><td class=\"has-text-align-right\" data-align=\"right\">&nbsp;210 m<sup>2<\/sup><\/td><\/tr><tr><td>21.<\/td><td>Esztergom-Dorog Er\u0151m\u0171 Kft.<\/td><td class=\"has-text-align-right\" data-align=\"right\">&nbsp;320 m<sup>2<\/sup><\/td><\/tr><tr><td>22.<\/td><td>Architekton Rt. Esztergomi V\u00e1r<\/td><td class=\"has-text-align-right\" data-align=\"right\">&nbsp;260 m<sup>2<\/sup><\/td><\/tr><tr><td>23.<\/td><td>Maros 96 Kft. PVC szigetel\u00e9s<\/td><td class=\"has-text-align-right\" data-align=\"right\">&nbsp;50 m<sup>2<\/sup><\/td><\/tr><tr><td>24.<\/td><td>Pan-Mont Kft. PVC szigetel\u00e9s<\/td><td class=\"has-text-align-right\" data-align=\"right\">&nbsp;150 m<sup>2<\/sup><\/td><\/tr><tr><td>25.<\/td><td>Hotel Esztergom<\/td><td class=\"has-text-align-right\" data-align=\"right\">&nbsp;240 m<sup>2<\/sup><\/td><\/tr><tr><td>26.<\/td><td>Magyar Suzuki Rt.<\/td><td class=\"has-text-align-right\" data-align=\"right\">&nbsp;300 m<sup>2<\/sup><\/td><\/tr><tr><td>27.<\/td><td>Esztergom csal\u00e1di h\u00e1z z\u00f6ldtet\u0151 k\u00e9sz\u00edt\u00e9se<\/td><td class=\"has-text-align-right\" data-align=\"right\">&nbsp;80 m<sup>2<\/sup><\/td><\/tr><tr><td>28.<\/td><td>Nyerges\u00fajfalu T\u00f3 u. 8.<\/td><td class=\"has-text-align-right\" data-align=\"right\">&nbsp;1.000 m<sup>2<\/sup><\/td><\/tr><tr><td>29.<\/td><td>V\u00e9rtes vol\u00e1n Rt. Dorog<\/td><td class=\"has-text-align-right\" data-align=\"right\">&nbsp;150 m<sup>2<\/sup><\/td><\/tr><tr><td>30.<\/td><td>Aut\u00f3transz Kft. \u00d6MV benzink\u00fat PVC szigetel\u00e9s<\/td><td class=\"has-text-align-right\" data-align=\"right\">&nbsp;300 m<sup>2<\/sup><\/td><\/tr><tr><td>31.<\/td><td>Wesu Bt. Esztergom<\/td><td class=\"has-text-align-right\" data-align=\"right\">&nbsp;800 m<sup>2<\/sup><\/td><\/tr><tr><td>32.<\/td><td>EMI Kft. Esztergom<\/td><td class=\"has-text-align-right\" data-align=\"right\">&nbsp;230 m<sup>2<\/sup><\/td><\/tr><tr><td>33.<\/td><td>Architekton Rt. Budapest Andrassy u. 59.<\/td><td class=\"has-text-align-right\" data-align=\"right\">&nbsp;270 m<sup>2<\/sup><\/td><\/tr><tr><td>34.<\/td><td>Evelyn B\u00fator\u00e1ruh\u00e1z Esztergom-kertv\u00e1ros<\/td><td class=\"has-text-align-right\" data-align=\"right\">&nbsp;190 m<sup>2<\/sup><\/td><\/tr><tr><td>35.<\/td><td>Architekton Rt. Budapest Magyar Nemzeti M\u00fazeum<\/td><td class=\"has-text-align-right\" data-align=\"right\">&nbsp;1.000 m<sup>2<\/sup><\/td><\/tr><tr><td>36<\/td><td>Architekton Rt. Budapest Magyar Nemzeti M\u00fazeum PVC szigetel\u00e9s<\/td><td class=\"has-text-align-right\" data-align=\"right\">&nbsp;2.100 m<sup>2<\/sup><\/td><\/tr><\/tbody><\/table><\/figure>\n","protected":false},"excerpt":{"rendered":"<p>1. Szentendrei Pap\u00edrgy\u00e1r Rt. &nbsp;300 m2 2. Lak\u00e1sfenntart\u00f3 Sz\u00f6vetkezet Esztergom &nbsp;2.800 m2 3. Promt\u00e1vh\u0151 Kft &nbsp;150 m2 4. Richter Gedeon Vegy\u00e9szeti Gy\u00e1r Rt., Dorogi Fi\u00f3ktelep &nbsp;2.150 m2 5. Esztergom V\u00e1rosi Sportcsarnok &nbsp;1.400 m2 6. Nauzer Ker\u00e9kp\u00e1rkeresked\u00e9s Csepel &nbsp;200 m2 7. Polg\u00e1rmesteri Hivatal Esztergom, Szakmunk\u00e1sk\u00e9pz\u0151 Int\u00e9zet &nbsp;200 m2 8. Zoltek Rt. Nyerges\u00fajfalu &nbsp;1.980 m2 9. Pfleiderer &hellip; <a href=\"https:\/\/szigbad.hu.webhost.v-comp.ch\/?page_id=256\" class=\"more-link\">Continue reading<span class=\"screen-reader-text\"> &#8220;2000. \u00e9vi referencialista&#8221;<\/span><\/a><\/p>\n","protected":false},"author":1,"featured_media":0,"parent":0,"menu_order":0,"comment_status":"closed","ping_status":"closed","template":"","meta":{"footnotes":""},"class_list":["post-256","page","type-page","status-publish","hentry"],"_links":{"self":[{"href":"https:\/\/szigbad.hu.webhost.v-comp.ch\/index.php?rest_route=\/wp\/v2\/pages\/256","targetHints":{"allow":["GET"]}}],"collection":[{"href":"https:\/\/szigbad.hu.webhost.v-comp.ch\/index.php?rest_route=\/wp\/v2\/pages"}],"about":[{"href":"https:\/\/szigbad.hu.webhost.v-comp.ch\/index.php?rest_route=\/wp\/v2\/types\/page"}],"author":[{"embeddable":true,"href":"https:\/\/szigbad.hu.webhost.v-comp.ch\/index.php?rest_route=\/wp\/v2\/users\/1"}],"replies":[{"embeddable":true,"href":"https:\/\/szigbad.hu.webhost.v-comp.ch\/index.php?rest_route=%2Fwp%2Fv2%2Fcomments&post=256"}],"version-history":[{"count":1,"href":"https:\/\/szigbad.hu.webhost.v-comp.ch\/index.php?rest_route=\/wp\/v2\/pages\/256\/revisions"}],"predecessor-version":[{"id":302,"href":"https:\/\/szigbad.hu.webhost.v-comp.ch\/index.php?rest_route=\/wp\/v2\/pages\/256\/revisions\/302"}],"wp:attachment":[{"href":"https:\/\/szigbad.hu.webhost.v-comp.ch\/index.php?rest_route=%2Fwp%2Fv2%2Fmedia&parent=256"}],"curies":[{"name":"wp","href":"https:\/\/api.w.org\/{rel}","templated":true}]}}