{"id":259,"date":"2023-03-30T22:13:35","date_gmt":"2023-03-30T20:13:35","guid":{"rendered":"https:\/\/szigbad.hu.webhost.v-comp.ch\/?page_id=259"},"modified":"2023-03-30T22:37:47","modified_gmt":"2023-03-30T20:37:47","slug":"2001-evi-referencialista","status":"publish","type":"page","link":"https:\/\/szigbad.hu.webhost.v-comp.ch\/?page_id=259","title":{"rendered":"2001. \u00e9vi referencialista"},"content":{"rendered":"\n<figure class=\"wp-block-table\"><table><tbody><tr><td>1.<\/td><td>&nbsp;Szentendrei Pap\u00edrgy\u00e1r Rt.<\/td><td class=\"has-text-align-right\" data-align=\"right\">&nbsp;2.180 m<sup>2<\/sup><\/td><\/tr><tr><td>2.<\/td><td>&nbsp;Lak\u00e1sfenntart\u00f3 Sz\u00f6vetkezet Esztergom<\/td><td class=\"has-text-align-right\" data-align=\"right\">&nbsp;1.800 m<sup>2<\/sup><\/td><\/tr><tr><td>3.<\/td><td>&nbsp;Bazsa 2000 BT. Budapest<\/td><td class=\"has-text-align-right\" data-align=\"right\">&nbsp;600 m<sup>2<\/sup><\/td><\/tr><tr><td>4.<\/td><td>&nbsp;Richter Gedeon Vegy\u00e9szeti Gy\u00e1r Rt., Dorogi Fi\u00f3ktelep<\/td><td class=\"has-text-align-right\" data-align=\"right\">&nbsp;2.440 m<sup>2<\/sup><\/td><\/tr><tr><td>5.<\/td><td>&nbsp;Esztergomi Vaszary Kolos K\u00f3rh\u00e1z<\/td><td class=\"has-text-align-right\" data-align=\"right\">&nbsp;700 m<sup>2<\/sup><\/td><\/tr><tr><td>6.<\/td><td>&nbsp;Kienle+Speise Kft Tokod<\/td><td class=\"has-text-align-right\" data-align=\"right\">&nbsp;1.300 m<sup>2<\/sup><\/td><\/tr><tr><td>7.<\/td><td>&nbsp;Zoltek Rt. Nyerges\u00fajfalu<\/td><td class=\"has-text-align-right\" data-align=\"right\">&nbsp;800 m<sup>2<\/sup><\/td><\/tr><tr><td>8.<\/td><td>&nbsp;Bokk-Net Kft. Esztergom-kertv\u00e1ros<\/td><td class=\"has-text-align-right\" data-align=\"right\">&nbsp;600 m<sup>2<\/sup><\/td><\/tr><tr><td>9.<\/td><td>&nbsp;Magyar Suzuki Rt. PVC szigetel\u00e9s<\/td><td class=\"has-text-align-right\" data-align=\"right\">&nbsp;300 m<sup>2<\/sup><\/td><\/tr><tr><td>10.<\/td><td>&nbsp;Grante RT Esztergom-kertv\u00e1ros<\/td><td class=\"has-text-align-right\" data-align=\"right\">&nbsp;200 m<sup>2<\/sup><\/td><\/tr><tr><td>11.<\/td><td>&nbsp;Styevola \u00e9s fia Skoda keresked\u00e9s Esztergom<\/td><td class=\"has-text-align-right\" data-align=\"right\">&nbsp;340 m<sup>2<\/sup><\/td><\/tr><tr><td>12.<\/td><td>&nbsp;Csemege Julius Meinl Rt.<\/td><td class=\"has-text-align-right\" data-align=\"right\">&nbsp;200 m<sup>2<\/sup><\/td><\/tr><tr><td>13.<\/td><td>&nbsp;\u00c9DV Rt. Esztergomi V\u00edzkiv\u00e9teli telep<\/td><td class=\"has-text-align-right\" data-align=\"right\">&nbsp;300 m<sup>2<\/sup><\/td><\/tr><tr><td>14.<\/td><td>&nbsp;Varga \u00e9s T\u00e1rsa Kft. Dorog<\/td><td class=\"has-text-align-right\" data-align=\"right\">&nbsp;1.400 m<sup>2<\/sup><\/td><\/tr><tr><td>15.<\/td><td>&nbsp;Kom\u00e1rom-Esztergom Megyei \u00d6nkorm\u00e1nyzat<\/td><td class=\"has-text-align-right\" data-align=\"right\">&nbsp;2.100 m<sup>2<\/sup><\/td><\/tr><tr><td>16.<\/td><td>&nbsp;Esztergom Aranyhegyi 3 lak\u00f3h\u00e1z<\/td><td class=\"has-text-align-right\" data-align=\"right\">&nbsp;300 m<sup>2<\/sup><\/td><\/tr><tr><td>17.<\/td><td>&nbsp;Vit\u00e9z J\u00e1nos Tan\u00edt\u00f3k\u00e9pz\u0151 F\u0151iskola tornaterem CPE szigetel\u00e9s<\/td><td class=\"has-text-align-right\" data-align=\"right\">&nbsp;500 m<sup>2<\/sup><\/td><\/tr><tr><td>18.<\/td><td>&nbsp;Esztergom M\u00f3ricz Zs. u. 3. Lak\u00f3h\u00e1z<\/td><td class=\"has-text-align-right\" data-align=\"right\">&nbsp;350 m<sup>2<\/sup><\/td><\/tr><tr><td>19.<\/td><td>&nbsp;Esztergom-Dorog Er\u0151m\u0171 Kft.<\/td><td class=\"has-text-align-right\" data-align=\"right\">&nbsp;320 m<sup>2<\/sup><\/td><\/tr><tr><td>20.<\/td><td>&nbsp;Unifer Kft Esztergom-kertv\u00e1ros<\/td><td class=\"has-text-align-right\" data-align=\"right\">&nbsp;860 m<sup>2<\/sup><\/td><\/tr><tr><td>21.<\/td><td>&nbsp;Radioakt\u00edv Hullad\u00e9ktemet\u0151 KHT. P\u00fcsp\u00f6kszil\u00e1gyi<\/td><td class=\"has-text-align-right\" data-align=\"right\">&nbsp;480 m<sup>2<\/sup><\/td><\/tr><tr><td>22.<\/td><td>&nbsp;E\u00f6tv\u00f6s J. \u00c1ltal\u00e1nos Iskola tornaterem, Dorog<\/td><td class=\"has-text-align-right\" data-align=\"right\">&nbsp;270 m<sup>2<\/sup><\/td><\/tr><tr><td>23.<\/td><td>&nbsp;Rendel\u0151 Int\u00e9zet Dorog<\/td><td class=\"has-text-align-right\" data-align=\"right\">&nbsp;1.200 m<sup>2<\/sup><\/td><\/tr><tr><td>24.<\/td><td>&nbsp;Magyar Suzuki Rt.<\/td><td class=\"has-text-align-right\" data-align=\"right\">&nbsp;550 m<sup>2<\/sup><\/td><\/tr><tr><td>25.<\/td><td>&nbsp;Forest Pap\u00edr Kft. L\u00e1batlan<\/td><td class=\"has-text-align-right\" data-align=\"right\">&nbsp;510 m<sup>2<\/sup><\/td><\/tr><tr><td>26.<\/td><td>&nbsp;Innomed Medical RT. Esztergom<\/td><td class=\"has-text-align-right\" data-align=\"right\">&nbsp;690 m<sup>2<\/sup><\/td><\/tr><tr><td>27.<\/td><td>&nbsp;V\u00e9rtes vol\u00e1n Rt. Dorog<\/td><td class=\"has-text-align-right\" data-align=\"right\">&nbsp;220 m<sup>2<\/sup><\/td><\/tr><tr><td>28.<\/td><td>&nbsp;Harcon RT. Budapest Megyer Lak\u00f3park PVC szigetel\u00e9s<\/td><td class=\"has-text-align-right\" data-align=\"right\">&nbsp;2.200 m<sup>2<\/sup><\/td><\/tr><tr><td>29.<\/td><td>&nbsp;\u00daj Strigon Kft. Esztergom<\/td><td class=\"has-text-align-right\" data-align=\"right\">&nbsp;500 m<sup>2<\/sup><\/td><\/tr><tr><td>30.<\/td><td>&nbsp;K\u00f6zl\u00f6nykiad\u00f3 Nyomda Lajosmizse<\/td><td class=\"has-text-align-right\" data-align=\"right\">&nbsp;230 m<sup>2<\/sup><\/td><\/tr><tr><td>31.<\/td><td>&nbsp;K\u00f6z\u00fatkezel\u0151 KHT. Esztergom<\/td><td class=\"has-text-align-right\" data-align=\"right\">&nbsp;600 m<sup>2<\/sup><\/td><\/tr><tr><td>32.<\/td><td>&nbsp;F\u00f6ldhivatal Dorog<\/td><td class=\"has-text-align-right\" data-align=\"right\">&nbsp;700 m<sup>2<\/sup><\/td><\/tr><tr><td>33.<\/td><td>&nbsp;Architekton Rt. Budapest Andrassy u. 60.<\/td><td class=\"has-text-align-right\" data-align=\"right\">&nbsp;210 m<sup>2<\/sup><\/td><\/tr><tr><td>34.<\/td><td>&nbsp;Z\u00c1\u00c9V RT. Budapest P\u00e9terhegyi lak\u00f3park<\/td><td class=\"has-text-align-right\" data-align=\"right\">&nbsp;410 m<sup>2<\/sup><\/td><\/tr><tr><td>35.<\/td><td>&nbsp;\u00c9D\u00c1SZ RT. Esztergom<\/td><td class=\"has-text-align-right\" data-align=\"right\">&nbsp;180 m<sup>2<\/sup><\/td><\/tr><\/tbody><\/table><\/figure>\n","protected":false},"excerpt":{"rendered":"<p>1. &nbsp;Szentendrei Pap\u00edrgy\u00e1r Rt. &nbsp;2.180 m2 2. &nbsp;Lak\u00e1sfenntart\u00f3 Sz\u00f6vetkezet Esztergom &nbsp;1.800 m2 3. &nbsp;Bazsa 2000 BT. Budapest &nbsp;600 m2 4. &nbsp;Richter Gedeon Vegy\u00e9szeti Gy\u00e1r Rt., Dorogi Fi\u00f3ktelep &nbsp;2.440 m2 5. &nbsp;Esztergomi Vaszary Kolos K\u00f3rh\u00e1z &nbsp;700 m2 6. &nbsp;Kienle+Speise Kft Tokod &nbsp;1.300 m2 7. &nbsp;Zoltek Rt. Nyerges\u00fajfalu &nbsp;800 m2 8. &nbsp;Bokk-Net Kft. Esztergom-kertv\u00e1ros &nbsp;600 m2 9. &hellip; <a href=\"https:\/\/szigbad.hu.webhost.v-comp.ch\/?page_id=259\" class=\"more-link\">Continue reading<span class=\"screen-reader-text\"> &#8220;2001. \u00e9vi referencialista&#8221;<\/span><\/a><\/p>\n","protected":false},"author":1,"featured_media":0,"parent":0,"menu_order":0,"comment_status":"closed","ping_status":"closed","template":"","meta":{"footnotes":""},"class_list":["post-259","page","type-page","status-publish","hentry"],"_links":{"self":[{"href":"https:\/\/szigbad.hu.webhost.v-comp.ch\/index.php?rest_route=\/wp\/v2\/pages\/259","targetHints":{"allow":["GET"]}}],"collection":[{"href":"https:\/\/szigbad.hu.webhost.v-comp.ch\/index.php?rest_route=\/wp\/v2\/pages"}],"about":[{"href":"https:\/\/szigbad.hu.webhost.v-comp.ch\/index.php?rest_route=\/wp\/v2\/types\/page"}],"author":[{"embeddable":true,"href":"https:\/\/szigbad.hu.webhost.v-comp.ch\/index.php?rest_route=\/wp\/v2\/users\/1"}],"replies":[{"embeddable":true,"href":"https:\/\/szigbad.hu.webhost.v-comp.ch\/index.php?rest_route=%2Fwp%2Fv2%2Fcomments&post=259"}],"version-history":[{"count":1,"href":"https:\/\/szigbad.hu.webhost.v-comp.ch\/index.php?rest_route=\/wp\/v2\/pages\/259\/revisions"}],"predecessor-version":[{"id":303,"href":"https:\/\/szigbad.hu.webhost.v-comp.ch\/index.php?rest_route=\/wp\/v2\/pages\/259\/revisions\/303"}],"wp:attachment":[{"href":"https:\/\/szigbad.hu.webhost.v-comp.ch\/index.php?rest_route=%2Fwp%2Fv2%2Fmedia&parent=259"}],"curies":[{"name":"wp","href":"https:\/\/api.w.org\/{rel}","templated":true}]}}