{"id":262,"date":"2023-03-30T22:14:21","date_gmt":"2023-03-30T20:14:21","guid":{"rendered":"https:\/\/szigbad.hu.webhost.v-comp.ch\/?page_id=262"},"modified":"2023-03-30T22:37:51","modified_gmt":"2023-03-30T20:37:51","slug":"2002-evi-referencialista","status":"publish","type":"page","link":"https:\/\/szigbad.hu.webhost.v-comp.ch\/?page_id=262","title":{"rendered":"2002. \u00e9vi referencialista"},"content":{"rendered":"\n<figure class=\"wp-block-table\"><table><tbody><tr><td>1.<\/td><td>&nbsp;Dorogi Hullad\u00e9k\u00e9get\u0151 Kft.<\/td><td class=\"has-text-align-right\" data-align=\"right\">&nbsp;200 m<sup>2<\/sup><\/td><\/tr><tr><td>2.<\/td><td>&nbsp;Vaszary Kolos K\u00f3rh\u00e1z Esztergom<\/td><td class=\"has-text-align-right\" data-align=\"right\">&nbsp;200 m<sup>2<\/sup><\/td><\/tr><tr><td>3.<\/td><td>&nbsp;Fellner Jakab Szakiskola Tatab\u00e1nya<\/td><td class=\"has-text-align-right\" data-align=\"right\">&nbsp;5.600 m<sup>2<\/sup><\/td><\/tr><tr><td>4.<\/td><td>&nbsp;\u00c9D\u00c1SZ Rt. Traf\u00f3\u00e1llom\u00e1s<\/td><td class=\"has-text-align-right\" data-align=\"right\">&nbsp;100 m<sup>2<\/sup><\/td><\/tr><tr><td>5.<\/td><td>&nbsp;Grante Rt.<\/td><td class=\"has-text-align-right\" data-align=\"right\">&nbsp;350 m<sup>2<\/sup><\/td><\/tr><tr><td>6.<\/td><td>&nbsp;J\u00f3zsef Attila \u00c1ltal\u00e1nos Iskola konyha, Esztergom<\/td><td class=\"has-text-align-right\" data-align=\"right\">&nbsp;600 m<sup>2<\/sup><\/td><\/tr><tr><td>7.<\/td><td>&nbsp;Relabor Kft. Dorogi \u00fczem<\/td><td class=\"has-text-align-right\" data-align=\"right\">&nbsp;300 m<sup>2<\/sup><\/td><\/tr><tr><td>8.<\/td><td>&nbsp;Arany J\u00e1nos \u00c1ltal\u00e1nos Iskola, L\u00e1batlan<\/td><td class=\"has-text-align-right\" data-align=\"right\">&nbsp;750 m<sup>2<\/sup><\/td><\/tr><tr><td>9.<\/td><td>&nbsp;Cs\u0151viszsz Kft. Esztergom-kertv\u00e1ros lak\u00f3park<\/td><td class=\"has-text-align-right\" data-align=\"right\">&nbsp;900 m<sup>2<\/sup><\/td><\/tr><tr><td>10.<\/td><td>&nbsp;Esztergom Monteverdi u 2. lak\u00f3h\u00e1z<\/td><td class=\"has-text-align-right\" data-align=\"right\">&nbsp;300 m<sup>2<\/sup><\/td><\/tr><tr><td>11.<\/td><td>&nbsp;G\u00e9za Fejedelm Szakiskola Esztergom<\/td><td class=\"has-text-align-right\" data-align=\"right\">&nbsp;150 m<sup>2<\/sup><\/td><\/tr><tr><td>12.<\/td><td>&nbsp;TESCO \u00c1ruh\u00e1z, Esztergom PVC szigetel\u00e9si r\u00e9szfeladatok<\/td><td class=\"has-text-align-right\" data-align=\"right\">&nbsp;10.000 m<sup>2<\/sup><\/td><\/tr><tr><td>13.<\/td><td>&nbsp;Esztergom Dobog\u00f3k\u0151i \u00fat 35. lak\u00f3h\u00e1z<\/td><td class=\"has-text-align-right\" data-align=\"right\">&nbsp;700 m<sup>2<\/sup><\/td><\/tr><tr><td>14.<\/td><td>&nbsp;Megyer Lak\u00f3park Budapest, PVC szigetel\u00e9s<\/td><td class=\"has-text-align-right\" data-align=\"right\">&nbsp;2.500 m<sup>2<\/sup><\/td><\/tr><tr><td>15.<\/td><td>&nbsp;Benedek Elek \u00f3voda, Nyerges\u00fajfalu<\/td><td class=\"has-text-align-right\" data-align=\"right\">&nbsp;400 m<sup>2<\/sup><\/td><\/tr><tr><td>16.<\/td><td>&nbsp;Esztergom B\u00e1nomi ltp. 20. lak\u00f3h\u00e1z<\/td><td class=\"has-text-align-right\" data-align=\"right\">&nbsp;300 m<sup>2<\/sup><\/td><\/tr><tr><td>17.<\/td><td>&nbsp;F\u00f6ldhivatal Tatab\u00e1nya<\/td><td class=\"has-text-align-right\" data-align=\"right\">&nbsp;150 m<sup>2<\/sup><\/td><\/tr><tr><td>18.<\/td><td>&nbsp;SCH+ F Kft. Le\u00e1nyv\u00e1r<\/td><td class=\"has-text-align-right\" data-align=\"right\">&nbsp;250 m<sup>2<\/sup><\/td><\/tr><tr><td>19.<\/td><td>&nbsp;Esztergom Budai N. A. u. 21. lak\u00f3h\u00e1z<\/td><td class=\"has-text-align-right\" data-align=\"right\">&nbsp;300 m<sup>2<\/sup><\/td><\/tr><tr><td>20.<\/td><td>&nbsp;Magyar Suzuki Rt. PVC szigetel\u00e9s<\/td><td class=\"has-text-align-right\" data-align=\"right\">&nbsp;200 m<sup>2<\/sup><\/td><\/tr><tr><td>21.<\/td><td>&nbsp;Esztergom Schweidel J. u. 2\/c lak\u00f3h\u00e1z<\/td><td class=\"has-text-align-right\" data-align=\"right\">&nbsp;300 m<sup>2<\/sup><\/td><\/tr><tr><td>22.<\/td><td>&nbsp;L\u00e1batlan Polg\u00e1rmesteri Hivatal<\/td><td class=\"has-text-align-right\" data-align=\"right\">&nbsp;350 m<sup>2<\/sup><\/td><\/tr><tr><td>23.<\/td><td>&nbsp;Fut\u00e1r Kft., Dorog<\/td><td class=\"has-text-align-right\" data-align=\"right\">&nbsp;400 m<sup>2<\/sup><\/td><\/tr><tr><td>24.<\/td><td>&nbsp;Kienle+Spiesse Kft<\/td><td class=\"has-text-align-right\" data-align=\"right\">&nbsp;1.300 m<sup>2<\/sup><\/td><\/tr><tr><td>25.<\/td><td>&nbsp;Honv\u00e9d \u00fati \u00f3voda, Esztergom PVC szigetel\u00e9s<\/td><td class=\"has-text-align-right\" data-align=\"right\">&nbsp;100 m<sup>2<\/sup><\/td><\/tr><tr><td>26.<\/td><td>&nbsp;Szentendrei Pap\u00edr Rt.<\/td><td class=\"has-text-align-right\" data-align=\"right\">&nbsp;450 m<sup>2<\/sup><\/td><\/tr><tr><td>27.<\/td><td>&nbsp;Esztergom B\u00e1nomi ltp. 8. lak\u00f3h\u00e1z<\/td><td class=\"has-text-align-right\" data-align=\"right\">&nbsp;300 m<sup>2<\/sup><\/td><\/tr><tr><td>28.<\/td><td>&nbsp;L\u00e1batlan \u00d6regek Napk\u00f6zi Otthona<\/td><td class=\"has-text-align-right\" data-align=\"right\">&nbsp;100 m<sup>2<\/sup><\/td><\/tr><tr><td>29.<\/td><td>&nbsp;Esztergom B\u00e1nomi ltp. 16. lak\u00f3h\u00e1z<\/td><td class=\"has-text-align-right\" data-align=\"right\">&nbsp;300 m<sup>2<\/sup><\/td><\/tr><tr><td>30.<\/td><td>&nbsp;Pfleiderer L\u00e1batlani Vasbetinipari Rt.<\/td><td class=\"has-text-align-right\" data-align=\"right\">&nbsp;600 m<sup>2<\/sup><\/td><\/tr><tr><td>31.<\/td><td>&nbsp;Magyar Suzuki Rt.<\/td><td class=\"has-text-align-right\" data-align=\"right\">&nbsp;30 m<sup>2<\/sup><\/td><\/tr><tr><td>32.<\/td><td>&nbsp;T\u00e1t Polg\u00e1rmesteri Hivatal, T\u00e1t-kertv\u00e1ros ABC<\/td><td class=\"has-text-align-right\" data-align=\"right\">&nbsp;400 m<sup>2<\/sup><\/td><\/tr><tr><td>33.<\/td><td>&nbsp;Mindszenty J. \u00c1lt. Isk. Tornaterm, Esztergom PVC szigetel\u00e9s<\/td><td class=\"has-text-align-right\" data-align=\"right\">&nbsp;280 m<sup>2<\/sup><\/td><\/tr><tr><td>34.<\/td><td>&nbsp;Esztergom Aranyhegyi 10. lak\u00f3h\u00e1z<\/td><td class=\"has-text-align-right\" data-align=\"right\">&nbsp;150 m<sup>2<\/sup><\/td><\/tr><tr><td>35.<\/td><td>&nbsp;Visegr\u00e1di Kir\u00e1lyi palota<\/td><td class=\"has-text-align-right\" data-align=\"right\">&nbsp;1.000 m<sup>2<\/sup><\/td><\/tr><tr><td>36.<\/td><td>&nbsp;Zoltek Rt. Nyerges\u00fajfalu<\/td><td class=\"has-text-align-right\" data-align=\"right\">&nbsp;1.200 m<sup>2<\/sup><\/td><\/tr><\/tbody><\/table><\/figure>\n","protected":false},"excerpt":{"rendered":"<p>1. &nbsp;Dorogi Hullad\u00e9k\u00e9get\u0151 Kft. &nbsp;200 m2 2. &nbsp;Vaszary Kolos K\u00f3rh\u00e1z Esztergom &nbsp;200 m2 3. &nbsp;Fellner Jakab Szakiskola Tatab\u00e1nya &nbsp;5.600 m2 4. &nbsp;\u00c9D\u00c1SZ Rt. Traf\u00f3\u00e1llom\u00e1s &nbsp;100 m2 5. &nbsp;Grante Rt. &nbsp;350 m2 6. &nbsp;J\u00f3zsef Attila \u00c1ltal\u00e1nos Iskola konyha, Esztergom &nbsp;600 m2 7. &nbsp;Relabor Kft. Dorogi \u00fczem &nbsp;300 m2 8. &nbsp;Arany J\u00e1nos \u00c1ltal\u00e1nos Iskola, L\u00e1batlan &nbsp;750 m2 &hellip; <a href=\"https:\/\/szigbad.hu.webhost.v-comp.ch\/?page_id=262\" class=\"more-link\">Continue reading<span class=\"screen-reader-text\"> &#8220;2002. \u00e9vi referencialista&#8221;<\/span><\/a><\/p>\n","protected":false},"author":1,"featured_media":0,"parent":0,"menu_order":0,"comment_status":"closed","ping_status":"closed","template":"","meta":{"footnotes":""},"class_list":["post-262","page","type-page","status-publish","hentry"],"_links":{"self":[{"href":"https:\/\/szigbad.hu.webhost.v-comp.ch\/index.php?rest_route=\/wp\/v2\/pages\/262","targetHints":{"allow":["GET"]}}],"collection":[{"href":"https:\/\/szigbad.hu.webhost.v-comp.ch\/index.php?rest_route=\/wp\/v2\/pages"}],"about":[{"href":"https:\/\/szigbad.hu.webhost.v-comp.ch\/index.php?rest_route=\/wp\/v2\/types\/page"}],"author":[{"embeddable":true,"href":"https:\/\/szigbad.hu.webhost.v-comp.ch\/index.php?rest_route=\/wp\/v2\/users\/1"}],"replies":[{"embeddable":true,"href":"https:\/\/szigbad.hu.webhost.v-comp.ch\/index.php?rest_route=%2Fwp%2Fv2%2Fcomments&post=262"}],"version-history":[{"count":1,"href":"https:\/\/szigbad.hu.webhost.v-comp.ch\/index.php?rest_route=\/wp\/v2\/pages\/262\/revisions"}],"predecessor-version":[{"id":304,"href":"https:\/\/szigbad.hu.webhost.v-comp.ch\/index.php?rest_route=\/wp\/v2\/pages\/262\/revisions\/304"}],"wp:attachment":[{"href":"https:\/\/szigbad.hu.webhost.v-comp.ch\/index.php?rest_route=%2Fwp%2Fv2%2Fmedia&parent=262"}],"curies":[{"name":"wp","href":"https:\/\/api.w.org\/{rel}","templated":true}]}}