{"id":265,"date":"2023-03-30T22:16:02","date_gmt":"2023-03-30T20:16:02","guid":{"rendered":"https:\/\/szigbad.hu.webhost.v-comp.ch\/?page_id=265"},"modified":"2023-03-30T22:37:56","modified_gmt":"2023-03-30T20:37:56","slug":"2003-evi-referencialista","status":"publish","type":"page","link":"https:\/\/szigbad.hu.webhost.v-comp.ch\/?page_id=265","title":{"rendered":"2003. \u00e9vi referencialista"},"content":{"rendered":"\n<figure class=\"wp-block-table\"><table><tbody><tr><td>1.<\/td><td>&nbsp;Neuzer Kft. PVC szigetel\u00e9s<\/td><td class=\"has-text-align-right\" data-align=\"right\">&nbsp;250 m<sup>2<\/sup><\/td><\/tr><tr><td>&nbsp;2.<\/td><td>&nbsp;Dorog V\u00e1ros\u00fczemletet\u00e9si KHT rendel\u0151 int\u00e9zet<\/td><td class=\"has-text-align-right\" data-align=\"right\">&nbsp;450 m<sup>2<\/sup><\/td><\/tr><tr><td>&nbsp;3.<\/td><td>&nbsp;Szentendrei Pap\u00edr RT.<\/td><td class=\"has-text-align-right\" data-align=\"right\">&nbsp;680 m<sup>2<\/sup><\/td><\/tr><tr><td>&nbsp;4.<\/td><td>&nbsp;Bokk-Net Kft.<\/td><td class=\"has-text-align-right\" data-align=\"right\">&nbsp;240 m<sup>2<\/sup><\/td><\/tr><tr><td>&nbsp;5.<\/td><td>&nbsp;Volt Hell J. Szakk\u00f6z\u00e9p iskola<\/td><td class=\"has-text-align-right\" data-align=\"right\">&nbsp;800 m<sup>2<\/sup><\/td><\/tr><tr><td>&nbsp;6.<\/td><td>&nbsp;Lak\u00e1sfenntart\u00f3 Sz\u00f6vetkezet<\/td><td class=\"has-text-align-right\" data-align=\"right\">&nbsp;2.780 m<sup>2<\/sup><\/td><\/tr><tr><td>&nbsp;7.<\/td><td>&nbsp;Magyar Suzuki RT PVC szigetel\u00e9s<\/td><td class=\"has-text-align-right\" data-align=\"right\">&nbsp;500 m<sup>2<\/sup><\/td><\/tr><tr><td>&nbsp;8.<\/td><td>&nbsp;M0 Aut\u00f3centrum<\/td><td class=\"has-text-align-right\" data-align=\"right\">&nbsp;150 m<sup>2<\/sup><\/td><\/tr><tr><td>&nbsp;9.<\/td><td>&nbsp;Nyerges\u00fajfalu M\u00e1jus 1 t\u00e9r 4<\/td><td class=\"has-text-align-right\" data-align=\"right\">&nbsp;200 m<sup>2<\/sup><\/td><\/tr><tr><td>&nbsp;10.<\/td><td>&nbsp;Gran \u00c1f\u00e9sz Kft. Esztergom<\/td><td class=\"has-text-align-right\" data-align=\"right\">&nbsp;800 m<sup>2<\/sup><\/td><\/tr><tr><td>&nbsp;11.<\/td><td>&nbsp;Esztergom R\u00e9nyi R. \u00dat 17-19<\/td><td class=\"has-text-align-right\" data-align=\"right\">&nbsp;350 m<sup>2<\/sup><\/td><\/tr><tr><td>&nbsp;12.<\/td><td>&nbsp;Kom\u00e1rom-Esztergom Megyei \u00d6nkorm\u00e1nyzat<\/td><td class=\"has-text-align-right\" data-align=\"right\">&nbsp;2.200 m<sup>2<\/sup><\/td><\/tr><tr><td>&nbsp;13.<\/td><td>&nbsp;Hotel Esztergom<\/td><td class=\"has-text-align-right\" data-align=\"right\">&nbsp;280 m<sup>2<\/sup><\/td><\/tr><tr><td>&nbsp;14.<\/td><td>&nbsp;Dorog K\u00f6zt\u00e1rsas\u00e1g \u00fati lak\u00e1sok<\/td><td class=\"has-text-align-right\" data-align=\"right\">&nbsp;220 m<sup>2<\/sup><\/td><\/tr><tr><td>&nbsp;15.<\/td><td>&nbsp;Eszetrgom Schweidel J u. 2B, 2D<\/td><td class=\"has-text-align-right\" data-align=\"right\">&nbsp;600 m<sup>2<\/sup><\/td><\/tr><tr><td>&nbsp;16.<\/td><td>&nbsp;Budapest B\u00e9ke \u00fat Petneh\u00e1zy \u00fat sarok t\u00e1rsash\u00e1z<\/td><td class=\"has-text-align-right\" data-align=\"right\">&nbsp;830 m<sup>2<\/sup><\/td><\/tr><tr><td>&nbsp;17.<\/td><td>&nbsp;Nyerges\u00fajfalu M\u00e1jus 1 t\u00e9r 7.<\/td><td class=\"has-text-align-right\" data-align=\"right\">&nbsp;350 m<sup>2<\/sup><\/td><\/tr><tr><td>&nbsp;18.<\/td><td>&nbsp;Met\u00e1l Horv\u00e1th Kft Esztergom-kertv\u00e1ros<\/td><td class=\"has-text-align-right\" data-align=\"right\">&nbsp;170 m<sup>2<\/sup><\/td><\/tr><tr><td>&nbsp;19.<\/td><td>&nbsp;Vit\u00e9z J\u00e1nos Romai Katolikus Tan\u00edt\u00f3k\u00e9pz\u0151 F\u0151iskola<\/td><td class=\"has-text-align-right\" data-align=\"right\">&nbsp;150 m<sup>2<\/sup><\/td><\/tr><tr><td>&nbsp;20.<\/td><td>&nbsp;Magyar Suzuki Rt. Teherporta<\/td><td class=\"has-text-align-right\" data-align=\"right\">&nbsp;210 m<sup>2<\/sup><\/td><\/tr><tr><td>&nbsp;21.<\/td><td>&nbsp;Promt\u00e1vh\u0151 Kft.<\/td><td class=\"has-text-align-right\" data-align=\"right\">&nbsp;440 m<sup>2<\/sup><\/td><\/tr><tr><td>&nbsp;22.<\/td><td>&nbsp;Piszke Ltp 6\/1 L\u00e1batlan<\/td><td class=\"has-text-align-right\" data-align=\"right\">&nbsp;350 m<sup>2<\/sup><\/td><\/tr><tr><td>&nbsp;23.<\/td><td>&nbsp;Budapest Zs\u00e9lyi A. 33-35 lak\u00f3h\u00e1z<\/td><td class=\"has-text-align-right\" data-align=\"right\">&nbsp;550 m<sup>2<\/sup><\/td><\/tr><tr><td>&nbsp;24.<\/td><td>&nbsp;Start-Tran \u00c9p\u00edt\u0151anyag \u00c1ruh\u00e1z Nyerges\u00fajfalu<\/td><td class=\"has-text-align-right\" data-align=\"right\">&nbsp;600 m<sup>2<\/sup><\/td><\/tr><tr><td>&nbsp;25.<\/td><td>&nbsp;Grante RT. Esztergom-kertv\u00e1ros<\/td><td class=\"has-text-align-right\" data-align=\"right\">&nbsp;4.200 m<sup>2<\/sup><\/td><\/tr><tr><td>&nbsp;26.<\/td><td>&nbsp;Zoltek Rt.<\/td><td class=\"has-text-align-right\" data-align=\"right\">&nbsp;7.600 m<sup>2<\/sup><\/td><\/tr><tr><td>&nbsp;27.<\/td><td>&nbsp;Esztergom Le\u00e1nynevel\u0151 Int\u00e9zet<\/td><td class=\"has-text-align-right\" data-align=\"right\">&nbsp;120 m<sup>2<\/sup><\/td><\/tr><tr><td>&nbsp;28.<\/td><td>&nbsp;\u00c9DV RT. Esztergom<\/td><td class=\"has-text-align-right\" data-align=\"right\">&nbsp;240 m<sup>2<\/sup><\/td><\/tr><tr><td>&nbsp;29.<\/td><td>&nbsp;Harcon Domus Kft. Bp. Megyer Lak\u00f3park A1,A2,A3 \u00e9p. PVC szig.<\/td><td class=\"has-text-align-right\" data-align=\"right\">&nbsp;2.200 m<sup>2<\/sup><\/td><\/tr><tr><td>&nbsp;30.<\/td><td>&nbsp;Richter Gedeon Vegy\u00e9szeti Gy\u00e1r RT. Dorogi Fi\u00f3ktelep<\/td><td class=\"has-text-align-right\" data-align=\"right\">&nbsp;2.650 m<sup>2<\/sup><\/td><\/tr><\/tbody><\/table><\/figure>\n\n\n\n<p><strong>Talajnedvess\u00e9g \u00e9s v\u00edznyom\u00e1s elleni szigetel\u00e9sek<\/strong><\/p>\n\n\n\n<figure class=\"wp-block-table\"><table><tbody><tr><td>1.<\/td><td>&nbsp;Budapest Buda\u0151rsi \u00fat t\u00e1rsash\u00e1z<\/td><td class=\"has-text-align-right\" data-align=\"right\">&nbsp;550 m<sup>2<\/sup><\/td><\/tr><tr><td>2.<\/td><td>&nbsp;Architekton RT. Esztergom Kanonoksor<\/td><td class=\"has-text-align-right\" data-align=\"right\">&nbsp;700 m<sup>2<\/sup><\/td><\/tr><tr><td>3.<\/td><td>&nbsp;Budapest B\u00e9ke \u00fat Petneh\u00e1zy \u00fat sarok t\u00e1rsash\u00e1z<\/td><td class=\"has-text-align-right\" data-align=\"right\">&nbsp;600 m<sup>2<\/sup><\/td><\/tr><tr><td>4.<\/td><td>&nbsp;Budapest Zr\u00ednyi \u00fat csal\u00e1di h\u00e1z<\/td><td class=\"has-text-align-right\" data-align=\"right\">&nbsp;450 m<sup>2<\/sup><\/td><\/tr><tr><td>5.<\/td><td>&nbsp;Esztergom DOJO \u00e9s edz\u0151lak\u00e1s<\/td><td class=\"has-text-align-right\" data-align=\"right\">&nbsp;800 m<sup>2<\/sup><\/td><\/tr><tr><td>6.<\/td><td>&nbsp;Esztergom Siszler \u00fat sorh\u00e1z<\/td><td class=\"has-text-align-right\" data-align=\"right\">&nbsp;380 m<sup>2<\/sup><\/td><\/tr><tr><td>7.<\/td><td>&nbsp;Richter Gedeon Vegy\u00e9szeti Gy\u00e1r RT. Dorogi Fi\u00f3ktelep<\/td><td class=\"has-text-align-right\" data-align=\"right\">&nbsp;700 m<sup>2<\/sup><\/td><\/tr><tr><td>8.<\/td><td>&nbsp;L\u00e1batlan 18 lak\u00e1sos t\u00e1rsash\u00e1z<\/td><td class=\"has-text-align-right\" data-align=\"right\">&nbsp;1.100 m<sup>2<\/sup><\/td><\/tr><\/tbody><\/table><\/figure>\n","protected":false},"excerpt":{"rendered":"<p>1. &nbsp;Neuzer Kft. PVC szigetel\u00e9s &nbsp;250 m2 &nbsp;2. &nbsp;Dorog V\u00e1ros\u00fczemletet\u00e9si KHT rendel\u0151 int\u00e9zet &nbsp;450 m2 &nbsp;3. &nbsp;Szentendrei Pap\u00edr RT. &nbsp;680 m2 &nbsp;4. &nbsp;Bokk-Net Kft. &nbsp;240 m2 &nbsp;5. &nbsp;Volt Hell J. Szakk\u00f6z\u00e9p iskola &nbsp;800 m2 &nbsp;6. &nbsp;Lak\u00e1sfenntart\u00f3 Sz\u00f6vetkezet &nbsp;2.780 m2 &nbsp;7. &nbsp;Magyar Suzuki RT PVC szigetel\u00e9s &nbsp;500 m2 &nbsp;8. &nbsp;M0 Aut\u00f3centrum &nbsp;150 m2 &nbsp;9. &nbsp;Nyerges\u00fajfalu M\u00e1jus &hellip; <a href=\"https:\/\/szigbad.hu.webhost.v-comp.ch\/?page_id=265\" class=\"more-link\">Continue reading<span class=\"screen-reader-text\"> &#8220;2003. \u00e9vi referencialista&#8221;<\/span><\/a><\/p>\n","protected":false},"author":1,"featured_media":0,"parent":0,"menu_order":0,"comment_status":"closed","ping_status":"closed","template":"","meta":{"footnotes":""},"class_list":["post-265","page","type-page","status-publish","hentry"],"_links":{"self":[{"href":"https:\/\/szigbad.hu.webhost.v-comp.ch\/index.php?rest_route=\/wp\/v2\/pages\/265","targetHints":{"allow":["GET"]}}],"collection":[{"href":"https:\/\/szigbad.hu.webhost.v-comp.ch\/index.php?rest_route=\/wp\/v2\/pages"}],"about":[{"href":"https:\/\/szigbad.hu.webhost.v-comp.ch\/index.php?rest_route=\/wp\/v2\/types\/page"}],"author":[{"embeddable":true,"href":"https:\/\/szigbad.hu.webhost.v-comp.ch\/index.php?rest_route=\/wp\/v2\/users\/1"}],"replies":[{"embeddable":true,"href":"https:\/\/szigbad.hu.webhost.v-comp.ch\/index.php?rest_route=%2Fwp%2Fv2%2Fcomments&post=265"}],"version-history":[{"count":1,"href":"https:\/\/szigbad.hu.webhost.v-comp.ch\/index.php?rest_route=\/wp\/v2\/pages\/265\/revisions"}],"predecessor-version":[{"id":305,"href":"https:\/\/szigbad.hu.webhost.v-comp.ch\/index.php?rest_route=\/wp\/v2\/pages\/265\/revisions\/305"}],"wp:attachment":[{"href":"https:\/\/szigbad.hu.webhost.v-comp.ch\/index.php?rest_route=%2Fwp%2Fv2%2Fmedia&parent=265"}],"curies":[{"name":"wp","href":"https:\/\/api.w.org\/{rel}","templated":true}]}}