{"id":268,"date":"2023-03-30T22:17:16","date_gmt":"2023-03-30T20:17:16","guid":{"rendered":"https:\/\/szigbad.hu.webhost.v-comp.ch\/?page_id=268"},"modified":"2023-03-30T22:38:06","modified_gmt":"2023-03-30T20:38:06","slug":"2005-evi-referencialista","status":"publish","type":"page","link":"https:\/\/szigbad.hu.webhost.v-comp.ch\/?page_id=268","title":{"rendered":"2005. \u00e9vi referencialista"},"content":{"rendered":"\n<figure class=\"wp-block-table\"><table><tbody><tr><td>1.<\/td><td>&nbsp;Esztergomi Lak\u00e1sfenntart\u00f3 Sz\u00f6vetkezet<\/td><td class=\"has-text-align-right\" data-align=\"right\">&nbsp;3.200 m<sup>2<\/sup><\/td><\/tr><tr><td>2.<\/td><td>&nbsp;Budapest B\u00f3g\u00e1ncs \u00fat csarnok \u00e9p\u00fclet<\/td><td class=\"has-text-align-right\" data-align=\"right\">&nbsp;2.900 m<sup>2<\/sup><\/td><\/tr><tr><td>3.<\/td><td>&nbsp;Richter Gedeon Rt. Dorogi Fi\u00f3ktelep<\/td><td class=\"has-text-align-right\" data-align=\"right\">&nbsp;3.200 m<sup>2<\/sup><\/td><\/tr><tr><td>4.<\/td><td>&nbsp;Nauzer Ker\u00e9kp\u00e1r \u00fczem Csepel<\/td><td class=\"has-text-align-right\" data-align=\"right\">&nbsp;250 m<sup>2<\/sup><\/td><\/tr><tr><td>5.<\/td><td>&nbsp;Dorogi Gimn\u00e1zium tornaterem<\/td><td class=\"has-text-align-right\" data-align=\"right\">&nbsp;350 m<sup>2<\/sup><\/td><\/tr><tr><td>6.<\/td><td>&nbsp;Volt Hell szakk\u00f6z\u00e9p Iskola tornaterem tet\u0151szigetel\u00e9s<\/td><td class=\"has-text-align-right\" data-align=\"right\">&nbsp;600 m<sup>2<\/sup><\/td><\/tr><tr><td>7.<\/td><td>&nbsp;Esztergom Budai N. A. \u00fat 1\/d<\/td><td class=\"has-text-align-right\" data-align=\"right\">&nbsp;300 m<sup>2<\/sup><\/td><\/tr><tr><td>8.<\/td><td>&nbsp;G\u00e9za Fejedelem Szakmunk\u00e1sk\u00e9pz\u0151 Iskola Esztergom<\/td><td class=\"has-text-align-right\" data-align=\"right\">&nbsp;1.800 m<sup>2<\/sup><\/td><\/tr><tr><td>9.<\/td><td>&nbsp;Esztergom Honv\u00e9d \u00fati \u00f3voda<\/td><td class=\"has-text-align-right\" data-align=\"right\">&nbsp;800 m<sup>2<\/sup><\/td><\/tr><tr><td>10.<\/td><td>&nbsp;Esztergom Skoda Szalon b\u0151v\u00edt\u00e9s<\/td><td class=\"has-text-align-right\" data-align=\"right\">&nbsp;200 m<sup>2<\/sup><\/td><\/tr><tr><td>11.<\/td><td>&nbsp;Magyar Suzuki Rt.<\/td><td class=\"has-text-align-right\" data-align=\"right\">&nbsp;350 m<sup>2<\/sup><\/td><\/tr><tr><td>12.<\/td><td>&nbsp;Relabor C\u00e9lszervezet Rt<\/td><td class=\"has-text-align-right\" data-align=\"right\">&nbsp;450 m<sup>2<\/sup><\/td><\/tr><tr><td>13.<\/td><td>&nbsp;Esztergom Strand v\u00edzkiv\u00e9teli akna<\/td><td class=\"has-text-align-right\" data-align=\"right\">&nbsp;50 m<sup>2<\/sup><\/td><\/tr><tr><td>14.<\/td><td>&nbsp;Viadom RT. L\u00e1batlan iroda \u00e9p\u00fclet<\/td><td class=\"has-text-align-right\" data-align=\"right\">&nbsp;1.500 m<sup>2<\/sup><\/td><\/tr><tr><td>15.<\/td><td>&nbsp;EMI M\u00e9rn\u00f6kiroda Kft.<\/td><td class=\"has-text-align-right\" data-align=\"right\">&nbsp;750 m<sup>2<\/sup><\/td><\/tr><tr><td>16.<\/td><td>&nbsp;Budapest B\u00e9rc u. 4 terasztet\u0151<\/td><td class=\"has-text-align-right\" data-align=\"right\">&nbsp;670 m<sup>2<\/sup><\/td><\/tr><tr><td>17.<\/td><td>&nbsp;Budapest E\u00f6tv\u00f6s u. 22. terasztet\u0151k<\/td><td class=\"has-text-align-right\" data-align=\"right\">&nbsp;360 m<sup>2<\/sup><\/td><\/tr><tr><td>18.<\/td><td>&nbsp;KVI Tata V\u00e1r terasztet\u0151<\/td><td class=\"has-text-align-right\" data-align=\"right\">&nbsp;210 m<sup>2<\/sup><\/td><\/tr><tr><td>19.<\/td><td>&nbsp;Zoltek Rt. Pyron csarnok<\/td><td class=\"has-text-align-right\" data-align=\"right\">&nbsp;830 m<sup>2<\/sup><\/td><\/tr><tr><td>20.<\/td><td>&nbsp;F\u0150T\u00c1V RT. R\u00e1koskereszt\u00far G\u00e1zmotoros Er\u0151m\u0171<\/td><td class=\"has-text-align-right\" data-align=\"right\">&nbsp;970 m<sup>2<\/sup><\/td><\/tr><tr><td>21.<\/td><td>&nbsp;Esztergom Kolping Katolikus Szakiskola<\/td><td class=\"has-text-align-right\" data-align=\"right\">&nbsp;1.800 m<sup>2<\/sup><\/td><\/tr><tr><td>22.<\/td><td>&nbsp;KEM\u0150 EGSZSZ<\/td><td class=\"has-text-align-right\" data-align=\"right\">&nbsp;200 m<sup>2<\/sup><\/td><\/tr><tr><td>23.<\/td><td>&nbsp;Baj\u00f3t sportklub \u00f6lt\u00f6z\u0151<\/td><td class=\"has-text-align-right\" data-align=\"right\">&nbsp;150 m<sup>2<\/sup><\/td><\/tr><tr><td>24.<\/td><td>&nbsp;Esztergom Aranyhegyi \u00fat 6.<\/td><td class=\"has-text-align-right\" data-align=\"right\">&nbsp;300 m<sup>2<\/sup><\/td><\/tr><tr><td>25.<\/td><td>&nbsp;Csolnoki Szerelv\u00e9nygy\u00e1rt\u00f3 Kft.<\/td><td class=\"has-text-align-right\" data-align=\"right\">&nbsp;350 m<sup>2<\/sup><\/td><\/tr><tr><td>26.<\/td><td>&nbsp;Vaszary Kolos K\u00f3rh\u00e1z r\u00f6ntgen<\/td><td class=\"has-text-align-right\" data-align=\"right\">&nbsp;520 m<sup>2<\/sup><\/td><\/tr><tr><td>27.<\/td><td>&nbsp;Bokk-Net Kft.<\/td><td class=\"has-text-align-right\" data-align=\"right\">&nbsp;520 m<sup>2<\/sup><\/td><\/tr><tr><td>28.<\/td><td>&nbsp;MNM Visegr\u00e1d Kir\u00e1lyi Palota d\u00edszl\u00e9pcs\u0151<\/td><td class=\"has-text-align-right\" data-align=\"right\">&nbsp;280 m<sup>2<\/sup><\/td><\/tr><tr><td>29.<\/td><td>&nbsp;Esztergom VW szalon<\/td><td class=\"has-text-align-right\" data-align=\"right\">&nbsp;680 m<sup>2<\/sup><\/td><\/tr><tr><td>30.<\/td><td>&nbsp;Esztergom-kertv\u00e1ros OKT\u00c1V RT. nagyel\u0151ad\u00f3<\/td><td class=\"has-text-align-right\" data-align=\"right\">&nbsp;280 m<sup>2<\/sup><\/td><\/tr><tr><td>31.<\/td><td>&nbsp;KEM\u0150 Gyermekv\u00e9delmi Szakszolg\u00e1lat Tatab\u00e1nya<\/td><td class=\"has-text-align-right\" data-align=\"right\">&nbsp;2.100 m<sup>2<\/sup><\/td><\/tr><tr><td>32.<\/td><td>&nbsp;\u00daj Strigon Kft<\/td><td class=\"has-text-align-right\" data-align=\"right\">&nbsp;680 m<sup>2<\/sup><\/td><\/tr><\/tbody><\/table><\/figure>\n\n\n\n<p><strong>Talajnedvess\u00e9g \u00e9s v\u00edznyom\u00e1s elleni szigetel\u00e9sek<\/strong><\/p>\n\n\n\n<figure class=\"wp-block-table\"><table><tbody><tr><td>1.<\/td><td>Esztergom-kertv\u00e1ros Pszihi\u00e1triai betegek Otthona<\/td><td class=\"has-text-align-right\" data-align=\"right\">&nbsp;3.400 m<sup>2<\/sup><\/td><\/tr><tr><td>2.<\/td><td>Meditop Pilisborosjen\u0151<\/td><td class=\"has-text-align-right\" data-align=\"right\">&nbsp;100 m<sup>2<\/sup><\/td><\/tr><tr><td>3.<\/td><td>KVI Tata V\u00e1r<\/td><td class=\"has-text-align-right\" data-align=\"right\">&nbsp;160 m<sup>2<\/sup><\/td><\/tr><tr><td>4.<\/td><td>Budapest B\u00e9rc u. 4. T\u00e1rsash\u00e1z<\/td><td class=\"has-text-align-right\" data-align=\"right\">&nbsp;800 m<sup>2<\/sup><\/td><\/tr><tr><td>5.<\/td><td>Pro-built BT. Esztergom Galagony\u00e1s \u00fati t\u00e1rsash\u00e1zak<\/td><td class=\"has-text-align-right\" data-align=\"right\">&nbsp;580 m<sup>2<\/sup><\/td><\/tr><tr><td>6.<\/td><td>R\u00e1bl Ervin Nyerges\u00fajfalu csal\u00e1di h\u00e1z<\/td><td class=\"has-text-align-right\" data-align=\"right\">&nbsp;170 m<sup>2<\/sup><\/td><\/tr><tr><td>7.<\/td><td>Esztergom csal\u00e1di h\u00e1z<\/td><td class=\"has-text-align-right\" data-align=\"right\">&nbsp;380 m<sup>2<\/sup><\/td><\/tr><tr><td>8.<\/td><td>Budapest Megyeri \u00fat Diacenter Irodah\u00e1z<\/td><td class=\"has-text-align-right\" data-align=\"right\">&nbsp;2.900 m<sup>2<\/sup><\/td><\/tr><\/tbody><\/table><\/figure>\n","protected":false},"excerpt":{"rendered":"<p>1. &nbsp;Esztergomi Lak\u00e1sfenntart\u00f3 Sz\u00f6vetkezet &nbsp;3.200 m2 2. &nbsp;Budapest B\u00f3g\u00e1ncs \u00fat csarnok \u00e9p\u00fclet &nbsp;2.900 m2 3. &nbsp;Richter Gedeon Rt. Dorogi Fi\u00f3ktelep &nbsp;3.200 m2 4. &nbsp;Nauzer Ker\u00e9kp\u00e1r \u00fczem Csepel &nbsp;250 m2 5. &nbsp;Dorogi Gimn\u00e1zium tornaterem &nbsp;350 m2 6. &nbsp;Volt Hell szakk\u00f6z\u00e9p Iskola tornaterem tet\u0151szigetel\u00e9s &nbsp;600 m2 7. &nbsp;Esztergom Budai N. A. \u00fat 1\/d &nbsp;300 m2 8. &nbsp;G\u00e9za &hellip; <a href=\"https:\/\/szigbad.hu.webhost.v-comp.ch\/?page_id=268\" class=\"more-link\">Continue reading<span class=\"screen-reader-text\"> &#8220;2005. \u00e9vi referencialista&#8221;<\/span><\/a><\/p>\n","protected":false},"author":1,"featured_media":0,"parent":0,"menu_order":0,"comment_status":"closed","ping_status":"closed","template":"","meta":{"footnotes":""},"class_list":["post-268","page","type-page","status-publish","hentry"],"_links":{"self":[{"href":"https:\/\/szigbad.hu.webhost.v-comp.ch\/index.php?rest_route=\/wp\/v2\/pages\/268","targetHints":{"allow":["GET"]}}],"collection":[{"href":"https:\/\/szigbad.hu.webhost.v-comp.ch\/index.php?rest_route=\/wp\/v2\/pages"}],"about":[{"href":"https:\/\/szigbad.hu.webhost.v-comp.ch\/index.php?rest_route=\/wp\/v2\/types\/page"}],"author":[{"embeddable":true,"href":"https:\/\/szigbad.hu.webhost.v-comp.ch\/index.php?rest_route=\/wp\/v2\/users\/1"}],"replies":[{"embeddable":true,"href":"https:\/\/szigbad.hu.webhost.v-comp.ch\/index.php?rest_route=%2Fwp%2Fv2%2Fcomments&post=268"}],"version-history":[{"count":2,"href":"https:\/\/szigbad.hu.webhost.v-comp.ch\/index.php?rest_route=\/wp\/v2\/pages\/268\/revisions"}],"predecessor-version":[{"id":270,"href":"https:\/\/szigbad.hu.webhost.v-comp.ch\/index.php?rest_route=\/wp\/v2\/pages\/268\/revisions\/270"}],"wp:attachment":[{"href":"https:\/\/szigbad.hu.webhost.v-comp.ch\/index.php?rest_route=%2Fwp%2Fv2%2Fmedia&parent=268"}],"curies":[{"name":"wp","href":"https:\/\/api.w.org\/{rel}","templated":true}]}}