{"id":271,"date":"2023-03-30T22:18:23","date_gmt":"2023-03-30T20:18:23","guid":{"rendered":"https:\/\/szigbad.hu.webhost.v-comp.ch\/?page_id=271"},"modified":"2023-03-30T22:38:12","modified_gmt":"2023-03-30T20:38:12","slug":"2006-evi-referencialista","status":"publish","type":"page","link":"https:\/\/szigbad.hu.webhost.v-comp.ch\/?page_id=271","title":{"rendered":"2006. \u00e9vi referencialista"},"content":{"rendered":"\n<figure class=\"wp-block-table\"><table><tbody><tr><td>1.<\/td><td>&nbsp;Esztergomi Lak\u00e1sfenntart\u00f3 Sz\u00f6vetkezet<\/td><td class=\"has-text-align-right\" data-align=\"right\">&nbsp;1.800 m<sup>2<\/sup><\/td><\/tr><tr><td>2.<\/td><td>&nbsp;Esztergom Gyermek Kert Alap\u00edtv\u00e1ny<\/td><td class=\"has-text-align-right\" data-align=\"right\">&nbsp;150 m<sup>2<\/sup><\/td><\/tr><tr><td>3.<\/td><td>&nbsp;Richter Gedeon Rt. Dorogi Fi\u00f3ktelep<\/td><td class=\"has-text-align-right\" data-align=\"right\">&nbsp;1.700 m<sup>2<\/sup><\/td><\/tr><tr><td>4.<\/td><td>&nbsp;Dunag\u00e1z Zrt.<\/td><td class=\"has-text-align-right\" data-align=\"right\">&nbsp;250 m<sup>2<\/sup><\/td><\/tr><tr><td>5.<\/td><td>&nbsp;Fischer-Bau Kft. irodah\u00e1z<\/td><td class=\"has-text-align-right\" data-align=\"right\">&nbsp;180 m<sup>2<\/sup><\/td><\/tr><tr><td>6.<\/td><td>&nbsp;Nyerges\u00fajfalu M\u00e1jus 1 t\u00e9r 5<\/td><td class=\"has-text-align-right\" data-align=\"right\">&nbsp;250 m<sup>2<\/sup><\/td><\/tr><tr><td>7.<\/td><td>&nbsp;Esztergom B\u00e9ke t\u00e9r 60.<\/td><td class=\"has-text-align-right\" data-align=\"right\">&nbsp;100 m<sup>2<\/sup><\/td><\/tr><tr><td>8.<\/td><td>&nbsp;Kornox Kft. Dorog<\/td><td class=\"has-text-align-right\" data-align=\"right\">&nbsp;665 m<sup>2<\/sup><\/td><\/tr><tr><td>9.<\/td><td>&nbsp;Budapest Diacenter Irodah\u00e1z PVC szigetel\u00e9s<\/td><td class=\"has-text-align-right\" data-align=\"right\">&nbsp;1.800 m<sup>2<\/sup><\/td><\/tr><tr><td>10.<\/td><td>&nbsp;E-ON Rt. traf\u00f3h\u00e1zak<\/td><td class=\"has-text-align-right\" data-align=\"right\">&nbsp;300 m<sup>2<\/sup><\/td><\/tr><tr><td>11.<\/td><td>&nbsp;Magyar Suzuki Rt.<\/td><td class=\"has-text-align-right\" data-align=\"right\">&nbsp;350 m<sup>2<\/sup><\/td><\/tr><tr><td>12.<\/td><td>&nbsp;Tatab\u00e1nya Lila \u00d3voda<\/td><td class=\"has-text-align-right\" data-align=\"right\">&nbsp;1.450 m<sup>2<\/sup><\/td><\/tr><tr><td>13.<\/td><td>&nbsp;Mol Rt. Alm\u00e1sf\u00fczit\u0151 PVC szigetel\u00e9s<\/td><td class=\"has-text-align-right\" data-align=\"right\">&nbsp;250 m<sup>2<\/sup><\/td><\/tr><tr><td>14.<\/td><td>&nbsp;Esztergom volt mozi \u00e9p\u00fclete<\/td><td class=\"has-text-align-right\" data-align=\"right\">&nbsp;200 m<sup>2<\/sup><\/td><\/tr><tr><td>15.<\/td><td>&nbsp;Esztergom Panelprogram<\/td><td class=\"has-text-align-right\" data-align=\"right\">&nbsp;850 m<sup>2<\/sup><\/td><\/tr><tr><td>16.<\/td><td>&nbsp;S\u00fctt\u0151 Id\u0151sek Otthona<\/td><td class=\"has-text-align-right\" data-align=\"right\">&nbsp;70 m<sup>2<\/sup><\/td><\/tr><tr><td>17.<\/td><td>&nbsp;Budapest J\u00f3zsefhegyi \u00fat 5\/b PVC szigetel\u00e9s<\/td><td class=\"has-text-align-right\" data-align=\"right\">&nbsp;360 m<sup>2<\/sup><\/td><\/tr><tr><td>18.<\/td><td>&nbsp;Tatab\u00e1nya 410-es \u00e9p\u00fclet<\/td><td class=\"has-text-align-right\" data-align=\"right\">&nbsp;310 m<sup>2<\/sup><\/td><\/tr><tr><td>19.<\/td><td>&nbsp;Zoltek Rt.<\/td><td class=\"has-text-align-right\" data-align=\"right\">&nbsp;900 m<sup>2<\/sup><\/td><\/tr><tr><td>20.<\/td><td>&nbsp;Megyei F\u00f6ldhivatal Esztergom, Tatab\u00e1nya<\/td><td class=\"has-text-align-right\" data-align=\"right\">&nbsp;370 m<sup>2<\/sup><\/td><\/tr><tr><td>21.<\/td><td>&nbsp;Promt\u00e1vh\u00f3 Rt. Esztergomi h\u0151k\u00f6zpontok<\/td><td class=\"has-text-align-right\" data-align=\"right\">&nbsp;450 m<sup>2<\/sup><\/td><\/tr><tr><td>22.<\/td><td>&nbsp;KEM\u00d6 G\u00e9za Fejedelem&nbsp; Szakiskola<\/td><td class=\"has-text-align-right\" data-align=\"right\">&nbsp;1.200 m<sup>2<\/sup><\/td><\/tr><tr><td>23.<\/td><td>&nbsp;Okt\u00e1v Rt.<\/td><td class=\"has-text-align-right\" data-align=\"right\">&nbsp;500 m<sup>2<\/sup><\/td><\/tr><tr><td>24.<\/td><td>&nbsp;Dorog B\u00e9csi udvar PVC szigetel\u00e9s<\/td><td class=\"has-text-align-right\" data-align=\"right\">&nbsp;1.000 m<sup>2<\/sup><\/td><\/tr><tr><td>25.<\/td><td>&nbsp;KEM\u00d6 Megyeh\u00e1za<\/td><td class=\"has-text-align-right\" data-align=\"right\">&nbsp;1.900 m<sup>2<\/sup><\/td><\/tr><tr><td>26.<\/td><td>&nbsp;Esztergom Sz\u00e9chenyi t\u00e9r sz\u00f6k\u0151k\u00fat medenc\u00e9k<\/td><td class=\"has-text-align-right\" data-align=\"right\">&nbsp;180 m<sup>2<\/sup><\/td><\/tr><tr><td>27.<\/td><td>&nbsp;Esztergom-kertv\u00e1ros B\u00e1di-Gran Kft.<\/td><td class=\"has-text-align-right\" data-align=\"right\">&nbsp;500 m<sup>2<\/sup><\/td><\/tr><tr><td>28.<\/td><td>&nbsp;Budapest Szent Gy\u00f6rgy t\u00e9r romter\u00fclet<\/td><td class=\"has-text-align-right\" data-align=\"right\">&nbsp;2.100 m<sup>2<\/sup><\/td><\/tr><tr><td>29.<\/td><td>&nbsp;Agimpex Irodah\u00e1z<\/td><td class=\"has-text-align-right\" data-align=\"right\">&nbsp;680 m<sup>2<\/sup><\/td><\/tr><\/tbody><\/table><\/figure>\n\n\n\n<p><strong>Talajnedvess\u00e9g \u00e9s v\u00edznyom\u00e1s elleni szigetel\u00e9sek<\/strong><\/p>\n\n\n\n<figure class=\"wp-block-table\"><table><tbody><tr><td>1.<\/td><td>Esztergom Majer u. Panzi\u00f3<\/td><td class=\"has-text-align-right\" data-align=\"right\">&nbsp;500 m<sup>2<\/sup><\/td><\/tr><tr><td>2.<\/td><td>Esztergom volt mozi \u00e9p\u00fclet<\/td><td class=\"has-text-align-right\" data-align=\"right\">&nbsp;1.000 m<sup>2<\/sup><\/td><\/tr><tr><td>3.<\/td><td>Budapest Erd\u0151h\u00e1t \u00fat villa<\/td><td class=\"has-text-align-right\" data-align=\"right\">&nbsp;870 m<sup>2<\/sup><\/td><\/tr><tr><td>4.<\/td><td>Dorog B\u00e9csi udvar<\/td><td class=\"has-text-align-right\" data-align=\"right\">&nbsp;1.670 m<sup>2<\/sup><\/td><\/tr><tr><td>5.<\/td><td>Budapest J\u00f3zsefhegyi \u00fat 5\/b<\/td><td class=\"has-text-align-right\" data-align=\"right\">&nbsp;710 m<sup>2<\/sup><\/td><\/tr><tr><td>6.<\/td><td>Nyerges\u00fajfalu 18 lak\u00e1sos&nbsp; t\u00e1rsash\u00e1z<\/td><td class=\"has-text-align-right\" data-align=\"right\">&nbsp;570 m<sup>2<\/sup><\/td><\/tr><tr><td>7.<\/td><td>Agimpex Irodah\u00e1z<\/td><td class=\"has-text-align-right\" data-align=\"right\">&nbsp;360 m<sup>2<\/sup><\/td><\/tr><\/tbody><\/table><\/figure>\n","protected":false},"excerpt":{"rendered":"<p>1. &nbsp;Esztergomi Lak\u00e1sfenntart\u00f3 Sz\u00f6vetkezet &nbsp;1.800 m2 2. &nbsp;Esztergom Gyermek Kert Alap\u00edtv\u00e1ny &nbsp;150 m2 3. &nbsp;Richter Gedeon Rt. Dorogi Fi\u00f3ktelep &nbsp;1.700 m2 4. &nbsp;Dunag\u00e1z Zrt. &nbsp;250 m2 5. &nbsp;Fischer-Bau Kft. irodah\u00e1z &nbsp;180 m2 6. &nbsp;Nyerges\u00fajfalu M\u00e1jus 1 t\u00e9r 5 &nbsp;250 m2 7. &nbsp;Esztergom B\u00e9ke t\u00e9r 60. &nbsp;100 m2 8. &nbsp;Kornox Kft. Dorog &nbsp;665 m2 9. &nbsp;Budapest &hellip; <a href=\"https:\/\/szigbad.hu.webhost.v-comp.ch\/?page_id=271\" class=\"more-link\">Continue reading<span class=\"screen-reader-text\"> &#8220;2006. \u00e9vi referencialista&#8221;<\/span><\/a><\/p>\n","protected":false},"author":1,"featured_media":0,"parent":0,"menu_order":0,"comment_status":"closed","ping_status":"closed","template":"","meta":{"footnotes":""},"class_list":["post-271","page","type-page","status-publish","hentry"],"_links":{"self":[{"href":"https:\/\/szigbad.hu.webhost.v-comp.ch\/index.php?rest_route=\/wp\/v2\/pages\/271","targetHints":{"allow":["GET"]}}],"collection":[{"href":"https:\/\/szigbad.hu.webhost.v-comp.ch\/index.php?rest_route=\/wp\/v2\/pages"}],"about":[{"href":"https:\/\/szigbad.hu.webhost.v-comp.ch\/index.php?rest_route=\/wp\/v2\/types\/page"}],"author":[{"embeddable":true,"href":"https:\/\/szigbad.hu.webhost.v-comp.ch\/index.php?rest_route=\/wp\/v2\/users\/1"}],"replies":[{"embeddable":true,"href":"https:\/\/szigbad.hu.webhost.v-comp.ch\/index.php?rest_route=%2Fwp%2Fv2%2Fcomments&post=271"}],"version-history":[{"count":2,"href":"https:\/\/szigbad.hu.webhost.v-comp.ch\/index.php?rest_route=\/wp\/v2\/pages\/271\/revisions"}],"predecessor-version":[{"id":273,"href":"https:\/\/szigbad.hu.webhost.v-comp.ch\/index.php?rest_route=\/wp\/v2\/pages\/271\/revisions\/273"}],"wp:attachment":[{"href":"https:\/\/szigbad.hu.webhost.v-comp.ch\/index.php?rest_route=%2Fwp%2Fv2%2Fmedia&parent=271"}],"curies":[{"name":"wp","href":"https:\/\/api.w.org\/{rel}","templated":true}]}}