{"id":274,"date":"2023-03-30T22:19:19","date_gmt":"2023-03-30T20:19:19","guid":{"rendered":"https:\/\/szigbad.hu.webhost.v-comp.ch\/?page_id=274"},"modified":"2023-03-30T22:38:17","modified_gmt":"2023-03-30T20:38:17","slug":"2007-evi-referencialista","status":"publish","type":"page","link":"https:\/\/szigbad.hu.webhost.v-comp.ch\/?page_id=274","title":{"rendered":"2007. \u00e9vi referencialista"},"content":{"rendered":"\n<figure class=\"wp-block-table\"><table><tbody><tr><td>1.<\/td><td>Esztergomi Lak\u00e1sfenntart\u00f3 Sz\u00f6vetkezet<\/td><td class=\"has-text-align-right\" data-align=\"right\">&nbsp;2.200 m<sup>2<\/sup><\/td><\/tr><tr><td>2.<\/td><td>Budapest Szent Gy\u00f6rgy t\u00e9r romter\u00fclet<\/td><td class=\"has-text-align-right\" data-align=\"right\">&nbsp;1.000 m<sup>2<\/sup><\/td><\/tr><tr><td>3.<\/td><td>Richter Gedeon Rt. Dorogi Fi\u00f3ktelep<\/td><td class=\"has-text-align-right\" data-align=\"right\">&nbsp;1.200 m<sup>2<\/sup><\/td><\/tr><tr><td>4.<\/td><td>Esztergom Decsi Panzi\u00f3 PVC szigetel\u00e9s<\/td><td class=\"has-text-align-right\" data-align=\"right\">&nbsp;300 m<sup>2<\/sup><\/td><\/tr><tr><td>5.<\/td><td>Budapest J\u00e1sz u. 73. t\u00e1rsash\u00e1z PVC szigetel\u00e9s<\/td><td class=\"has-text-align-right\" data-align=\"right\">&nbsp;890 m<sup>2<\/sup><\/td><\/tr><tr><td>6.<\/td><td>E-ON Rt. traf\u00f3h\u00e1z<\/td><td class=\"has-text-align-right\" data-align=\"right\">&nbsp;400 m<sup>2<\/sup><\/td><\/tr><tr><td>7.<\/td><td>Esztergom Sanoh csarnok PVC szigetel\u00e9s<\/td><td class=\"has-text-align-right\" data-align=\"right\">&nbsp;3.600 m<sup>2<\/sup><\/td><\/tr><tr><td>8.<\/td><td>Dorog B\u00e9csi udvar PVC szigetel\u00e9s<\/td><td class=\"has-text-align-right\" data-align=\"right\">&nbsp;1.800 m<sup>2<\/sup><\/td><\/tr><tr><td>9.<\/td><td>Magyar Suzuki Zrt<\/td><td class=\"has-text-align-right\" data-align=\"right\">&nbsp;2.500 m<sup>2<\/sup><\/td><\/tr><tr><td>10.<\/td><td>Zoltek Zrt.<\/td><td class=\"has-text-align-right\" data-align=\"right\">&nbsp;1.900 m<sup>2<\/sup><\/td><\/tr><tr><td>11.<\/td><td>Kvanum Zen iskola Esztergom<\/td><td class=\"has-text-align-right\" data-align=\"right\">&nbsp;350 m<sup>2<\/sup><\/td><\/tr><tr><td>12.<\/td><td>F\u00f6ldhivatal Esztergom<\/td><td class=\"has-text-align-right\" data-align=\"right\">&nbsp;350 m<sup>2<\/sup><\/td><\/tr><tr><td>13.<\/td><td>F\u00f6ldhivatal Tatab\u00e1nya<\/td><td class=\"has-text-align-right\" data-align=\"right\">&nbsp;350 m<sup>2<\/sup><\/td><\/tr><tr><td>14.<\/td><td>Unifer Kft.<\/td><td class=\"has-text-align-right\" data-align=\"right\">&nbsp;400 m<sup>2<\/sup><\/td><\/tr><tr><td>15.<\/td><td>T\u00f6r\u00f6kb\u00e1lint DEPO<\/td><td class=\"has-text-align-right\" data-align=\"right\">&nbsp;4.000 m<sup>2<\/sup><\/td><\/tr><tr><td>16.<\/td><td>Esztergom h\u0151k\u00f6zpont<\/td><td class=\"has-text-align-right\" data-align=\"right\">&nbsp;240 m<sup>2<\/sup><\/td><\/tr><tr><td>17.<\/td><td>Esztergomi \u00e9lm\u00e9nyf\u00fcrd\u0151 hull\u00e1mg\u00e9pmedence<\/td><td class=\"has-text-align-right\" data-align=\"right\">&nbsp;200 m<sup>2<\/sup><\/td><\/tr><tr><td>18.<\/td><td>Diamond Electic Kft.<\/td><td class=\"has-text-align-right\" data-align=\"right\">&nbsp;700 m<sup>2<\/sup><\/td><\/tr><tr><td>19.<\/td><td>Budapest Nagyt\u00e9t\u00e9nyi \u00fat 244.<\/td><td class=\"has-text-align-right\" data-align=\"right\">&nbsp;600 m<sup>2<\/sup><\/td><\/tr><tr><td>20.<\/td><td>V\u00e9rtes Vol\u00e1n Zrt szerv\u00edzp\u00e1lya<\/td><td class=\"has-text-align-right\" data-align=\"right\">&nbsp;500 m<sup>2<\/sup><\/td><\/tr><tr><td>21.<\/td><td>Bokk-Net Kft.<\/td><td class=\"has-text-align-right\" data-align=\"right\">&nbsp;450 m<sup>2<\/sup><\/td><\/tr><tr><td>22.<\/td><td>V-comp Kft. Esztergom<\/td><td class=\"has-text-align-right\" data-align=\"right\">&nbsp;280 m<sup>2<\/sup><\/td><\/tr><tr><td>23.<\/td><td>Esztergom Bajcsi-Zs. \u00fat t\u00e1rsash\u00e1z<\/td><td class=\"has-text-align-right\" data-align=\"right\">&nbsp;300 m<sup>2<\/sup><\/td><\/tr><tr><td>24.<\/td><td>Vaszary Kolos K\u00f3rh\u00e1z Reumatol\u00f3gia<\/td><td class=\"has-text-align-right\" data-align=\"right\">&nbsp;1.500 m<sup>2<\/sup><\/td><\/tr><tr><td>25.<\/td><td>Vaszary Kolos K\u00f3rh\u00e1z Porta<\/td><td class=\"has-text-align-right\" data-align=\"right\">&nbsp;260 m<sup>2<\/sup><\/td><\/tr><\/tbody><\/table><\/figure>\n\n\n\n<p><strong>Talajnedvess\u00e9g \u00e9s v\u00edznyom\u00e1s elleni szigetel\u00e9sek<\/strong><\/p>\n\n\n\n<figure class=\"wp-block-table\"><table><tbody><tr><td>1.<\/td><td>Esztergom csal\u00e1di h\u00e1z<\/td><td class=\"has-text-align-right\" data-align=\"right\">&nbsp;300 m<sup>2<\/sup><\/td><\/tr><tr><td>2.<\/td><td>Esztergom Vaszary Kolos K\u00f3rh\u00e1z Reumatol\u00f3gia<\/td><td class=\"has-text-align-right\" data-align=\"right\">&nbsp;800 m<sup>2<\/sup><\/td><\/tr><tr><td>3.<\/td><td>L\u00e1batlan 23 lak\u00e1sos t\u00e1rsash\u00e1z<\/td><td class=\"has-text-align-right\" data-align=\"right\">&nbsp;870 m<sup>2<\/sup><\/td><\/tr><tr><td>4.<\/td><td>Esztergom Irinyi h\u00e1z<\/td><td class=\"has-text-align-right\" data-align=\"right\">&nbsp;400 m<sup>2<\/sup><\/td><\/tr><tr><td>5.<\/td><td>Esztergom csal\u00e1di h\u00e1z<\/td><td class=\"has-text-align-right\" data-align=\"right\">&nbsp;450 m<sup>2<\/sup><\/td><\/tr><\/tbody><\/table><\/figure>\n","protected":false},"excerpt":{"rendered":"<p>1. Esztergomi Lak\u00e1sfenntart\u00f3 Sz\u00f6vetkezet &nbsp;2.200 m2 2. Budapest Szent Gy\u00f6rgy t\u00e9r romter\u00fclet &nbsp;1.000 m2 3. Richter Gedeon Rt. Dorogi Fi\u00f3ktelep &nbsp;1.200 m2 4. Esztergom Decsi Panzi\u00f3 PVC szigetel\u00e9s &nbsp;300 m2 5. Budapest J\u00e1sz u. 73. t\u00e1rsash\u00e1z PVC szigetel\u00e9s &nbsp;890 m2 6. E-ON Rt. traf\u00f3h\u00e1z &nbsp;400 m2 7. Esztergom Sanoh csarnok PVC szigetel\u00e9s &nbsp;3.600 m2 8. &hellip; <a href=\"https:\/\/szigbad.hu.webhost.v-comp.ch\/?page_id=274\" class=\"more-link\">Continue reading<span class=\"screen-reader-text\"> &#8220;2007. \u00e9vi referencialista&#8221;<\/span><\/a><\/p>\n","protected":false},"author":1,"featured_media":0,"parent":0,"menu_order":0,"comment_status":"closed","ping_status":"closed","template":"","meta":{"footnotes":""},"class_list":["post-274","page","type-page","status-publish","hentry"],"_links":{"self":[{"href":"https:\/\/szigbad.hu.webhost.v-comp.ch\/index.php?rest_route=\/wp\/v2\/pages\/274","targetHints":{"allow":["GET"]}}],"collection":[{"href":"https:\/\/szigbad.hu.webhost.v-comp.ch\/index.php?rest_route=\/wp\/v2\/pages"}],"about":[{"href":"https:\/\/szigbad.hu.webhost.v-comp.ch\/index.php?rest_route=\/wp\/v2\/types\/page"}],"author":[{"embeddable":true,"href":"https:\/\/szigbad.hu.webhost.v-comp.ch\/index.php?rest_route=\/wp\/v2\/users\/1"}],"replies":[{"embeddable":true,"href":"https:\/\/szigbad.hu.webhost.v-comp.ch\/index.php?rest_route=%2Fwp%2Fv2%2Fcomments&post=274"}],"version-history":[{"count":2,"href":"https:\/\/szigbad.hu.webhost.v-comp.ch\/index.php?rest_route=\/wp\/v2\/pages\/274\/revisions"}],"predecessor-version":[{"id":276,"href":"https:\/\/szigbad.hu.webhost.v-comp.ch\/index.php?rest_route=\/wp\/v2\/pages\/274\/revisions\/276"}],"wp:attachment":[{"href":"https:\/\/szigbad.hu.webhost.v-comp.ch\/index.php?rest_route=%2Fwp%2Fv2%2Fmedia&parent=274"}],"curies":[{"name":"wp","href":"https:\/\/api.w.org\/{rel}","templated":true}]}}