{"id":280,"date":"2023-03-30T22:21:51","date_gmt":"2023-03-30T20:21:51","guid":{"rendered":"https:\/\/szigbad.hu.webhost.v-comp.ch\/?page_id=280"},"modified":"2023-03-30T22:38:29","modified_gmt":"2023-03-30T20:38:29","slug":"2009-evi-referencialista","status":"publish","type":"page","link":"https:\/\/szigbad.hu.webhost.v-comp.ch\/?page_id=280","title":{"rendered":"2009. \u00e9vi referencialista"},"content":{"rendered":"\n<figure class=\"wp-block-table\"><table><tbody><tr><td>1.<\/td><td>Esztergom Erzs\u00e9bet h\u00e1z PVC szigetel\u00e9s<\/td><td class=\"has-text-align-right\" data-align=\"right\">2.000 m<sup>2<\/sup><\/td><\/tr><tr><td>2.<\/td><td>Jurop telekom Kft Esztergom<\/td><td class=\"has-text-align-right\" data-align=\"right\">450 m<sup>2<\/sup><\/td><\/tr><tr><td>3.<\/td><td>Richter Gedeon Vegy\u00e9szeti Gy\u00e1r Dorog<\/td><td class=\"has-text-align-right\" data-align=\"right\">980 m<sup>2<\/sup><\/td><\/tr><tr><td>4.<\/td><td>Esztergom Budai N. A. \u00fat<\/td><td class=\"has-text-align-right\" data-align=\"right\">560 m<sup>2<\/sup><\/td><\/tr><tr><td>5.<\/td><td>Magyar Suzuki Zrt PVC szigetel\u00e9s<\/td><td class=\"has-text-align-right\" data-align=\"right\">870 m<sup>2<\/sup><\/td><\/tr><tr><td>6.<\/td><td>Speed-Pack csarnok Esztergom PVC szigetel\u00e9s<\/td><td class=\"has-text-align-right\" data-align=\"right\">3.800 m<sup>2<\/sup><\/td><\/tr><tr><td>7.<\/td><td>Esztergom Rubik Ern\u0151 \u00fati csarnok porta PVC szigetel\u00e9s<\/td><td class=\"has-text-align-right\" data-align=\"right\">80 m<sup>2<\/sup><\/td><\/tr><tr><td>8.<\/td><td>Esztergom Evang\u00e9likus templom<\/td><td class=\"has-text-align-right\" data-align=\"right\">70 m<sup>2<\/sup><\/td><\/tr><tr><td>9.<\/td><td>Tyco Hung\u00e1ria Kft<\/td><td class=\"has-text-align-right\" data-align=\"right\">200 m<sup>2<\/sup><\/td><\/tr><tr><td>10.<\/td><td>Budapest Thom\u00e1n \u00fat t\u00e1rsash\u00e1z h\u00e1z z\u00f6ldtet\u0151<\/td><td class=\"has-text-align-right\" data-align=\"right\">320 m<sup>2<\/sup><\/td><\/tr><tr><td>11.<\/td><td>\u00c9D V\u00edzm\u0171 Rt. v\u00edzt\u00e1roz\u00f3 medenc\u00e9k<\/td><td class=\"has-text-align-right\" data-align=\"right\">300 m<sup>2<\/sup><\/td><\/tr><tr><td>12.<\/td><td>Esztergom Aqvasziget \u00e9lm\u00e9nyf\u00fcrd\u0151 g\u00e1zmotor z\u00f6ldtet\u0151<\/td><td class=\"has-text-align-right\" data-align=\"right\">110 m<sup>2<\/sup><\/td><\/tr><tr><td>13.<\/td><td>B\u00f6lcs\u00f6de Szolnok<\/td><td class=\"has-text-align-right\" data-align=\"right\">1.100 m<sup>2<\/sup><\/td><\/tr><tr><td>14.<\/td><td>Gyermely civil h\u00e1z \u00e9s tornaterem<\/td><td class=\"has-text-align-right\" data-align=\"right\">200 m<sup>2<\/sup><\/td><\/tr><tr><td>15.<\/td><td>Esztergom B\u00fab\u00e1natv\u00f6lgy Belveue sz\u00e1lloda<\/td><td class=\"has-text-align-right\" data-align=\"right\">800 m<sup>2<\/sup><\/td><\/tr><tr><td>16.<\/td><td>V\u00e9rtes Vol\u00e1n ZRt. Tatab\u00e1nya, Tata<\/td><td class=\"has-text-align-right\" data-align=\"right\">900 m<sup>2<\/sup><\/td><\/tr><tr><td>17.<\/td><td>Pilisszetntl\u00e9lek \u00c1ltal\u00e1nos Iskola<\/td><td class=\"has-text-align-right\" data-align=\"right\">100 m<sup>2<\/sup><\/td><\/tr><tr><td>18.<\/td><td>Diamond Kft Esztergom PVC szigetel\u00e9s<\/td><td class=\"has-text-align-right\" data-align=\"right\">400 m<sup>2<\/sup><\/td><\/tr><tr><td>19.<\/td><td>\u00c1ltal\u00e1nos iskola K\u00f6ml\u0151d<\/td><td class=\"has-text-align-right\" data-align=\"right\">850 m<sup>2<\/sup><\/td><\/tr><tr><td>20.<\/td><td>Sir\u00e1ly \u00e9tterem Visegr\u00e1d<\/td><td class=\"has-text-align-right\" data-align=\"right\">700 m<sup>2<\/sup><\/td><\/tr><tr><td>21.<\/td><td>Richter Gedeon Vegy\u00e9szeti Gy\u00e1r Budapest \u00f3voda<\/td><td class=\"has-text-align-right\" data-align=\"right\">1.050 m<sup>2<\/sup><\/td><\/tr><tr><td>22.<\/td><td>Telki Organica k\u00f6zpont<\/td><td class=\"has-text-align-right\" data-align=\"right\">200 m<sup>2<\/sup><\/td><\/tr><tr><td>23.<\/td><td>Budapest Boutiqe Hotel<\/td><td class=\"has-text-align-right\" data-align=\"right\">1.300 m<sup>2<\/sup><\/td><\/tr><tr><td>24.<\/td><td>Budapest V\u00e1ci \u00fat 110. irodah\u00e1z<\/td><td class=\"has-text-align-right\" data-align=\"right\">520 m<sup>2<\/sup><\/td><\/tr><tr><td>25.<\/td><td>Tata Kazincbarcikai \u00fat<\/td><td class=\"has-text-align-right\" data-align=\"right\">1.250 m<sup>2<\/sup><\/td><\/tr><tr><td>26.<\/td><td>Pom\u00e1z csal\u00e1di h\u00e1z<\/td><td class=\"has-text-align-right\" data-align=\"right\">350 m<sup>2<\/sup><\/td><\/tr><tr><td>27.<\/td><td>Nyerges\u00fajfalu Liget lak\u00f3park PVC szigetel\u00e9s<\/td><td class=\"has-text-align-right\" data-align=\"right\">1.670 m<sup>2<\/sup><\/td><\/tr><tr><td>28.<\/td><td>FCI Tatab\u00e1nya&nbsp; PVC szigetel\u00e9s<\/td><td class=\"has-text-align-right\" data-align=\"right\">100 m<sup>2<\/sup><\/td><\/tr><tr><td>29.<\/td><td>Telki Tenisz klub PVC szigetel\u00e9s<\/td><td class=\"has-text-align-right\" data-align=\"right\">800 m<sup>2<\/sup><\/td><\/tr><tr><td colspan=\"3\">&nbsp;<strong>Talajnedvess\u00e9g \u00e9s v\u00edznyom\u00e1s elleni szigetel\u00e9sek<\/strong><\/td><\/tr><tr><td>30.<\/td><td>Budapest G\u00e1bor \u00c1ron \u00fat t\u00e1rsash\u00e1z<\/td><td class=\"has-text-align-right\" data-align=\"right\">700 m<sup>2<\/sup><\/td><\/tr><tr><td>31.<\/td><td>Budapest \u00c1ld\u00e1s \u00fat csal\u00e1di h\u00e1z<\/td><td class=\"has-text-align-right\" data-align=\"right\">250 m<sup>2<\/sup><\/td><\/tr><tr><td>32.<\/td><td>Nyerges\u00fajfalu Liget t\u00e1rsash\u00e1z<\/td><td class=\"has-text-align-right\" data-align=\"right\">850 m<sup>2<\/sup><\/td><\/tr><\/tbody><\/table><\/figure>\n","protected":false},"excerpt":{"rendered":"<p>1. Esztergom Erzs\u00e9bet h\u00e1z PVC szigetel\u00e9s 2.000 m2 2. Jurop telekom Kft Esztergom 450 m2 3. Richter Gedeon Vegy\u00e9szeti Gy\u00e1r Dorog 980 m2 4. Esztergom Budai N. A. \u00fat 560 m2 5. Magyar Suzuki Zrt PVC szigetel\u00e9s 870 m2 6. Speed-Pack csarnok Esztergom PVC szigetel\u00e9s 3.800 m2 7. Esztergom Rubik Ern\u0151 \u00fati csarnok porta PVC &hellip; <a href=\"https:\/\/szigbad.hu.webhost.v-comp.ch\/?page_id=280\" class=\"more-link\">Continue reading<span class=\"screen-reader-text\"> &#8220;2009. \u00e9vi referencialista&#8221;<\/span><\/a><\/p>\n","protected":false},"author":1,"featured_media":0,"parent":0,"menu_order":0,"comment_status":"closed","ping_status":"closed","template":"","meta":{"footnotes":""},"class_list":["post-280","page","type-page","status-publish","hentry"],"_links":{"self":[{"href":"https:\/\/szigbad.hu.webhost.v-comp.ch\/index.php?rest_route=\/wp\/v2\/pages\/280","targetHints":{"allow":["GET"]}}],"collection":[{"href":"https:\/\/szigbad.hu.webhost.v-comp.ch\/index.php?rest_route=\/wp\/v2\/pages"}],"about":[{"href":"https:\/\/szigbad.hu.webhost.v-comp.ch\/index.php?rest_route=\/wp\/v2\/types\/page"}],"author":[{"embeddable":true,"href":"https:\/\/szigbad.hu.webhost.v-comp.ch\/index.php?rest_route=\/wp\/v2\/users\/1"}],"replies":[{"embeddable":true,"href":"https:\/\/szigbad.hu.webhost.v-comp.ch\/index.php?rest_route=%2Fwp%2Fv2%2Fcomments&post=280"}],"version-history":[{"count":2,"href":"https:\/\/szigbad.hu.webhost.v-comp.ch\/index.php?rest_route=\/wp\/v2\/pages\/280\/revisions"}],"predecessor-version":[{"id":282,"href":"https:\/\/szigbad.hu.webhost.v-comp.ch\/index.php?rest_route=\/wp\/v2\/pages\/280\/revisions\/282"}],"wp:attachment":[{"href":"https:\/\/szigbad.hu.webhost.v-comp.ch\/index.php?rest_route=%2Fwp%2Fv2%2Fmedia&parent=280"}],"curies":[{"name":"wp","href":"https:\/\/api.w.org\/{rel}","templated":true}]}}