{"id":283,"date":"2023-03-30T22:22:47","date_gmt":"2023-03-30T20:22:47","guid":{"rendered":"https:\/\/szigbad.hu.webhost.v-comp.ch\/?page_id=283"},"modified":"2023-03-30T22:38:34","modified_gmt":"2023-03-30T20:38:34","slug":"2010-evi-referencialista","status":"publish","type":"page","link":"https:\/\/szigbad.hu.webhost.v-comp.ch\/?page_id=283","title":{"rendered":"2010. \u00e9vi referencialista"},"content":{"rendered":"\n<figure class=\"wp-block-table\"><table><tbody><tr><td>1.<\/td><td>Tyco Hung\u00e1ria Kft<\/td><td class=\"has-text-align-right\" data-align=\"right\">400 m<sup>2<\/sup><\/td><\/tr><tr><td>2.<\/td><td>G\u00e9za Fejedelem Szakiskola Esztergom<\/td><td class=\"has-text-align-right\" data-align=\"right\">700 m<sup>2<\/sup><\/td><\/tr><tr><td>3.<\/td><td>Richter Gedeon Vegy\u00e9szeti Gy\u00e1r Dorog<\/td><td class=\"has-text-align-right\" data-align=\"right\">700 m<sup>2<\/sup><\/td><\/tr><tr><td>4.<\/td><td>Zoltek ZRt Nyerges\u00fajfalu<\/td><td class=\"has-text-align-right\" data-align=\"right\">340 m<sup>2<\/sup><\/td><\/tr><tr><td>5.<\/td><td>Magyar Suzuki Zrt PVC szigetel\u00e9s<\/td><td class=\"has-text-align-right\" data-align=\"right\">670 m<sup>2<\/sup><\/td><\/tr><tr><td>6.<\/td><td>Esztergom Erzs\u00e9bet-h\u00e1z PVC szigetel\u00e9s<\/td><td class=\"has-text-align-right\" data-align=\"right\">260 m<sup>2<\/sup><\/td><\/tr><tr><td>7.<\/td><td>Nyerges\u00fajfalu Esze Tam\u00e1s \u00fat t\u00e1rsash\u00e1z PVC szigetel\u00e9s<\/td><td class=\"has-text-align-right\" data-align=\"right\">120 m<sup>2<\/sup><\/td><\/tr><tr><td>8.<\/td><td>L\u00e1batlan Arany J\u00e1nos \u00c1ltal\u00e1nos Iskola PVC szigetel\u00e9s<\/td><td class=\"has-text-align-right\" data-align=\"right\">560 m<sup>2<\/sup><\/td><\/tr><tr><td>9.<\/td><td>\u00c1rp\u00e1dh\u00e1zi Gimn\u00e1zium Rondella Esztergom<\/td><td class=\"has-text-align-right\" data-align=\"right\">180 m<sup>2<\/sup><\/td><\/tr><tr><td>10.<\/td><td>Tata Bart\u00f3k B\u00e9la u. 11.<\/td><td class=\"has-text-align-right\" data-align=\"right\">570 m<sup>2<\/sup><\/td><\/tr><tr><td>11.<\/td><td>Tata \u00daj \u00fati B\u00f6lcs\u00f6de<\/td><td class=\"has-text-align-right\" data-align=\"right\">2.000 m<sup>2<\/sup><\/td><\/tr><tr><td>12.<\/td><td>Nyerges\u00fajfalu M\u00e1jus 1 t\u00e9r t\u00e1rsash\u00e1z<\/td><td class=\"has-text-align-right\" data-align=\"right\">180 m<sup>2<\/sup><\/td><\/tr><tr><td>13.<\/td><td>V\u00e9rtes Vol\u00e1n ZRt. Dorog<\/td><td class=\"has-text-align-right\" data-align=\"right\">1.200 m<sup>2<\/sup><\/td><\/tr><tr><td>14.<\/td><td>Dorog Schmidt ltp. 39. t\u00e1rsash\u00e1z<\/td><td class=\"has-text-align-right\" data-align=\"right\">220 m<sup>2<\/sup><\/td><\/tr><tr><td>15.<\/td><td>Esztergom B\u00fab\u00e1natv\u00f6lgy Belveue sz\u00e1lloda<\/td><td class=\"has-text-align-right\" data-align=\"right\">800 m<sup>2<\/sup><\/td><\/tr><tr><td>16.<\/td><td>Dorog Int\u00e9zm\u00e9nyek h\u00e1za PVC szigetel\u00e9s<\/td><td class=\"has-text-align-right\" data-align=\"right\">100 m<sup>2<\/sup><\/td><\/tr><tr><td>17.<\/td><td>Szentendre CBA \u00e1ruh\u00e1z<\/td><td class=\"has-text-align-right\" data-align=\"right\">300 m<sup>2<\/sup><\/td><\/tr><tr><td>18.<\/td><td>Aut\u00f3trend Kft<\/td><td class=\"has-text-align-right\" data-align=\"right\">200 m<sup>2<\/sup><\/td><\/tr><tr><td>19.<\/td><td>Richter Gedeon Vegy\u00e9szeti Gy\u00e1r Budapest<\/td><td class=\"has-text-align-right\" data-align=\"right\">780 m<sup>2<\/sup><\/td><\/tr><tr><td>20.<\/td><td>Corvinus Egyetem k\u00f6nyvt\u00e1r PVC szigetel\u00e9s<\/td><td class=\"has-text-align-right\" data-align=\"right\">1.050 m<sup>2<\/sup><\/td><\/tr><tr><td>21.<\/td><td>G\u00e1bor \u00c1ron \u00fat t\u00e1rsash\u00e1z Budapest<\/td><td class=\"has-text-align-right\" data-align=\"right\">680 m<sup>2<\/sup><\/td><\/tr><tr><td>22.<\/td><td>Liget lak\u00f3h\u00e1z Nyerges\u00fajfalu<\/td><td class=\"has-text-align-right\" data-align=\"right\">470 m<sup>2<\/sup><\/td><\/tr><tr><td>23.<\/td><td>Vaszary Kolos K\u00f3rh\u00e1z Esztergom<\/td><td class=\"has-text-align-right\" data-align=\"right\">1.800 m<sup>2<\/sup><\/td><\/tr><tr><td>24.<\/td><td>EMI \u00e9s Gy\u00f6rgy F\u00fcz\u00e9k Kft Esztergom<\/td><td class=\"has-text-align-right\" data-align=\"right\">420 m<sup>2<\/sup><\/td><\/tr><tr><td>25.<\/td><td>Wika Kft Esztergom<\/td><td class=\"has-text-align-right\" data-align=\"right\">5.000 m<sup>2<\/sup><\/td><\/tr><tr><td>26.<\/td><td>Chiorino Kft Budapest<\/td><td class=\"has-text-align-right\" data-align=\"right\">400 m<sup>2<\/sup><\/td><\/tr><tr><td>27.<\/td><td>Tokod Ebsz\u0151nyb\u00e1nya 2-4.<\/td><td class=\"has-text-align-right\" data-align=\"right\">440 m<sup>2<\/sup><\/td><\/tr><tr><td>28.<\/td><td>Kernstok K\u00e1roly \u00c1ltal\u00e1nos Iskola Nyerges\u00fajfalu&nbsp; PVC szigetel\u00e9s<\/td><td class=\"has-text-align-right\" data-align=\"right\">2.100 m<sup>2<\/sup><\/td><\/tr><tr><td>29.<\/td><td>Szt. Borb\u00e1la K\u00f3rh\u00e1z Tatab\u00e1nya<\/td><td class=\"has-text-align-right\" data-align=\"right\">700 m<sup>2<\/sup><\/td><\/tr><tr><td>30.<\/td><td>Albelt Kft. Esztergom<\/td><td class=\"has-text-align-right\" data-align=\"right\">180 m<sup>2<\/sup><\/td><\/tr><tr><td>31.<\/td><td>B\u00e1nomi \u00fat 14. t\u00e1rsash\u00e1z Esztergom<\/td><td class=\"has-text-align-right\" data-align=\"right\">240 m<sup>2<\/sup><\/td><\/tr><tr><td>32.<\/td><td>Insulanus Kft. Esztergom-kertv\u00e1ros<\/td><td class=\"has-text-align-right\" data-align=\"right\">450 m<sup>2<\/sup><\/td><\/tr><tr><td>33.<\/td><td>Roosemberg Hung\u00e1ria Kft<\/td><td class=\"has-text-align-right\" data-align=\"right\">500 m<sup>2<\/sup><\/td><\/tr><tr><td>34.<\/td><td>T\u00e1rsash\u00e1z Budapest Guyon Richard \u00fat<\/td><td class=\"has-text-align-right\" data-align=\"right\">330 m<sup>2<\/sup><\/td><\/tr><tr><td colspan=\"3\">&nbsp;<strong>Talajnedvess\u00e9g \u00e9s v\u00edznyom\u00e1s elleni szigetel\u00e9sek<\/strong><\/td><\/tr><tr><td>35.<\/td><td>Esztergom homlokzatfel\u00faj\u00edt\u00f3 program Sz\u00e9chenyi t\u00e9ri homlokzatok<\/td><td class=\"has-text-align-right\" data-align=\"right\">230 m<sup>2<\/sup><\/td><\/tr><tr><td>36.<\/td><td>Budapest Alp\u00e1r \u00fat csal\u00e1di h\u00e1z<\/td><td class=\"has-text-align-right\" data-align=\"right\">300 m<sup>2<\/sup><\/td><\/tr><tr><td>37.<\/td><td>Telki Csal\u00e1di h\u00e1z<\/td><td class=\"has-text-align-right\" data-align=\"right\">650 m<sup>2<\/sup><\/td><\/tr><tr><td>38.<\/td><td>Csal\u00e1di h\u00e1z Esztergom<\/td><td class=\"has-text-align-right\" data-align=\"right\">190 m<sup>2<\/sup><\/td><\/tr><tr><td>39.<\/td><td>Csal\u00e1di h\u00e1z V\u00e9rtessoml\u00f3<\/td><td class=\"has-text-align-right\" data-align=\"right\">250 m<sup>2<\/sup><\/td><\/tr><tr><td>40.<\/td><td>G\u00e1bor \u00c1ron \u00fat t\u00e1rsash\u00e1z Budapest<\/td><td class=\"has-text-align-right\" data-align=\"right\">400 m<sup>2<\/sup><\/td><\/tr><\/tbody><\/table><\/figure>\n","protected":false},"excerpt":{"rendered":"<p>1. Tyco Hung\u00e1ria Kft 400 m2 2. G\u00e9za Fejedelem Szakiskola Esztergom 700 m2 3. Richter Gedeon Vegy\u00e9szeti Gy\u00e1r Dorog 700 m2 4. Zoltek ZRt Nyerges\u00fajfalu 340 m2 5. Magyar Suzuki Zrt PVC szigetel\u00e9s 670 m2 6. Esztergom Erzs\u00e9bet-h\u00e1z PVC szigetel\u00e9s 260 m2 7. Nyerges\u00fajfalu Esze Tam\u00e1s \u00fat t\u00e1rsash\u00e1z PVC szigetel\u00e9s 120 m2 8. L\u00e1batlan Arany &hellip; <a href=\"https:\/\/szigbad.hu.webhost.v-comp.ch\/?page_id=283\" class=\"more-link\">Continue reading<span class=\"screen-reader-text\"> &#8220;2010. \u00e9vi referencialista&#8221;<\/span><\/a><\/p>\n","protected":false},"author":1,"featured_media":0,"parent":0,"menu_order":0,"comment_status":"closed","ping_status":"closed","template":"","meta":{"footnotes":""},"class_list":["post-283","page","type-page","status-publish","hentry"],"_links":{"self":[{"href":"https:\/\/szigbad.hu.webhost.v-comp.ch\/index.php?rest_route=\/wp\/v2\/pages\/283","targetHints":{"allow":["GET"]}}],"collection":[{"href":"https:\/\/szigbad.hu.webhost.v-comp.ch\/index.php?rest_route=\/wp\/v2\/pages"}],"about":[{"href":"https:\/\/szigbad.hu.webhost.v-comp.ch\/index.php?rest_route=\/wp\/v2\/types\/page"}],"author":[{"embeddable":true,"href":"https:\/\/szigbad.hu.webhost.v-comp.ch\/index.php?rest_route=\/wp\/v2\/users\/1"}],"replies":[{"embeddable":true,"href":"https:\/\/szigbad.hu.webhost.v-comp.ch\/index.php?rest_route=%2Fwp%2Fv2%2Fcomments&post=283"}],"version-history":[{"count":2,"href":"https:\/\/szigbad.hu.webhost.v-comp.ch\/index.php?rest_route=\/wp\/v2\/pages\/283\/revisions"}],"predecessor-version":[{"id":285,"href":"https:\/\/szigbad.hu.webhost.v-comp.ch\/index.php?rest_route=\/wp\/v2\/pages\/283\/revisions\/285"}],"wp:attachment":[{"href":"https:\/\/szigbad.hu.webhost.v-comp.ch\/index.php?rest_route=%2Fwp%2Fv2%2Fmedia&parent=283"}],"curies":[{"name":"wp","href":"https:\/\/api.w.org\/{rel}","templated":true}]}}