{"id":286,"date":"2023-03-30T22:23:34","date_gmt":"2023-03-30T20:23:34","guid":{"rendered":"https:\/\/szigbad.hu.webhost.v-comp.ch\/?page_id=286"},"modified":"2023-03-30T22:38:39","modified_gmt":"2023-03-30T20:38:39","slug":"2011-evi-referencialista","status":"publish","type":"page","link":"https:\/\/szigbad.hu.webhost.v-comp.ch\/?page_id=286","title":{"rendered":"2011. \u00e9vi referencialista"},"content":{"rendered":"\n<figure class=\"wp-block-table\"><table><tbody><tr><td>1.<\/td><td>KEM\u00d6 Szt. Borb\u00e1la k\u00f3rh\u00e1z<\/td><td class=\"has-text-align-right\" data-align=\"right\">1.600 m<sup>2<\/sup><\/td><\/tr><tr><td>2.<\/td><td>Kernstok K\u00e1roly \u00c1ltal\u00e1nos Iskola Nyerges\u00fajfalu&nbsp; PVC szigetel\u00e9s<\/td><td class=\"has-text-align-right\" data-align=\"right\">300 m<sup>2<\/sup><\/td><\/tr><tr><td>3.<\/td><td>Richter Gedeon Vegy\u00e9szeti Gy\u00e1r Dorog<\/td><td class=\"has-text-align-right\" data-align=\"right\">600 m<sup>2<\/sup><\/td><\/tr><tr><td>4.<\/td><td>Zoltek ZRt Nyerges\u00fajfalu<\/td><td class=\"has-text-align-right\" data-align=\"right\">500 m<sup>2<\/sup><\/td><\/tr><tr><td>5.<\/td><td>Magyar Suzuki Zrt PVC szigetel\u00e9s<\/td><td class=\"has-text-align-right\" data-align=\"right\">400 m<sup>2<\/sup><\/td><\/tr><tr><td>6.<\/td><td>Sanparki irodah\u00e1z Buda\u0151rs<\/td><td class=\"has-text-align-right\" data-align=\"right\">550 m<sup>2<\/sup><\/td><\/tr><tr><td>7.<\/td><td>S\u00e1ris\u00e1p Faluk\u00f6zpont Orvosi rendel\u0151, Polg\u00e1rmestri hivatal ABC<\/td><td class=\"has-text-align-right\" data-align=\"right\">640 m<sup>2<\/sup><\/td><\/tr><tr><td>8.<\/td><td>Tata \u00daj \u00fati \u00f3voda b\u0151v\u00edt\u00e9s PVC szigetel\u00e9s<\/td><td class=\"has-text-align-right\" data-align=\"right\">260 m<sup>2<\/sup><\/td><\/tr><tr><td>9.<\/td><td>Esztergom Irinyi u 9\/C<\/td><td class=\"has-text-align-right\" data-align=\"right\">440 m<sup>2<\/sup><\/td><\/tr><tr><td>10.<\/td><td>Dorog Schmidt ltp. 47.<\/td><td class=\"has-text-align-right\" data-align=\"right\">210 m<sup>2<\/sup><\/td><\/tr><tr><td>11.<\/td><td>Semmelweis Egyetem Gyakorl\u00f3 iskola Budapest<\/td><td class=\"has-text-align-right\" data-align=\"right\">4.200 m<sup>2<\/sup><\/td><\/tr><tr><td>12.<\/td><td>Somodor Kft Szomor<\/td><td class=\"has-text-align-right\" data-align=\"right\">280 m<sup>2<\/sup><\/td><\/tr><tr><td>13.<\/td><td>V-Comp Kft, Esztergom<\/td><td class=\"has-text-align-right\" data-align=\"right\">80 m<sup>2<\/sup><\/td><\/tr><tr><td>14.<\/td><td>Tata Keszthelyi \u00fat 7<\/td><td class=\"has-text-align-right\" data-align=\"right\">420 m<sup>2<\/sup><\/td><\/tr><tr><td>15.<\/td><td>2 lak\u00e1sos Csal\u00e1di h\u00e1z Gy\u0151r-M\u00e9nf\u0151csanak<\/td><td class=\"has-text-align-right\" data-align=\"right\">500 m<sup>2<\/sup><\/td><\/tr><tr><td>16.<\/td><td>Grand-\u00c1cs Kft Esztergom-kertv\u00e1ros<\/td><td class=\"has-text-align-right\" data-align=\"right\">200 m<sup>2<\/sup><\/td><\/tr><tr><td>17.<\/td><td>Baumit Kft Dorog Labor \u00e9p\u00fclet PVC szigetel\u00e9s<\/td><td class=\"has-text-align-right\" data-align=\"right\">550 m<sup>2<\/sup><\/td><\/tr><tr><td>18.<\/td><td>Aut\u00f3trend Kft<\/td><td class=\"has-text-align-right\" data-align=\"right\">200 m<sup>2<\/sup><\/td><\/tr><tr><td>19.<\/td><td>Tyco Electonics Kft<\/td><td class=\"has-text-align-right\" data-align=\"right\">2.400 m<sup>2<\/sup><\/td><\/tr><tr><td>20.<\/td><td>Messer Hung\u00e1ria Kft Budapest<\/td><td class=\"has-text-align-right\" data-align=\"right\">1.780 m<sup>2<\/sup><\/td><\/tr><tr><td>21.<\/td><td>Chinoin Gy\u00f3gyszergy\u00e1r kutat\u00f3 labor PVC szigetel\u00e9s<\/td><td class=\"has-text-align-right\" data-align=\"right\">880 m<sup>2<\/sup><\/td><\/tr><tr><td>22.<\/td><td>Esztergom Budai N. A u. 15.<\/td><td class=\"has-text-align-right\" data-align=\"right\">300 m<sup>2<\/sup><\/td><\/tr><tr><td>23.<\/td><td>\u00c9DV Zrt \u00e1temel\u0151k<\/td><td class=\"has-text-align-right\" data-align=\"right\">110 m<sup>2<\/sup><\/td><\/tr><tr><td>24.<\/td><td>Elm\u00fc-\u00c9m\u00e1sz Budapest Katona utcai al\u00e1llom\u00e1s PVC szigetel\u00e9s<\/td><td class=\"has-text-align-right\" data-align=\"right\">880 m<sup>2<\/sup><\/td><\/tr><tr><td>25.<\/td><td>Esztergom M\u00e1ria Val\u00e9ria Hotel ideiglenes szigetel\u00e9s<\/td><td class=\"has-text-align-right\" data-align=\"right\">4.400 m<sup>2<\/sup><\/td><\/tr><tr><td>26.<\/td><td>Chiorino Kft Budapest<\/td><td class=\"has-text-align-right\" data-align=\"right\">400 m<sup>2<\/sup><\/td><\/tr><tr><td>27.<\/td><td>Opel Hungari Kft Szentgotth\u00e1rd Kantin<\/td><td class=\"has-text-align-right\" data-align=\"right\">180 m<sup>2<\/sup><\/td><\/tr><tr><td>28.<\/td><td>Tata Keszthelyi \u00fat 5-6<\/td><td class=\"has-text-align-right\" data-align=\"right\">350 m<sup>2<\/sup><\/td><\/tr><tr><td>29.<\/td><td>Dorog CBA \u00e1ruh\u00e1z<\/td><td class=\"has-text-align-right\" data-align=\"right\">600 m<sup>2<\/sup><\/td><\/tr><tr><td>30.<\/td><td>Esztergom B\u00e9ke t\u00e9r 37\/a<\/td><td class=\"has-text-align-right\" data-align=\"right\">80 m<sup>2<\/sup><\/td><\/tr><tr><td colspan=\"3\">&nbsp;<strong>Talajnedvess\u00e9g \u00e9s v\u00edznyom\u00e1s elleni szigetel\u00e9sek<\/strong><\/td><\/tr><tr><td>31.<\/td><td>Csal\u00e1di h\u00e1z Gy\u0151r-M\u00e9nf\u0151csanak<\/td><td class=\"has-text-align-right\" data-align=\"right\">550 m<sup>2<\/sup><\/td><\/tr><tr><td>32.<\/td><td>Csal\u00e1di h\u00e1z Buda\u0151rs Panor\u00e1ma utca<\/td><td class=\"has-text-align-right\" data-align=\"right\">570 m<sup>2<\/sup><\/td><\/tr><tr><td>33.<\/td><td>Budapest Alacska utca id\u0151sek otthona<\/td><td class=\"has-text-align-right\" data-align=\"right\">350 m<sup>2<\/sup><\/td><\/tr><tr><td>34.<\/td><td>Zoltek Zrt Nyerges\u00fajfalu<\/td><td class=\"has-text-align-right\" data-align=\"right\">220 m<sup>2<\/sup><\/td><\/tr><tr><td>35.<\/td><td>Csal\u00e1di h\u00e1z Gy\u0151r Tatai \u00fat<\/td><td class=\"has-text-align-right\" data-align=\"right\">300 m<sup>2<\/sup><\/td><\/tr><tr><td>36.<\/td><td>Esztergom Dzs\u00e1mi mosd\u00f3<\/td><td class=\"has-text-align-right\" data-align=\"right\">330 m<sup>2<\/sup><\/td><\/tr><tr><td>37.<\/td><td>Csal\u00e1di h\u00e1z Gy\u0151r\u00fajbar\u00e1t<\/td><td class=\"has-text-align-right\" data-align=\"right\">250 m<sup>2<\/sup><\/td><\/tr><tr><td>38.<\/td><td>Csal\u00e1di h\u00e1z Mosonmagyar\u00f3v\u00e1r<\/td><td class=\"has-text-align-right\" data-align=\"right\">300 m<sup>2<\/sup><\/td><\/tr><tr><td>39.<\/td><td>Csal\u00e1di h\u00e1z Esztergom<\/td><td class=\"has-text-align-right\" data-align=\"right\">280 m<sup>2<\/sup><\/td><\/tr><\/tbody><\/table><\/figure>\n","protected":false},"excerpt":{"rendered":"<p>1. KEM\u00d6 Szt. Borb\u00e1la k\u00f3rh\u00e1z 1.600 m2 2. Kernstok K\u00e1roly \u00c1ltal\u00e1nos Iskola Nyerges\u00fajfalu&nbsp; PVC szigetel\u00e9s 300 m2 3. Richter Gedeon Vegy\u00e9szeti Gy\u00e1r Dorog 600 m2 4. Zoltek ZRt Nyerges\u00fajfalu 500 m2 5. Magyar Suzuki Zrt PVC szigetel\u00e9s 400 m2 6. Sanparki irodah\u00e1z Buda\u0151rs 550 m2 7. S\u00e1ris\u00e1p Faluk\u00f6zpont Orvosi rendel\u0151, Polg\u00e1rmestri hivatal ABC 640 m2 &hellip; <a href=\"https:\/\/szigbad.hu.webhost.v-comp.ch\/?page_id=286\" class=\"more-link\">Continue reading<span class=\"screen-reader-text\"> &#8220;2011. \u00e9vi referencialista&#8221;<\/span><\/a><\/p>\n","protected":false},"author":1,"featured_media":0,"parent":0,"menu_order":0,"comment_status":"closed","ping_status":"closed","template":"","meta":{"footnotes":""},"class_list":["post-286","page","type-page","status-publish","hentry"],"_links":{"self":[{"href":"https:\/\/szigbad.hu.webhost.v-comp.ch\/index.php?rest_route=\/wp\/v2\/pages\/286","targetHints":{"allow":["GET"]}}],"collection":[{"href":"https:\/\/szigbad.hu.webhost.v-comp.ch\/index.php?rest_route=\/wp\/v2\/pages"}],"about":[{"href":"https:\/\/szigbad.hu.webhost.v-comp.ch\/index.php?rest_route=\/wp\/v2\/types\/page"}],"author":[{"embeddable":true,"href":"https:\/\/szigbad.hu.webhost.v-comp.ch\/index.php?rest_route=\/wp\/v2\/users\/1"}],"replies":[{"embeddable":true,"href":"https:\/\/szigbad.hu.webhost.v-comp.ch\/index.php?rest_route=%2Fwp%2Fv2%2Fcomments&post=286"}],"version-history":[{"count":2,"href":"https:\/\/szigbad.hu.webhost.v-comp.ch\/index.php?rest_route=\/wp\/v2\/pages\/286\/revisions"}],"predecessor-version":[{"id":288,"href":"https:\/\/szigbad.hu.webhost.v-comp.ch\/index.php?rest_route=\/wp\/v2\/pages\/286\/revisions\/288"}],"wp:attachment":[{"href":"https:\/\/szigbad.hu.webhost.v-comp.ch\/index.php?rest_route=%2Fwp%2Fv2%2Fmedia&parent=286"}],"curies":[{"name":"wp","href":"https:\/\/api.w.org\/{rel}","templated":true}]}}