{"id":289,"date":"2023-03-30T22:24:24","date_gmt":"2023-03-30T20:24:24","guid":{"rendered":"https:\/\/szigbad.hu.webhost.v-comp.ch\/?page_id=289"},"modified":"2023-03-30T22:38:44","modified_gmt":"2023-03-30T20:38:44","slug":"2012-evi-referencialista","status":"publish","type":"page","link":"https:\/\/szigbad.hu.webhost.v-comp.ch\/?page_id=289","title":{"rendered":"2012. \u00e9vi referencialista"},"content":{"rendered":"\n<figure class=\"wp-block-table\"><table><tbody><tr><td>1.<\/td><td>Esztergom Seizo irodah\u00e1z<\/td><td class=\"has-text-align-right\" data-align=\"right\">500 m<sup>2<\/sup><\/td><\/tr><tr><td>2.<\/td><td>Zoltek ZRt Nyerges\u00fajfalu<\/td><td class=\"has-text-align-right\" data-align=\"right\">300 m<sup>2<\/sup><\/td><\/tr><tr><td>3.<\/td><td>Richter Gedeon Vegy\u00e9szeti Gy\u00e1r Dorog<\/td><td class=\"has-text-align-right\" data-align=\"right\">2.800 m<sup>2<\/sup><\/td><\/tr><tr><td>4.<\/td><td>Budapest Csaba u. 9.<\/td><td class=\"has-text-align-right\" data-align=\"right\">200 m<sup>2<\/sup><\/td><\/tr><tr><td>5.<\/td><td>Magyar Suzuki Zrt PVC szigetel\u00e9s<\/td><td class=\"has-text-align-right\" data-align=\"right\">220 m<sup>2<\/sup><\/td><\/tr><tr><td>6.<\/td><td>KEM\u00d6 Szt. Borb\u00e1la k\u00f3rh\u00e1z<\/td><td class=\"has-text-align-right\" data-align=\"right\">450 m<sup>2<\/sup><\/td><\/tr><tr><td>7.<\/td><td>Kom\u00e1rom Alapy G\u00e1sp\u00e1r Iskola<\/td><td class=\"has-text-align-right\" data-align=\"right\">1.000 m<sup>2<\/sup><\/td><\/tr><tr><td>8.<\/td><td>Opel Hungari Kft sz\u00e9lfog\u00f3<\/td><td class=\"has-text-align-right\" data-align=\"right\">80 m<sup>2<\/sup><\/td><\/tr><tr><td>9.<\/td><td>B+B Kft Esztergom-kertv\u00e1ros<\/td><td class=\"has-text-align-right\" data-align=\"right\">910 m<sup>2<\/sup><\/td><\/tr><tr><td>10.<\/td><td>Max-Immon Kft irodah\u00e1z Tatab\u00e1nya<\/td><td class=\"has-text-align-right\" data-align=\"right\">510 m<sup>2<\/sup><\/td><\/tr><tr><td>11.<\/td><td>B\u00f3bita \u00d3voda Nyerges\u00fajfalu<\/td><td class=\"has-text-align-right\" data-align=\"right\">1.200 m<sup>2<\/sup><\/td><\/tr><tr><td>12.<\/td><td>\u00c9DV Zrt \u00e1temel\u0151k<\/td><td class=\"has-text-align-right\" data-align=\"right\">220 m<sup>2<\/sup><\/td><\/tr><tr><td>13.<\/td><td>Budapest Sz\u00e9pv\u00f6lgyi \u00fat 147<\/td><td class=\"has-text-align-right\" data-align=\"right\">280 m<sup>2<\/sup><\/td><\/tr><tr><td>14.<\/td><td>Wawin Hungary Kft traf\u00f3h\u00e1z<\/td><td class=\"has-text-align-right\" data-align=\"right\">420 m<sup>2<\/sup><\/td><\/tr><tr><td>15.<\/td><td>2 lak\u00e1sos Csal\u00e1di h\u00e1z Gy\u0151r-M\u00e9nf\u0151csanak<\/td><td class=\"has-text-align-right\" data-align=\"right\">500 m<sup>2<\/sup><\/td><\/tr><tr><td>16.<\/td><td>Budapest Galg\u00f3czy \u00fat 31<\/td><td class=\"has-text-align-right\" data-align=\"right\">150 m<sup>2<\/sup><\/td><\/tr><tr><td>17.<\/td><td>Esztergom Sug\u00e1r \u00fat 5. D-E-F<\/td><td class=\"has-text-align-right\" data-align=\"right\">600 m<sup>2<\/sup><\/td><\/tr><tr><td>18.<\/td><td>Aut\u00f3trend Kft<\/td><td class=\"has-text-align-right\" data-align=\"right\">60 m<sup>2<\/sup><\/td><\/tr><tr><td>19.<\/td><td>Tyco Electonics Kft<\/td><td class=\"has-text-align-right\" data-align=\"right\">200 m<sup>2<\/sup><\/td><\/tr><tr><td>20.<\/td><td>\u00c9gis Gy\u00f3gyszergy\u00e1r 35. \u00e9p.<\/td><td class=\"has-text-align-right\" data-align=\"right\">980 m<sup>2<\/sup><\/td><\/tr><tr><td>21.<\/td><td>Dorog Fay u. 10.<\/td><td class=\"has-text-align-right\" data-align=\"right\">180 m<sup>2<\/sup><\/td><\/tr><tr><td>22.<\/td><td>Esztergom Schleifert u. 11.<\/td><td class=\"has-text-align-right\" data-align=\"right\">300 m<sup>2<\/sup><\/td><\/tr><tr><td>23.<\/td><td>Esztergom Schleifert u. 13.<\/td><td class=\"has-text-align-right\" data-align=\"right\">3.000 m<sup>2<\/sup><\/td><\/tr><tr><td>24.<\/td><td>Elm\u00fc-\u00c9m\u00e1sz Budapest Katona utcai al\u00e1llom\u00e1s PVC szigetel\u00e9s<\/td><td class=\"has-text-align-right\" data-align=\"right\">880 m<sup>2<\/sup><\/td><\/tr><tr><td>25.<\/td><td>L\u00e1batlani Vasbetonipari Zrt<\/td><td class=\"has-text-align-right\" data-align=\"right\">100 m<sup>2<\/sup><\/td><\/tr><tr><td>26.<\/td><td>Esztergom Aradi t\u00e9r 4.<\/td><td class=\"has-text-align-right\" data-align=\"right\">140 m<sup>2<\/sup><\/td><\/tr><tr><td>27.<\/td><td>Csal\u00e1di h\u00e1z Esztergom<\/td><td class=\"has-text-align-right\" data-align=\"right\">100 m<sup>2<\/sup><\/td><\/tr><tr><td>28.<\/td><td>Richter Gedeon Vegy\u00e9szeti Gy\u00e1r Budapest<\/td><td class=\"has-text-align-right\" data-align=\"right\">660 m<sup>2<\/sup><\/td><\/tr><tr><td>29.<\/td><td>V\u00e9rtes Vol\u00e1n Esztergomi Buszp\u00e1lyaudvar<\/td><td class=\"has-text-align-right\" data-align=\"right\">900 m<sup>2<\/sup><\/td><\/tr><tr><td>30.<\/td><td>Vaszary Kolos K\u00f3rh\u00e1z Esztergom gazdas\u00e1gi hivatal<\/td><td class=\"has-text-align-right\" data-align=\"right\">330 m<sup>2<\/sup><\/td><\/tr><tr><td>31.<\/td><td>Budapest L\u00f3r\u00e1ndt u. 7.<\/td><td class=\"has-text-align-right\" data-align=\"right\">350 m<sup>2<\/sup><\/td><\/tr><tr><td>32.<\/td><td>PEM\u00dc Zrt. Zs\u00e1mb\u00e9k<\/td><td class=\"has-text-align-right\" data-align=\"right\">200 m<sup>2<\/sup><\/td><\/tr><tr><td>33.<\/td><td>Toyo Seat el\u0151tet\u0151<\/td><td class=\"has-text-align-right\" data-align=\"right\">50 m<sup>2<\/sup><\/td><\/tr><tr><td>34.<\/td><td>Pannon L\u00e9zer Kft Tata<\/td><td class=\"has-text-align-right\" data-align=\"right\">1.100 m<sup>2<\/sup><\/td><\/tr><tr><td colspan=\"3\">&nbsp;<strong>Talajnedvess\u00e9g \u00e9s v\u00edznyom\u00e1s elleni szigetel\u00e9sek<\/strong><\/td><\/tr><tr><td>35.<\/td><td>Esztergom Seizo irodah\u00e1z<\/td><td class=\"has-text-align-right\" data-align=\"right\">800 m<sup>2<\/sup><\/td><\/tr><tr><td>36.<\/td><td>Budapest Sz\u00e9pv\u00f6lgyi \u00fat 147<\/td><td class=\"has-text-align-right\" data-align=\"right\">980 m<sup>2<\/sup><\/td><\/tr><tr><td>37.<\/td><td>Csal\u00e1di h\u00e1z Szentendre<\/td><td class=\"has-text-align-right\" data-align=\"right\">410 m<sup>2<\/sup><\/td><\/tr><tr><td>38.<\/td><td>Piliscs\u00e9v t\u0171ziv\u00edz t\u00e1roz\u00f3<\/td><td class=\"has-text-align-right\" data-align=\"right\">800 m<sup>2<\/sup><\/td><\/tr><tr><td>39.<\/td><td>Mogyor\u00f3sb\u00e1nya t\u00faziv\u00edz t\u00e1roz\u00f3<\/td><td class=\"has-text-align-right\" data-align=\"right\">220 m<sup>2<\/sup><\/td><\/tr><tr><td>40.<\/td><td>Buda\u0151rs 2 lak\u00e1sos csal\u00e1di h\u00e1z<\/td><td class=\"has-text-align-right\" data-align=\"right\">800 m<sup>2<\/sup><\/td><\/tr><tr><td>41.<\/td><td>Budapest L\u00f3r\u00e1ndt u. 7.<\/td><td class=\"has-text-align-right\" data-align=\"right\">550 m<sup>2<\/sup><\/td><\/tr><tr><td>42.<\/td><td>Budapest Honv\u00e9d u<\/td><td class=\"has-text-align-right\" data-align=\"right\">300 m<sup>2<\/sup><\/td><\/tr><\/tbody><\/table><\/figure>\n","protected":false},"excerpt":{"rendered":"<p>1. Esztergom Seizo irodah\u00e1z 500 m2 2. Zoltek ZRt Nyerges\u00fajfalu 300 m2 3. Richter Gedeon Vegy\u00e9szeti Gy\u00e1r Dorog 2.800 m2 4. Budapest Csaba u. 9. 200 m2 5. Magyar Suzuki Zrt PVC szigetel\u00e9s 220 m2 6. KEM\u00d6 Szt. Borb\u00e1la k\u00f3rh\u00e1z 450 m2 7. Kom\u00e1rom Alapy G\u00e1sp\u00e1r Iskola 1.000 m2 8. Opel Hungari Kft sz\u00e9lfog\u00f3 80 &hellip; <a href=\"https:\/\/szigbad.hu.webhost.v-comp.ch\/?page_id=289\" class=\"more-link\">Continue reading<span class=\"screen-reader-text\"> &#8220;2012. \u00e9vi referencialista&#8221;<\/span><\/a><\/p>\n","protected":false},"author":1,"featured_media":0,"parent":0,"menu_order":0,"comment_status":"closed","ping_status":"closed","template":"","meta":{"footnotes":""},"class_list":["post-289","page","type-page","status-publish","hentry"],"_links":{"self":[{"href":"https:\/\/szigbad.hu.webhost.v-comp.ch\/index.php?rest_route=\/wp\/v2\/pages\/289","targetHints":{"allow":["GET"]}}],"collection":[{"href":"https:\/\/szigbad.hu.webhost.v-comp.ch\/index.php?rest_route=\/wp\/v2\/pages"}],"about":[{"href":"https:\/\/szigbad.hu.webhost.v-comp.ch\/index.php?rest_route=\/wp\/v2\/types\/page"}],"author":[{"embeddable":true,"href":"https:\/\/szigbad.hu.webhost.v-comp.ch\/index.php?rest_route=\/wp\/v2\/users\/1"}],"replies":[{"embeddable":true,"href":"https:\/\/szigbad.hu.webhost.v-comp.ch\/index.php?rest_route=%2Fwp%2Fv2%2Fcomments&post=289"}],"version-history":[{"count":2,"href":"https:\/\/szigbad.hu.webhost.v-comp.ch\/index.php?rest_route=\/wp\/v2\/pages\/289\/revisions"}],"predecessor-version":[{"id":291,"href":"https:\/\/szigbad.hu.webhost.v-comp.ch\/index.php?rest_route=\/wp\/v2\/pages\/289\/revisions\/291"}],"wp:attachment":[{"href":"https:\/\/szigbad.hu.webhost.v-comp.ch\/index.php?rest_route=%2Fwp%2Fv2%2Fmedia&parent=289"}],"curies":[{"name":"wp","href":"https:\/\/api.w.org\/{rel}","templated":true}]}}