{"id":292,"date":"2023-03-30T22:25:05","date_gmt":"2023-03-30T20:25:05","guid":{"rendered":"https:\/\/szigbad.hu.webhost.v-comp.ch\/?page_id=292"},"modified":"2023-03-30T22:38:54","modified_gmt":"2023-03-30T20:38:54","slug":"2013-evi-referencialista","status":"publish","type":"page","link":"https:\/\/szigbad.hu.webhost.v-comp.ch\/?page_id=292","title":{"rendered":"2013. \u00e9vi referencialista"},"content":{"rendered":"\n<figure class=\"wp-block-table\"><table><tbody><tr><td>1.<\/td><td>Esztergom Szentgy\u0151rgymezei \u00d3voda<\/td><td class=\"has-text-align-right\" data-align=\"right\">900 m<sup>2<\/sup><\/td><\/tr><tr><td>2.<\/td><td>Richter Gedeon Vegy\u00e9szeti Gy\u00e1r Dorog<\/td><td class=\"has-text-align-right\" data-align=\"right\">3.300 m<sup>2<\/sup><\/td><\/tr><tr><td>3.<\/td><td>Tyco Electonics Kft<\/td><td class=\"has-text-align-right\" data-align=\"right\">4.900 m<sup>2<\/sup><\/td><\/tr><tr><td>4.<\/td><td>Esztergom-kertv\u00e1ros I-Pro Tivi Kft<\/td><td class=\"has-text-align-right\" data-align=\"right\">2.000 m<sup>2<\/sup><\/td><\/tr><tr><td>5.<\/td><td>Budapest Dreher S\u0151rgy\u00e1r<\/td><td class=\"has-text-align-right\" data-align=\"right\">300 m<sup>2<\/sup><\/td><\/tr><tr><td>6.<\/td><td>Tordas Sajnovics Kast\u00e9ly PVC szigetel\u00e9s<\/td><td class=\"has-text-align-right\" data-align=\"right\">250 m<sup>2<\/sup><\/td><\/tr><tr><td>7.<\/td><td>KEM\u00d6 Szt. Borb\u00e1la k\u00f3rh\u00e1z<\/td><td class=\"has-text-align-right\" data-align=\"right\">800 m<sup>2<\/sup><\/td><\/tr><tr><td>8.<\/td><td>Tatab\u00e1nya Biog\u00e1z \u00fczem<\/td><td class=\"has-text-align-right\" data-align=\"right\">180 m<sup>2<\/sup><\/td><\/tr><tr><td>9.<\/td><td>Esztergom Vaszary Kolos K\u00f3rh\u00e1z<\/td><td class=\"has-text-align-right\" data-align=\"right\">1.600 m<sup>2<\/sup><\/td><\/tr><tr><td>10.<\/td><td>Esztergom Aradi t\u00e9r 2.<\/td><td class=\"has-text-align-right\" data-align=\"right\">150 m<sup>2<\/sup><\/td><\/tr><tr><td>11.<\/td><td>Esztergom Irinyi 11 C t\u00e1rsash\u00e1z<\/td><td class=\"has-text-align-right\" data-align=\"right\">200 m<sup>2<\/sup><\/td><\/tr><tr><td>12.<\/td><td>Esztergom Hafi csarnok \u00e9s iroda<\/td><td class=\"has-text-align-right\" data-align=\"right\">1.300 m<sup>2<\/sup><\/td><\/tr><tr><td>13.<\/td><td>Budapest Doh\u00e1ny utcai Iskola<\/td><td class=\"has-text-align-right\" data-align=\"right\">200 m<sup>2<\/sup><\/td><\/tr><tr><td>14.<\/td><td>Tokod-\u00fcvegyg\u00e1r Kod\u00e1ly-k\u00f6z t\u00e1rsash\u00e1z<\/td><td class=\"has-text-align-right\" data-align=\"right\">350 m<sup>2<\/sup><\/td><\/tr><tr><td>15.<\/td><td>Piliscsaba Vecs\u0151 csarnok EPDM lemez szigetel\u00e9s<\/td><td class=\"has-text-align-right\" data-align=\"right\">500 m<sup>2<\/sup><\/td><\/tr><tr><td>16.<\/td><td>Esztergom Czak\u00f3-Met\u00e1l Produkt<\/td><td class=\"has-text-align-right\" data-align=\"right\">440 m<sup>2<\/sup><\/td><\/tr><tr><td>17.<\/td><td>Esztergom \u00c1rp\u00e1dh\u00e1zi Szt Erzs\u00e9bet Iskola tornaterem<\/td><td class=\"has-text-align-right\" data-align=\"right\">440 m<sup>2<\/sup><\/td><\/tr><tr><td>18.<\/td><td>K\u00f6rnye Transintertop logisztikai k\u00f6zpont<\/td><td class=\"has-text-align-right\" data-align=\"right\">400 m<sup>2<\/sup><\/td><\/tr><tr><td>19.<\/td><td>Pannon L\u00e9zer Kft Tata<\/td><td class=\"has-text-align-right\" data-align=\"right\">500 m<sup>2<\/sup><\/td><\/tr><tr><td>20.<\/td><td>Tata Sport u. 1. csal\u00e1di h\u00e1z<\/td><td class=\"has-text-align-right\" data-align=\"right\">260 m<sup>2<\/sup><\/td><\/tr><tr><td>21.<\/td><td>Tata Agosty\u00e1ni \u00fat csarnok<\/td><td class=\"has-text-align-right\" data-align=\"right\">260 m<sup>2<\/sup><\/td><\/tr><tr><td>22.<\/td><td>L\u00e1batlan Piszke ltp 7\/4<\/td><td class=\"has-text-align-right\" data-align=\"right\">300 m<sup>2<\/sup><\/td><\/tr><tr><td>23.<\/td><td>L\u00e1batlan Gondoz\u00e1si k\u00f6zpont<\/td><td class=\"has-text-align-right\" data-align=\"right\">200 m<sup>2<\/sup><\/td><\/tr><tr><td>24.<\/td><td>Budapest Terci\u00f3 Kft iroda\u00e9p\u00fclet<\/td><td class=\"has-text-align-right\" data-align=\"right\">300 m<sup>2<\/sup><\/td><\/tr><tr><td>25.<\/td><td>Pilismar\u00f3t ABC<\/td><td class=\"has-text-align-right\" data-align=\"right\">500 m<sup>2<\/sup><\/td><\/tr><tr><td>26.<\/td><td>Esztergom G\u00e9za Fejedelem Szakiskola<\/td><td class=\"has-text-align-right\" data-align=\"right\">200 m<sup>2<\/sup><\/td><\/tr><tr><td>27.<\/td><td>Dorog Penny Market<\/td><td class=\"has-text-align-right\" data-align=\"right\">100 m<sup>2<\/sup><\/td><\/tr><tr><td>28.<\/td><td>Magyar Suzuki Zrt<\/td><td class=\"has-text-align-right\" data-align=\"right\">500 m<sup>2<\/sup><\/td><\/tr><tr><td>29.<\/td><td>PEM\u00dc Zrt. Solym\u00e1r tornaterem<\/td><td class=\"has-text-align-right\" data-align=\"right\">200 m<sup>2<\/sup><\/td><\/tr><tr><td>30.<\/td><td>Szt. Gy\u00f6rgy Otthon Szt. J\u00e1nos Ispot\u00e1ly<\/td><td class=\"has-text-align-right\" data-align=\"right\">300 m<sup>2<\/sup><\/td><\/tr><tr><td>31.<\/td><td>Esztergom \u00c1rp\u00e1dh\u00e1zi Szt Erzs\u00e9bet Iskola gar\u00e1zs<\/td><td class=\"has-text-align-right\" data-align=\"right\">350 m<sup>2<\/sup><\/td><\/tr><tr><td colspan=\"3\">&nbsp;<strong>Talajnedvess\u00e9g \u00e9s v\u00edznyom\u00e1s elleni szigetel\u00e9sek<\/strong><\/td><\/tr><tr><td>32.<\/td><td>Esztergom \u00c1rp\u00e1dh\u00e1zi Szt Erzs\u00e9bet Iskola tornaterem<\/td><td class=\"has-text-align-right\" data-align=\"right\">2.000 m<sup>2<\/sup><\/td><\/tr><tr><td>33.<\/td><td>Budapest L\u00f3r\u00e1ndt u. 7.<\/td><td class=\"has-text-align-right\" data-align=\"right\">200 m<sup>2<\/sup><\/td><\/tr><tr><td>34.<\/td><td>Pince \u00e9p\u00fclet Szentendre<\/td><td class=\"has-text-align-right\" data-align=\"right\">150 m<sup>2<\/sup><\/td><\/tr><tr><td>35.<\/td><td>Tata Sport u. 1. csal\u00e1di h\u00e1z<\/td><td class=\"has-text-align-right\" data-align=\"right\">500 m<sup>2<\/sup><\/td><\/tr><tr><td>36.<\/td><td>Szom\u00f3d csal\u00e1di h\u00e1z<\/td><td class=\"has-text-align-right\" data-align=\"right\">350 m<sup>2<\/sup><\/td><\/tr><tr><td>37.<\/td><td>P\u00e9lif\u00f6ldszentkereszt \u00e9tterem<\/td><td class=\"has-text-align-right\" data-align=\"right\">500 m<sup>2<\/sup><\/td><\/tr><tr><td>38.<\/td><td>Budapest Doh\u00e1ny utcai Iskola<\/td><td class=\"has-text-align-right\" data-align=\"right\">300 m<sup>2<\/sup><\/td><\/tr><tr><td>39.<\/td><td>Esztergom Spori-Print t\u0171ziv\u00edz t\u00e1roz\u00f3<\/td><td class=\"has-text-align-right\" data-align=\"right\">300 m<sup>2<\/sup><\/td><\/tr><tr><td>&nbsp;40.<\/td><td>Esztergom Medhotel<\/td><td class=\"has-text-align-right\" data-align=\"right\">300 m<sup>2<\/sup><\/td><\/tr><\/tbody><\/table><\/figure>\n","protected":false},"excerpt":{"rendered":"<p>1. Esztergom Szentgy\u0151rgymezei \u00d3voda 900 m2 2. Richter Gedeon Vegy\u00e9szeti Gy\u00e1r Dorog 3.300 m2 3. Tyco Electonics Kft 4.900 m2 4. Esztergom-kertv\u00e1ros I-Pro Tivi Kft 2.000 m2 5. Budapest Dreher S\u0151rgy\u00e1r 300 m2 6. Tordas Sajnovics Kast\u00e9ly PVC szigetel\u00e9s 250 m2 7. KEM\u00d6 Szt. Borb\u00e1la k\u00f3rh\u00e1z 800 m2 8. Tatab\u00e1nya Biog\u00e1z \u00fczem 180 m2 9. &hellip; <a href=\"https:\/\/szigbad.hu.webhost.v-comp.ch\/?page_id=292\" class=\"more-link\">Continue reading<span class=\"screen-reader-text\"> &#8220;2013. \u00e9vi referencialista&#8221;<\/span><\/a><\/p>\n","protected":false},"author":1,"featured_media":0,"parent":0,"menu_order":0,"comment_status":"closed","ping_status":"closed","template":"","meta":{"footnotes":""},"class_list":["post-292","page","type-page","status-publish","hentry"],"_links":{"self":[{"href":"https:\/\/szigbad.hu.webhost.v-comp.ch\/index.php?rest_route=\/wp\/v2\/pages\/292","targetHints":{"allow":["GET"]}}],"collection":[{"href":"https:\/\/szigbad.hu.webhost.v-comp.ch\/index.php?rest_route=\/wp\/v2\/pages"}],"about":[{"href":"https:\/\/szigbad.hu.webhost.v-comp.ch\/index.php?rest_route=\/wp\/v2\/types\/page"}],"author":[{"embeddable":true,"href":"https:\/\/szigbad.hu.webhost.v-comp.ch\/index.php?rest_route=\/wp\/v2\/users\/1"}],"replies":[{"embeddable":true,"href":"https:\/\/szigbad.hu.webhost.v-comp.ch\/index.php?rest_route=%2Fwp%2Fv2%2Fcomments&post=292"}],"version-history":[{"count":2,"href":"https:\/\/szigbad.hu.webhost.v-comp.ch\/index.php?rest_route=\/wp\/v2\/pages\/292\/revisions"}],"predecessor-version":[{"id":294,"href":"https:\/\/szigbad.hu.webhost.v-comp.ch\/index.php?rest_route=\/wp\/v2\/pages\/292\/revisions\/294"}],"wp:attachment":[{"href":"https:\/\/szigbad.hu.webhost.v-comp.ch\/index.php?rest_route=%2Fwp%2Fv2%2Fmedia&parent=292"}],"curies":[{"name":"wp","href":"https:\/\/api.w.org\/{rel}","templated":true}]}}