{"id":295,"date":"2023-03-30T22:26:07","date_gmt":"2023-03-30T20:26:07","guid":{"rendered":"https:\/\/szigbad.hu.webhost.v-comp.ch\/?page_id=295"},"modified":"2023-03-30T22:38:02","modified_gmt":"2023-03-30T20:38:02","slug":"2004-evi-referencialista","status":"publish","type":"page","link":"https:\/\/szigbad.hu.webhost.v-comp.ch\/?page_id=295","title":{"rendered":"2004. \u00e9vi referencialista"},"content":{"rendered":"\n<figure class=\"wp-block-table\"><table><tbody><tr><td>1.&nbsp;<\/td><td>&nbsp;Esztergomi Lak\u00e1sfenntart\u00f3 Sz\u00f6vetkezet<\/td><td class=\"has-text-align-right\" data-align=\"right\">&nbsp;3.800 m<sup>2<\/sup><\/td><\/tr><tr><td>&nbsp;2.<\/td><td>&nbsp;Nyerges\u00fajfalu M\u00e1jus 1 t\u00e9r 8-9-10. lak\u00f3h\u00e1z<\/td><td class=\"has-text-align-right\" data-align=\"right\">&nbsp;900 m<sup>2<\/sup><\/td><\/tr><tr><td>&nbsp;3.<\/td><td>&nbsp;Richter Gedeon Rt. Dorogi Fi\u00f3ktelep<\/td><td class=\"has-text-align-right\" data-align=\"right\">&nbsp;3.000 m<sup>2<\/sup><\/td><\/tr><tr><td>&nbsp;4.<\/td><td>&nbsp;Dr Kupa Mih\u00e1ly csal\u00e1di h\u00e1z<\/td><td class=\"has-text-align-right\" data-align=\"right\">&nbsp;250 m<sup>2<\/sup><\/td><\/tr><tr><td>&nbsp;5.<\/td><td>&nbsp;L\u00e1batlan Piszke ltp 8\/3 lak\u00f3h\u00e1z<\/td><td class=\"has-text-align-right\" data-align=\"right\">&nbsp;450 m<sup>2<\/sup><\/td><\/tr><tr><td>&nbsp;6.<\/td><td>&nbsp;T\u00f3th Aur\u00e9l Piliscsaba csal\u00e1di h\u00e1z z\u00f6ldtet\u0151<\/td><td class=\"has-text-align-right\" data-align=\"right\">&nbsp;200 m<sup>2<\/sup><\/td><\/tr><tr><td>&nbsp;7.<\/td><td>&nbsp;Esztrom Kft, Dorog M\u00e1ria h\u00e1z<\/td><td class=\"has-text-align-right\" data-align=\"right\">&nbsp;280 m<sup>2<\/sup><\/td><\/tr><tr><td>&nbsp;8.<\/td><td>&nbsp;G\u00e9za Fejedelem Szakmunk\u00e1sk\u00e9pz\u0151 Iskola Esztergom<\/td><td class=\"has-text-align-right\" data-align=\"right\">&nbsp;1.200 m<sup>2<\/sup><\/td><\/tr><tr><td>&nbsp;9.<\/td><td>&nbsp;Esztergom Irinyi u. 11\/A lak\u00f3h\u00e1z<\/td><td class=\"has-text-align-right\" data-align=\"right\">&nbsp;400 m<sup>2<\/sup><\/td><\/tr><tr><td>&nbsp;10.<\/td><td>&nbsp;Esztergom B\u00e1nomi ltp. 13 lak\u00f3h\u00e1z<\/td><td class=\"has-text-align-right\" data-align=\"right\">&nbsp;300 m<sup>2<\/sup><\/td><\/tr><tr><td>&nbsp;11.<\/td><td>&nbsp;Magyar Suzuki Rt.<\/td><td class=\"has-text-align-right\" data-align=\"right\">&nbsp;200 m<sup>2<\/sup><\/td><\/tr><tr><td>&nbsp;12.<\/td><td>&nbsp;S\u00e1ndor Metternich kast\u00e9ly Bajna<\/td><td class=\"has-text-align-right\" data-align=\"right\">&nbsp;600 m<sup>2<\/sup><\/td><\/tr><tr><td>&nbsp;13.<\/td><td>&nbsp;Esztergom Rudinai u. 3. lak\u00f3h\u00e1z<\/td><td class=\"has-text-align-right\" data-align=\"right\">&nbsp;450 m<sup>2<\/sup><\/td><\/tr><tr><td>&nbsp;14.<\/td><td>&nbsp;T\u00e1rsash\u00e1z L\u00e1batlan<\/td><td class=\"has-text-align-right\" data-align=\"right\">&nbsp;280 m<sup>2<\/sup><\/td><\/tr><tr><td>&nbsp;15.<\/td><td>&nbsp;Esztergom Aranyhegyi \u00fat 2-4<\/td><td class=\"has-text-align-right\" data-align=\"right\">&nbsp;600 m<sup>2<\/sup><\/td><\/tr><tr><td>&nbsp;16.<\/td><td>&nbsp;Esztergom B\u00e1nomi ltp 26. lak\u00f3h\u00e1z<\/td><td class=\"has-text-align-right\" data-align=\"right\">&nbsp;300 m<sup>2<\/sup><\/td><\/tr><tr><td>&nbsp;17.<\/td><td>&nbsp;Polg\u00e1rmesteri Hivatal k\u00f6zint\u00e9zm\u00e9nyei Nyerges\u00fajfalu<\/td><td class=\"has-text-align-right\" data-align=\"right\">&nbsp;460 m<sup>2<\/sup><\/td><\/tr><tr><td>&nbsp;18.<\/td><td>&nbsp;Novoprint Rt. Dorog<\/td><td class=\"has-text-align-right\" data-align=\"right\">&nbsp;880 m<sup>2<\/sup><\/td><\/tr><tr><td>&nbsp;19.<\/td><td>&nbsp;Esztergom B\u00e1nomi ltp. 3. lak\u00f3h\u00e1z<\/td><td class=\"has-text-align-right\" data-align=\"right\">&nbsp;300 m<sup>2<\/sup><\/td><\/tr><tr><td>&nbsp;20.<\/td><td>&nbsp;Magyar Nemzeti M\u00fazeum F\u0151bej\u00e1rati el\u0151l\u00e9pcs\u0151<\/td><td class=\"has-text-align-right\" data-align=\"right\">&nbsp;650 m<sup>2<\/sup><\/td><\/tr><tr><td>&nbsp;21.<\/td><td>&nbsp;\u00daj Strigom Kft, Esztergom<\/td><td class=\"has-text-align-right\" data-align=\"right\">&nbsp;1.050 m<sup>2<\/sup><\/td><\/tr><tr><td>&nbsp;22.<\/td><td>&nbsp;Szentendrei Pap\u00edrgy\u00e1r Rt.<\/td><td class=\"has-text-align-right\" data-align=\"right\">&nbsp;500 m<sup>2<\/sup><\/td><\/tr><tr><td>&nbsp;23.<\/td><td>&nbsp;T\u00e1rsash\u00e1z Budapest San Marc\u00f3 \u00fat<\/td><td class=\"has-text-align-right\" data-align=\"right\">&nbsp;360 m<sup>2<\/sup><\/td><\/tr><tr><td>&nbsp;24.<\/td><td>&nbsp;V\u00e9rtes Vol\u00e1n Rt. Dorog<\/td><td class=\"has-text-align-right\" data-align=\"right\">&nbsp;800 m<sup>2<\/sup><\/td><\/tr><tr><td>&nbsp;25.<\/td><td>&nbsp;Term\u00e1l- \u00c9lm\u00e9ny- \u00e9s Gy\u00f3gyf\u00f6rd\u0151 Esztergom, z\u00f6ldtet\u0151szigetel\u00e9s<\/td><td class=\"has-text-align-right\" data-align=\"right\">&nbsp;7.000 m<sup>2<\/sup><\/td><\/tr><tr><td>&nbsp;26.<\/td><td>&nbsp;Gyermelyi T\u00e9sztagy\u00e1r Rt. PVC szigetel\u00e9s<\/td><td class=\"has-text-align-right\" data-align=\"right\">&nbsp;400 m<sup>2<\/sup><\/td><\/tr><tr><td>&nbsp;27.<\/td><td>&nbsp;Habasit Kft. Esztergom<\/td><td class=\"has-text-align-right\" data-align=\"right\">&nbsp;100 m<sup>2<\/sup><\/td><\/tr><tr><td>&nbsp;28.<\/td><td>&nbsp;Zoltek Rt, Nyerges\u00fajfalu<\/td><td class=\"has-text-align-right\" data-align=\"right\">&nbsp;150 m<sup>2<\/sup><\/td><\/tr><tr><td>&nbsp;29.<\/td><td>&nbsp;Dob\u00f3 Katalin Gimn\u00e1zium tornaterem PVC szigetel\u00e9s<\/td><td class=\"has-text-align-right\" data-align=\"right\">&nbsp;1.400 m<sup>2<\/sup><\/td><\/tr><tr><td>&nbsp;30<\/td><td>&nbsp;Esztergom B\u00e1nomi ltp. 27. lak\u00f3h\u00e1z<\/td><td class=\"has-text-align-right\" data-align=\"right\">&nbsp;300 m<sup>2<\/sup><\/td><\/tr><tr><td>&nbsp;31.<\/td><td>&nbsp;Rosemberg Hung\u00e1ria Kft, Tokodalt\u00e1r\u00f3<\/td><td class=\"has-text-align-right\" data-align=\"right\">&nbsp;370 m<sup>2<\/sup><\/td><\/tr><tr><td>&nbsp;32.<\/td><td>&nbsp;Aut\u00f3transz Kft. Dorog<\/td><td class=\"has-text-align-right\" data-align=\"right\">&nbsp;400 m<sup>2<\/sup><\/td><\/tr><tr><td>&nbsp;33.<\/td><td>&nbsp;Szaki-Bau Kft. Rakt\u00e1r\u00e9p\u00fclet<\/td><td class=\"has-text-align-right\" data-align=\"right\">&nbsp;1.500 m<sup>2<\/sup><\/td><\/tr><tr><td>&nbsp;34.<\/td><td>&nbsp;Esztergomi Rend\u0151rkapit\u00e1nys\u00e1g<\/td><td class=\"has-text-align-right\" data-align=\"right\">&nbsp;380 m<sup>2<\/sup><\/td><\/tr><\/tbody><\/table><\/figure>\n\n\n\n<p><strong>Talajnedvess\u00e9g \u00e9s v\u00edznyom\u00e1s elleni szigetel\u00e9sek<\/strong><\/p>\n\n\n\n<figure class=\"wp-block-table\"><table><tbody><tr><td>&nbsp;1.<\/td><td>&nbsp;H\u00eddv\u00e9gi Eliza Esztergom B\u00fab\u00e1natv\u00f6lgy csal\u00e1di h\u00e1z<\/td><td class=\"has-text-align-right\" data-align=\"right\">&nbsp;400 m<sup>2<\/sup><\/td><\/tr><tr><td>&nbsp;2.<\/td><td>&nbsp;Esztergom Kft. M\u00e1ria h\u00e1z Dorog<\/td><td class=\"has-text-align-right\" data-align=\"right\">&nbsp;1.900 m<sup>2<\/sup><\/td><\/tr><tr><td>&nbsp;3.<\/td><td>&nbsp;Telki \u00e9s Biatorb\u00e1gyi csal\u00e1si h\u00e1zak<\/td><td class=\"has-text-align-right\" data-align=\"right\">&nbsp;700 m<sup>2<\/sup><\/td><\/tr><tr><td>&nbsp;4.<\/td><td>&nbsp;Budapest B\u00e9rc u. T\u00e1rsash\u00e1z<\/td><td class=\"has-text-align-right\" data-align=\"right\">&nbsp;500 m<sup>2<\/sup><\/td><\/tr><tr><td>&nbsp;5.<\/td><td>&nbsp;Pro-built BT. Esztergom Galagony\u00e1s \u00fati t\u00e1rsash\u00e1zak<\/td><td class=\"has-text-align-right\" data-align=\"right\">&nbsp;290 m<sup>2<\/sup><\/td><\/tr><tr><td>&nbsp;6.<\/td><td>&nbsp;R\u00e1bl Ervin Nyerges\u00fajfalu csal\u00e1di h\u00e1z<\/td><td class=\"has-text-align-right\" data-align=\"right\">&nbsp;260 m<sup>2<\/sup><\/td><\/tr><tr><td>&nbsp;7.<\/td><td>&nbsp;Megyes Tam\u00e1s Esztergom B\u00fab\u00e1natv\u00f6lgy csal\u00e1di h\u00e1z<\/td><td class=\"has-text-align-right\" data-align=\"right\">&nbsp;400 m<sup>2<\/sup><\/td><\/tr><\/tbody><\/table><\/figure>\n","protected":false},"excerpt":{"rendered":"<p>1.&nbsp; &nbsp;Esztergomi Lak\u00e1sfenntart\u00f3 Sz\u00f6vetkezet &nbsp;3.800 m2 &nbsp;2. &nbsp;Nyerges\u00fajfalu M\u00e1jus 1 t\u00e9r 8-9-10. lak\u00f3h\u00e1z &nbsp;900 m2 &nbsp;3. &nbsp;Richter Gedeon Rt. Dorogi Fi\u00f3ktelep &nbsp;3.000 m2 &nbsp;4. &nbsp;Dr Kupa Mih\u00e1ly csal\u00e1di h\u00e1z &nbsp;250 m2 &nbsp;5. &nbsp;L\u00e1batlan Piszke ltp 8\/3 lak\u00f3h\u00e1z &nbsp;450 m2 &nbsp;6. &nbsp;T\u00f3th Aur\u00e9l Piliscsaba csal\u00e1di h\u00e1z z\u00f6ldtet\u0151 &nbsp;200 m2 &nbsp;7. &nbsp;Esztrom Kft, Dorog M\u00e1ria h\u00e1z &nbsp;280 &hellip; <a href=\"https:\/\/szigbad.hu.webhost.v-comp.ch\/?page_id=295\" class=\"more-link\">Continue reading<span class=\"screen-reader-text\"> &#8220;2004. \u00e9vi referencialista&#8221;<\/span><\/a><\/p>\n","protected":false},"author":1,"featured_media":0,"parent":0,"menu_order":0,"comment_status":"closed","ping_status":"closed","template":"","meta":{"footnotes":""},"class_list":["post-295","page","type-page","status-publish","hentry"],"_links":{"self":[{"href":"https:\/\/szigbad.hu.webhost.v-comp.ch\/index.php?rest_route=\/wp\/v2\/pages\/295","targetHints":{"allow":["GET"]}}],"collection":[{"href":"https:\/\/szigbad.hu.webhost.v-comp.ch\/index.php?rest_route=\/wp\/v2\/pages"}],"about":[{"href":"https:\/\/szigbad.hu.webhost.v-comp.ch\/index.php?rest_route=\/wp\/v2\/types\/page"}],"author":[{"embeddable":true,"href":"https:\/\/szigbad.hu.webhost.v-comp.ch\/index.php?rest_route=\/wp\/v2\/users\/1"}],"replies":[{"embeddable":true,"href":"https:\/\/szigbad.hu.webhost.v-comp.ch\/index.php?rest_route=%2Fwp%2Fv2%2Fcomments&post=295"}],"version-history":[{"count":1,"href":"https:\/\/szigbad.hu.webhost.v-comp.ch\/index.php?rest_route=\/wp\/v2\/pages\/295\/revisions"}],"predecessor-version":[{"id":306,"href":"https:\/\/szigbad.hu.webhost.v-comp.ch\/index.php?rest_route=\/wp\/v2\/pages\/295\/revisions\/306"}],"wp:attachment":[{"href":"https:\/\/szigbad.hu.webhost.v-comp.ch\/index.php?rest_route=%2Fwp%2Fv2%2Fmedia&parent=295"}],"curies":[{"name":"wp","href":"https:\/\/api.w.org\/{rel}","templated":true}]}}