{"id":298,"date":"2023-03-30T22:27:00","date_gmt":"2023-03-30T20:27:00","guid":{"rendered":"https:\/\/szigbad.hu.webhost.v-comp.ch\/?page_id=298"},"modified":"2023-03-30T22:39:02","modified_gmt":"2023-03-30T20:39:02","slug":"2015-evi-referencialista","status":"publish","type":"page","link":"https:\/\/szigbad.hu.webhost.v-comp.ch\/?page_id=298","title":{"rendered":"2015. \u00e9vi referencialista"},"content":{"rendered":"\n<figure class=\"wp-block-table\"><table><tbody><tr><td>1.<\/td><td>Tej\u00fat Kft Keszt\u00f6lc<\/td><td class=\"has-text-align-right\" data-align=\"right\">300 m<sup>2<\/sup><\/td><\/tr><tr><td>2.<\/td><td>Esztergom Rudinai 5. T\u00e1rsash\u00e1z<\/td><td class=\"has-text-align-right\" data-align=\"right\">200 m<sup>2<\/sup><\/td><\/tr><tr><td>3.<\/td><td>Esztergom Pilisi Parkerd\u0151 csarnok<\/td><td class=\"has-text-align-right\" data-align=\"right\">1.500 m<sup>2<\/sup><\/td><\/tr><tr><td>4.<\/td><td>Budapest Rg Nyrt Gy\u00f3gyszerbiztons\u00e1gi Labor<\/td><td class=\"has-text-align-right\" data-align=\"right\">700 m<sup>2<\/sup><\/td><\/tr><tr><td>5.<\/td><td>Zoltek Zrt Sz\u00e1ll\u00f3 \u00e9p\u00fclet Nyerges\u00fajfalu<\/td><td class=\"has-text-align-right\" data-align=\"right\">900 m<sup>2<\/sup><\/td><\/tr><tr><td>6.<\/td><td>Budapest Keresztel\u0151 Szt. J\u00e1nos Pl\u00e9b\u00e1nia<\/td><td class=\"has-text-align-right\" data-align=\"right\">600 m<sup>2<\/sup><\/td><\/tr><tr><td>7.<\/td><td>Budapest Moha k\u00f6z T\u00e1rsash\u00e1z<\/td><td class=\"has-text-align-right\" data-align=\"right\">500 m<sup>2<\/sup><\/td><\/tr><tr><td>8.<\/td><td>Budapest Templom k\u00f6z csal\u00e1di h\u00e1z<\/td><td class=\"has-text-align-right\" data-align=\"right\">200 m<sup>2<\/sup><\/td><\/tr><tr><td>9.<\/td><td>Nagykov\u00e1csi csal\u00e1di h\u00e1z korcolt f\u00e9mlemez fed\u00e9s<\/td><td class=\"has-text-align-right\" data-align=\"right\">200 m<sup>2<\/sup><\/td><\/tr><tr><td>10.<\/td><td>Magyar Suzuki Zrt Esztergom<\/td><td class=\"has-text-align-right\" data-align=\"right\">250 m<sup>2<\/sup><\/td><\/tr><tr><td>11.<\/td><td>PEX csarnok \u00c9rd<\/td><td class=\"has-text-align-right\" data-align=\"right\">1.800 m<sup>2<\/sup><\/td><\/tr><tr><td>12.<\/td><td>V-Comp Kft Esztergom<\/td><td class=\"has-text-align-right\" data-align=\"right\">100 m<sup>2<\/sup><\/td><\/tr><tr><td>13.<\/td><td>Fauer Kft t\u0171ziv\u00edz t\u00e1roz\u00f3<\/td><td class=\"has-text-align-right\" data-align=\"right\">400 m<sup>2<\/sup><\/td><\/tr><tr><td>14.<\/td><td>Le\u00e1nyv\u00e1r Vaskapu puszta csarnok<\/td><td class=\"has-text-align-right\" data-align=\"right\">400 m<sup>2<\/sup><\/td><\/tr><tr><td>15.<\/td><td>RG Rt Dorog medence lefed\u00e9sek korcolt fed\u00e9s<\/td><td class=\"has-text-align-right\" data-align=\"right\">1.000 m<sup>2<\/sup><\/td><\/tr><tr><td>16.<\/td><td>Budapest R\u00e1th Gy\u00f6rgy M\u00fazeum korcolt fed\u00e9s<\/td><td class=\"has-text-align-right\" data-align=\"right\">500 m<sup>2<\/sup><\/td><\/tr><tr><td>17.<\/td><td>Ryowa Kft Esztergom trap\u00e9zlemez fed\u00e9s<\/td><td class=\"has-text-align-right\" data-align=\"right\">2.000 m<sup>2<\/sup><\/td><\/tr><tr><td>18.<\/td><td>Baumit Dorog K\u00e9pz\u00e9si Kabinet z\u00f6ldtet\u0151<\/td><td class=\"has-text-align-right\" data-align=\"right\">400 m<sup>2<\/sup><\/td><\/tr><tr><td>19.<\/td><td>Rg Rt Dorog MIFO C \u00e9p\u00fclet korcolt fed\u00e9s<\/td><td class=\"has-text-align-right\" data-align=\"right\">550 m<sup>2<\/sup><\/td><\/tr><tr><td>20.<\/td><td>Dorog B\u00f6lcs\u0151de<\/td><td class=\"has-text-align-right\" data-align=\"right\">400 m<sup>2<\/sup><\/td><\/tr><tr><td>21.<\/td><td>Esztergom Medhotel korcolt fed\u00e9s<\/td><td class=\"has-text-align-right\" data-align=\"right\">300 m<sup>2<\/sup><\/td><\/tr><tr><td>22.<\/td><td>\u00dcr\u00f6m Csipkebogy\u00f3 \u00fat csal\u00e1di h\u00e1z korcolt fed\u00e9s<\/td><td class=\"has-text-align-right\" data-align=\"right\">300 m<sup>2<\/sup><\/td><\/tr><tr><td>23.<\/td><td>Ravenhause Kft 10-es csarnok<\/td><td class=\"has-text-align-right\" data-align=\"right\">4.000 m<sup>2<\/sup><\/td><\/tr><tr><td>24.<\/td><td>Dorog E\u00f6tv\u00f6s \u00c1ltal\u00e1nos Iskola tornaterem<\/td><td class=\"has-text-align-right\" data-align=\"right\">600 m<sup>2<\/sup><\/td><\/tr><tr><td>25.<\/td><td>D\u00e9l-dun\u00e1nt\u00fali Medihotal Vill\u00e1nyk\u00f6vesd<\/td><td class=\"has-text-align-right\" data-align=\"right\">2.000 m<sup>2<\/sup><\/td><\/tr><tr><td>26.<\/td><td>Richter Gedeon Vegy\u00e9szeti Gy\u00e1r Nyrt<\/td><td class=\"has-text-align-right\" data-align=\"right\">950 m<sup>2<\/sup><\/td><\/tr><tr><td>27.<\/td><td>Budapest V\u00e1ci \u00fat 71. irodah\u00e1z<\/td><td class=\"has-text-align-right\" data-align=\"right\">250 m<sup>2<\/sup><\/td><\/tr><tr><td>28.<\/td><td>\u00c9DV Zrt<\/td><td class=\"has-text-align-right\" data-align=\"right\">400 m<sup>2<\/sup><\/td><\/tr><tr><td>29.<\/td><td>Esztergom Pr\u00edm\u00e1s Szigeti Sz\u00e1lloda<\/td><td class=\"has-text-align-right\" data-align=\"right\">1.500 m<sup>2<\/sup><\/td><\/tr><tr><td>30.<\/td><td>Axal Sro G\u00fata Szlov\u00e1kia<\/td><td class=\"has-text-align-right\" data-align=\"right\">4.000 m<sup>2<\/sup><\/td><\/tr><tr><td>31.<\/td><td>Esztergom Szentgy\u0151rgymezei \u00f3voda korcolt fed\u00e9s<\/td><td class=\"has-text-align-right\" data-align=\"right\">150 m<sup>2<\/sup><\/td><\/tr><tr><td>32.<\/td><td>Gerecs T\u00e1rsash\u00e1z L\u00e1batlan<\/td><td class=\"has-text-align-right\" data-align=\"right\">250 m<sup>2<\/sup><\/td><\/tr><tr><td>33.<\/td><td>Holcim Eml\u00e9kh\u00e1z L\u00e1batlan, z\u00f6ldtet\u0151<\/td><td class=\"has-text-align-right\" data-align=\"right\">400 m<sup>2<\/sup><\/td><\/tr><tr><td>34.<\/td><td>Budapest Andrassy \u00fat 96.<\/td><td class=\"has-text-align-right\" data-align=\"right\">450 m<sup>2<\/sup><\/td><\/tr><tr><td>35.<\/td><td>Zoltek Zrt 107-es \u00e9p\u00fclet<\/td><td class=\"has-text-align-right\" data-align=\"right\">2.500 m<sup>2<\/sup><\/td><\/tr><tr><td>36.<\/td><td>Egis Gy\u00f3gyszergy\u00e1r traf\u00f3h\u00e1z Budapest<\/td><td class=\"has-text-align-right\" data-align=\"right\">400 m<sup>2<\/sup><\/td><\/tr><tr><td>37.<\/td><td>Dr\u00e9her S\u00f6rgy\u00e1r Budapest<\/td><td class=\"has-text-align-right\" data-align=\"right\">400 m<sup>2<\/sup><\/td><\/tr><tr><td>38.<\/td><td>Budapest Attila \u00fat 17 t\u00e1rsash\u00e1z korcolt fed\u00e9s<\/td><td class=\"has-text-align-right\" data-align=\"right\">200 m<sup>2<\/sup><\/td><\/tr><tr><td>39.<\/td><td>M\u0171szaki K\u00f6nyvkiad\u00f3 Budapest<\/td><td class=\"has-text-align-right\" data-align=\"right\">400 m<sup>2<\/sup><\/td><\/tr><tr><td>40.<\/td><td>Nord-Bay Kft L\u00e1batlan<\/td><td class=\"has-text-align-right\" data-align=\"right\">600 m<sup>2<\/sup><\/td><\/tr><tr><td>41.<\/td><td>Kom\u00e1rom Dob\u00f3 I. \u00fat csal\u00e1di h\u00e1z<\/td><td class=\"has-text-align-right\" data-align=\"right\">200 m<sup>2<\/sup><\/td><\/tr><tr><td>42.<\/td><td>Albert Weber Kft Esztergom<\/td><td class=\"has-text-align-right\" data-align=\"right\">4.000 m<sup>2<\/sup><\/td><\/tr><tr><td>43.<\/td><td>Pilisszentkereszt Iskola, \u00f3voda<\/td><td class=\"has-text-align-right\" data-align=\"right\">900 m<sup>2<\/sup><\/td><\/tr><tr><td>44.<\/td><td>Tatai Rend\u0151rkapit\u00e1nys\u00e1g<\/td><td class=\"has-text-align-right\" data-align=\"right\">200 m<sup>2<\/sup><\/td><\/tr><tr><td colspan=\"3\">&nbsp;<strong>Talajnedvess\u00e9g \u00e9s v\u00edznyom\u00e1s elleni szigetel\u00e9sek<\/strong><\/td><\/tr><tr><td>45.<\/td><td>V\u00e9rtessoml\u00f3 csal\u00e1di h\u00e1z<\/td><td class=\"has-text-align-right\" data-align=\"right\">200 m<sup>2<\/sup><\/td><\/tr><tr><td>46.<\/td><td>Budapest Alkotm\u00e1ny \u00fat t\u00e1rsash\u00e1z<\/td><td class=\"has-text-align-right\" data-align=\"right\">700 m<sup>2<\/sup><\/td><\/tr><tr><td>47.<\/td><td>Budapest Kelemen \u00fat k\u00e1v\u00e9z\u00f3, injekt\u00e1l\u00e1s<\/td><td class=\"has-text-align-right\" data-align=\"right\">110 m<sup>2<\/sup><\/td><\/tr><\/tbody><\/table><\/figure>\n","protected":false},"excerpt":{"rendered":"<p>1. Tej\u00fat Kft Keszt\u00f6lc 300 m2 2. Esztergom Rudinai 5. T\u00e1rsash\u00e1z 200 m2 3. Esztergom Pilisi Parkerd\u0151 csarnok 1.500 m2 4. Budapest Rg Nyrt Gy\u00f3gyszerbiztons\u00e1gi Labor 700 m2 5. Zoltek Zrt Sz\u00e1ll\u00f3 \u00e9p\u00fclet Nyerges\u00fajfalu 900 m2 6. Budapest Keresztel\u0151 Szt. J\u00e1nos Pl\u00e9b\u00e1nia 600 m2 7. Budapest Moha k\u00f6z T\u00e1rsash\u00e1z 500 m2 8. Budapest Templom k\u00f6z &hellip; <a href=\"https:\/\/szigbad.hu.webhost.v-comp.ch\/?page_id=298\" class=\"more-link\">Continue reading<span class=\"screen-reader-text\"> &#8220;2015. \u00e9vi referencialista&#8221;<\/span><\/a><\/p>\n","protected":false},"author":1,"featured_media":0,"parent":0,"menu_order":0,"comment_status":"closed","ping_status":"closed","template":"","meta":{"footnotes":""},"class_list":["post-298","page","type-page","status-publish","hentry"],"_links":{"self":[{"href":"https:\/\/szigbad.hu.webhost.v-comp.ch\/index.php?rest_route=\/wp\/v2\/pages\/298","targetHints":{"allow":["GET"]}}],"collection":[{"href":"https:\/\/szigbad.hu.webhost.v-comp.ch\/index.php?rest_route=\/wp\/v2\/pages"}],"about":[{"href":"https:\/\/szigbad.hu.webhost.v-comp.ch\/index.php?rest_route=\/wp\/v2\/types\/page"}],"author":[{"embeddable":true,"href":"https:\/\/szigbad.hu.webhost.v-comp.ch\/index.php?rest_route=\/wp\/v2\/users\/1"}],"replies":[{"embeddable":true,"href":"https:\/\/szigbad.hu.webhost.v-comp.ch\/index.php?rest_route=%2Fwp%2Fv2%2Fcomments&post=298"}],"version-history":[{"count":2,"href":"https:\/\/szigbad.hu.webhost.v-comp.ch\/index.php?rest_route=\/wp\/v2\/pages\/298\/revisions"}],"predecessor-version":[{"id":300,"href":"https:\/\/szigbad.hu.webhost.v-comp.ch\/index.php?rest_route=\/wp\/v2\/pages\/298\/revisions\/300"}],"wp:attachment":[{"href":"https:\/\/szigbad.hu.webhost.v-comp.ch\/index.php?rest_route=%2Fwp%2Fv2%2Fmedia&parent=298"}],"curies":[{"name":"wp","href":"https:\/\/api.w.org\/{rel}","templated":true}]}}