{"id":97,"date":"2022-03-10T00:12:40","date_gmt":"2022-03-09T23:12:40","guid":{"rendered":"https:\/\/szigbad.hu.webhost.v-comp.ch\/?page_id=97"},"modified":"2022-03-10T00:52:57","modified_gmt":"2022-03-09T23:52:57","slug":"bemutatkozas","status":"publish","type":"page","link":"https:\/\/szigbad.hu.webhost.v-comp.ch\/?page_id=97","title":{"rendered":"Bemutatkoz\u00e1s"},"content":{"rendered":"\n<p>A Balogh Szig-B\u00e1d Kft. 1992-ben alakult kezdetben Bet\u00e9ti T\u00e1rsas\u00e1g form\u00e1ban.<\/p>\n\n\n\n<p>A csal\u00e1di v\u00e1llalkoz\u00e1s tulajdonosai:<\/p>\n\n\n\n<ul class=\"wp-block-list\"><li>Balogh Lajos<\/li><li>Balogh Lajosn\u00e9<\/li><li>Balogh P\u00e9ter<\/li><\/ul>\n\n\n\n<p>A v\u00e1llalkoz\u00e1s megnevez\u00e9s\u00e9ben sz\u00fcks\u00e9gesnek tartottuk, hogy szerepeljen a tulajdonosok neve ezzel is \u00e9rz\u00e9keltetve, hogy az \u00e1ltalunk elv\u00e9gzett munk\u00e1khoz MI B\u00c1TRAN ADJUK A NEV\u00dcNKET.<br>A Szig-B\u00e1d sz\u00f3\u00f6sszet\u00e9tel pedig a f\u0151 tev\u00e9kenys\u00e9gi k\u00f6r\u00fcnkre utal: SZIGETEL\u0150-B\u00c1DOGOS<\/p>\n","protected":false},"excerpt":{"rendered":"<p>A Balogh Szig-B\u00e1d Kft. 1992-ben alakult kezdetben Bet\u00e9ti T\u00e1rsas\u00e1g form\u00e1ban. A csal\u00e1di v\u00e1llalkoz\u00e1s tulajdonosai: Balogh Lajos Balogh Lajosn\u00e9 Balogh P\u00e9ter A v\u00e1llalkoz\u00e1s megnevez\u00e9s\u00e9ben sz\u00fcks\u00e9gesnek tartottuk, hogy szerepeljen a tulajdonosok neve ezzel is \u00e9rz\u00e9keltetve, hogy az \u00e1ltalunk elv\u00e9gzett munk\u00e1khoz MI B\u00c1TRAN ADJUK A NEV\u00dcNKET.A Szig-B\u00e1d sz\u00f3\u00f6sszet\u00e9tel pedig a f\u0151 tev\u00e9kenys\u00e9gi k\u00f6r\u00fcnkre utal: SZIGETEL\u0150-B\u00c1DOGOS<\/p>\n","protected":false},"author":1,"featured_media":0,"parent":0,"menu_order":0,"comment_status":"closed","ping_status":"closed","template":"","meta":{"footnotes":""},"class_list":["post-97","page","type-page","status-publish","hentry"],"_links":{"self":[{"href":"https:\/\/szigbad.hu.webhost.v-comp.ch\/index.php?rest_route=\/wp\/v2\/pages\/97","targetHints":{"allow":["GET"]}}],"collection":[{"href":"https:\/\/szigbad.hu.webhost.v-comp.ch\/index.php?rest_route=\/wp\/v2\/pages"}],"about":[{"href":"https:\/\/szigbad.hu.webhost.v-comp.ch\/index.php?rest_route=\/wp\/v2\/types\/page"}],"author":[{"embeddable":true,"href":"https:\/\/szigbad.hu.webhost.v-comp.ch\/index.php?rest_route=\/wp\/v2\/users\/1"}],"replies":[{"embeddable":true,"href":"https:\/\/szigbad.hu.webhost.v-comp.ch\/index.php?rest_route=%2Fwp%2Fv2%2Fcomments&post=97"}],"version-history":[{"count":2,"href":"https:\/\/szigbad.hu.webhost.v-comp.ch\/index.php?rest_route=\/wp\/v2\/pages\/97\/revisions"}],"predecessor-version":[{"id":174,"href":"https:\/\/szigbad.hu.webhost.v-comp.ch\/index.php?rest_route=\/wp\/v2\/pages\/97\/revisions\/174"}],"wp:attachment":[{"href":"https:\/\/szigbad.hu.webhost.v-comp.ch\/index.php?rest_route=%2Fwp%2Fv2%2Fmedia&parent=97"}],"curies":[{"name":"wp","href":"https:\/\/api.w.org\/{rel}","templated":true}]}}